{"id":31,"date":"2025-03-28T16:10:30","date_gmt":"2025-03-28T19:10:30","guid":{"rendered":"https:\/\/innovacon.simplificandotuweb.com\/?page_id=31"},"modified":"2025-11-26T02:04:07","modified_gmt":"2025-11-26T01:04:07","slug":"politica-de-privacidad","status":"publish","type":"page","link":"https:\/\/citydesants.com\/en\/politica-de-privacidad\/","title":{"rendered":"Privacy Policy"},"content":{"rendered":"<div data-elementor-type=\"wp-page\" data-elementor-id=\"31\" class=\"elementor elementor-31\" data-elementor-post-type=\"page\">\n\t\t\t\t<div class=\"elementor-element elementor-element-0490f03 e-flex e-con-boxed e-con e-parent\" data-id=\"0490f03\" data-element_type=\"container\" data-settings=\"{&quot;background_background&quot;:&quot;classic&quot;}\">\n\t\t\t\t\t<div class=\"e-con-inner\">\n\t\t\t\t<div class=\"elementor-element elementor-element-231b87b elementor-widget elementor-widget-heading\" data-id=\"231b87b\" data-element_type=\"widget\" data-widget_type=\"heading.default\">\n\t\t\t\t<div class=\"elementor-widget-container\">\n\t\t\t\t\t<h1 class=\"elementor-heading-title elementor-size-default\">Privacy Policy<\/h1>\t\t\t\t<\/div>\n\t\t\t\t<\/div>\n\t\t\t\t\t<\/div>\n\t\t\t\t<\/div>\n\t\t<div class=\"elementor-element elementor-element-71830e2c e-flex e-con-boxed e-con e-parent\" data-id=\"71830e2c\" data-element_type=\"container\">\n\t\t\t\t\t<div class=\"e-con-inner\">\n\t\t\t\t<div class=\"elementor-element elementor-element-1dd2935f elementor-widget elementor-widget-text-editor\" data-id=\"1dd2935f\" data-element_type=\"widget\" data-widget_type=\"text-editor.default\">\n\t\t\t\t<div class=\"elementor-widget-container\">\n\t\t\t\t\t\t\t\t\t\n<p><strong>1.- INFORMATION TO THE USER<\/strong><\/p>\n\n<p>The website informs website users about its policy regarding the processing and protection of personal data of users and customers that may be requested when browsing its website.<\/p>\n\n<p>The website is responsible for the processing of the user&#039;s personal data, and therefore the following information is provided regarding the processing of your data:<\/p>\n\n<p><strong>Data retention criteria:<\/strong>\u00a0The personal data provided will be retained until the interested party requests its suspension, exercising their rights over the data, and in any case in compliance with the applicable legal limitation periods.<\/p>\n\n<p><strong>Rights of interested parties:<\/strong><\/p>\n\n<p>Right to withdraw your consent at any time.<br \/>The right to access, rectify, erase, and transfer your data, as well as to limit or oppose its processing, as well as to not be subject to automated individual decisions.<\/p>\n\n<p><strong>Contact information to exercise your rights:<\/strong><\/p>\n\n<p>You must properly identify yourself and clearly request the right to exercise.<\/p>\n\n<ul class=\"wp-block-list\">\n<li><strong>Company: <\/strong>JM CENTER, SL<\/li>\n\n<li><strong>NIF: <\/strong>B61251971<\/li>\n\n<li><strong>Responsible: <\/strong>Andrew<\/li>\n\n<li><strong>Home: <\/strong>Carrer de la Creu Coberta, 126,<\/li>\n\n<li><strong>CP and Population:<\/strong> 08014 Barcelona (Barcelona)<\/li>\n\n<li><strong>Phone: <\/strong>606757117<\/li>\n\n<li><strong>Mail: <\/strong><a href=\"mailto:jandresviner@gmail.com\" target=\"_blank\" rel=\"noreferrer noopener\">jandresviner@gmail.com<\/a><\/li>\n<\/ul>\n\n<p><strong>2.- INFORMATION PROVIDED BY THE USER<\/strong><\/p>\n\n<p>If you are under 18 years of age, you are not permitted to use forms on our website.<\/p>\n\n<p>By entering their data in the contact forms or submitting their information in download forms, Users expressly, freely, and unequivocally accept that their data is necessary for the Controller to process their request. The inclusion of data in the remaining fields is voluntary.<\/p>\n\n<p>The User guarantees that the personal data provided is true and is responsible for communicating any changes.<\/p>\n\n<p>All data requested through the website is necessary to provide the User with an optimal service. If all data is not provided, there is no guarantee that the information and services provided by the Controller will be fully tailored to their needs.<\/p>\n\n<p><strong>3.- SECURITY MEASURES<\/strong><\/p>\n\n<p>That in accordance with the provisions of current regulations on personal data protection, the Controller is complying with all provisions of the GDPR and LOPD regulations for the processing of personal data under its responsibility, which are processed lawfully, fairly, and transparently in relation to the data subject and are adequate, relevant, and limited to what is necessary in relation to the purposes for which they are processed.<\/p>\n\n<p>The Controller guarantees that it has implemented appropriate technical and organizational policies to apply the security measures established by the GDPR and the LOPD to protect the rights and freedoms of Users and has provided them with the appropriate information so they can exercise them.<\/p>\n\n<p><strong>4.- SECURITY BREACHES<\/strong><\/p>\n\n<p>The Controller will report any security breach affecting the database used by this website, or any of our third-party services, to each and every person, data of whom may have been affected, and to the authorities within 72 hours of detecting the breach.<\/p>\n\n<p><strong>APPLICABLE LEGISLATION AND JURISDICTION<\/strong><\/p>\n\n<p>For the resolution of all disputes or issues related to this website or the activities carried out hereon, Spanish law shall apply, to which the parties expressly submit. The Courts and Tribunals of Barcelona shall have jurisdiction to resolve all conflicts arising from or related to its use.<\/p>\n\t\t\t\t\t\t\t\t<\/div>\n\t\t\t\t<\/div>\n\t\t\t\t\t<\/div>\n\t\t\t\t<\/div>\n\t\t\t\t<\/div>","protected":false},"excerpt":{"rendered":"<p>1.- INFORMACI\u00d3N AL USUARIO El sitio web informa a los usuarios del sitio web sobre su pol\u00edtica respecto al tratamiento y protecci\u00f3n de los datos de car\u00e1cter personal de los usuarios y clientes que puedan ser solicitados por la navegaci\u00f3n a trav\u00e9s de su sitio web. El sitio web es el Responsable del tratamiento de [&hellip;]<\/p>","protected":false},"author":1,"featured_media":0,"parent":0,"menu_order":0,"comment_status":"closed","ping_status":"closed","template":"","meta":{"_acf_changed":false,"footnotes":""},"class_list":["post-31","page","type-page","status-publish","hentry"],"acf":[],"yoast_head":"<!-- This site is optimized with the Yoast SEO plugin v26.4 - https:\/\/yoast.com\/wordpress\/plugins\/seo\/ -->\n<title>Pol\u00edtica de Privacidad - CITY DE SANTS<\/title>\n<meta name=\"robots\" content=\"index, follow, max-snippet:-1, max-image-preview:large, max-video-preview:-1\" \/>\n<link rel=\"canonical\" href=\"https:\/\/citydesants.com\/en\/politica-de-privacidad\/\" \/>\n<meta property=\"og:locale\" content=\"en_GB\" \/>\n<meta property=\"og:type\" content=\"article\" \/>\n<meta property=\"og:title\" content=\"Pol\u00edtica de Privacidad - CITY DE SANTS\" \/>\n<meta property=\"og:description\" content=\"1.- INFORMACI\u00d3N AL USUARIO El sitio web informa a los usuarios del sitio web sobre su pol\u00edtica respecto al tratamiento y protecci\u00f3n de los datos de car\u00e1cter personal de los usuarios y clientes que puedan ser solicitados por la navegaci\u00f3n a trav\u00e9s de su sitio web. El sitio web es el Responsable del tratamiento de [&hellip;]\" \/>\n<meta property=\"og:url\" content=\"https:\/\/citydesants.com\/en\/politica-de-privacidad\/\" \/>\n<meta property=\"og:site_name\" content=\"CITY DE SANTS\" \/>\n<meta property=\"article:modified_time\" content=\"2025-11-26T01:04:07+00:00\" \/>\n<meta name=\"twitter:card\" content=\"summary_large_image\" \/>\n<meta name=\"twitter:label1\" content=\"Estimated reading time\" \/>\n\t<meta name=\"twitter:data1\" content=\"3 minutes\" \/>\n<script type=\"application\/ld+json\" class=\"yoast-schema-graph\">{\"@context\":\"https:\/\/schema.org\",\"@graph\":[{\"@type\":\"WebPage\",\"@id\":\"https:\/\/citydesants.com\/politica-de-privacidad\/\",\"url\":\"https:\/\/citydesants.com\/politica-de-privacidad\/\",\"name\":\"Pol\u00edtica de Privacidad - CITY DE SANTS\",\"isPartOf\":{\"@id\":\"https:\/\/citydesants.com\/#website\"},\"datePublished\":\"2025-03-28T19:10:30+00:00\",\"dateModified\":\"2025-11-26T01:04:07+00:00\",\"breadcrumb\":{\"@id\":\"https:\/\/citydesants.com\/politica-de-privacidad\/#breadcrumb\"},\"inLanguage\":\"en-GB\",\"potentialAction\":[{\"@type\":\"ReadAction\",\"target\":[\"https:\/\/citydesants.com\/politica-de-privacidad\/\"]}]},{\"@type\":\"BreadcrumbList\",\"@id\":\"https:\/\/citydesants.com\/politica-de-privacidad\/#breadcrumb\",\"itemListElement\":[{\"@type\":\"ListItem\",\"position\":1,\"name\":\"Portada\",\"item\":\"https:\/\/citydesants.com\/\"},{\"@type\":\"ListItem\",\"position\":2,\"name\":\"Pol\u00edtica de Privacidad\"}]},{\"@type\":\"WebSite\",\"@id\":\"https:\/\/citydesants.com\/#website\",\"url\":\"https:\/\/citydesants.com\/\",\"name\":\"CITY DE SANTS\",\"description\":\"Bar restaurante deportivo en el barrio de Sants\",\"publisher\":{\"@id\":\"https:\/\/citydesants.com\/#organization\"},\"potentialAction\":[{\"@type\":\"SearchAction\",\"target\":{\"@type\":\"EntryPoint\",\"urlTemplate\":\"https:\/\/citydesants.com\/?s={search_term_string}\"},\"query-input\":{\"@type\":\"PropertyValueSpecification\",\"valueRequired\":true,\"valueName\":\"search_term_string\"}}],\"inLanguage\":\"en-GB\"},{\"@type\":\"Organization\",\"@id\":\"https:\/\/citydesants.com\/#organization\",\"name\":\"CITY DE SANTS\",\"url\":\"https:\/\/citydesants.com\/\",\"logo\":{\"@type\":\"ImageObject\",\"inLanguage\":\"en-GB\",\"@id\":\"https:\/\/citydesants.com\/#\/schema\/logo\/image\/\",\"url\":\"https:\/\/citydesants.com\/wp-content\/uploads\/2025\/05\/Logo-horizontal-5.webp\",\"contentUrl\":\"https:\/\/citydesants.com\/wp-content\/uploads\/2025\/05\/Logo-horizontal-5.webp\",\"width\":326,\"height\":125,\"caption\":\"CITY DE SANTS\"},\"image\":{\"@id\":\"https:\/\/citydesants.com\/#\/schema\/logo\/image\/\"}}]}<\/script>\n<!-- \/ Yoast SEO plugin. -->","yoast_head_json":{"title":"Pol\u00edtica de Privacidad - CITY DE SANTS","robots":{"index":"index","follow":"follow","max-snippet":"max-snippet:-1","max-image-preview":"max-image-preview:large","max-video-preview":"max-video-preview:-1"},"canonical":"https:\/\/citydesants.com\/en\/politica-de-privacidad\/","og_locale":"en_GB","og_type":"article","og_title":"Pol\u00edtica de Privacidad - CITY DE SANTS","og_description":"1.- INFORMACI\u00d3N AL USUARIO El sitio web informa a los usuarios del sitio web sobre su pol\u00edtica respecto al tratamiento y protecci\u00f3n de los datos de car\u00e1cter personal de los usuarios y clientes que puedan ser solicitados por la navegaci\u00f3n a trav\u00e9s de su sitio web. El sitio web es el Responsable del tratamiento de [&hellip;]","og_url":"https:\/\/citydesants.com\/en\/politica-de-privacidad\/","og_site_name":"CITY DE SANTS","article_modified_time":"2025-11-26T01:04:07+00:00","twitter_card":"summary_large_image","twitter_misc":{"Estimated reading time":"3 minutes"},"schema":{"@context":"https:\/\/schema.org","@graph":[{"@type":"WebPage","@id":"https:\/\/citydesants.com\/politica-de-privacidad\/","url":"https:\/\/citydesants.com\/politica-de-privacidad\/","name":"Pol\u00edtica de Privacidad - CITY DE SANTS","isPartOf":{"@id":"https:\/\/citydesants.com\/#website"},"datePublished":"2025-03-28T19:10:30+00:00","dateModified":"2025-11-26T01:04:07+00:00","breadcrumb":{"@id":"https:\/\/citydesants.com\/politica-de-privacidad\/#breadcrumb"},"inLanguage":"en-GB","potentialAction":[{"@type":"ReadAction","target":["https:\/\/citydesants.com\/politica-de-privacidad\/"]}]},{"@type":"BreadcrumbList","@id":"https:\/\/citydesants.com\/politica-de-privacidad\/#breadcrumb","itemListElement":[{"@type":"ListItem","position":1,"name":"Portada","item":"https:\/\/citydesants.com\/"},{"@type":"ListItem","position":2,"name":"Pol\u00edtica de Privacidad"}]},{"@type":"WebSite","@id":"https:\/\/citydesants.com\/#website","url":"https:\/\/citydesants.com\/","name":"CITY OF SANTS","description":"Sports bar and restaurant in the Sants neighborhood","publisher":{"@id":"https:\/\/citydesants.com\/#organization"},"potentialAction":[{"@type":"SearchAction","target":{"@type":"EntryPoint","urlTemplate":"https:\/\/citydesants.com\/?s={search_term_string}"},"query-input":{"@type":"PropertyValueSpecification","valueRequired":true,"valueName":"search_term_string"}}],"inLanguage":"en-GB"},{"@type":"Organization","@id":"https:\/\/citydesants.com\/#organization","name":"CITY OF SANTS","url":"https:\/\/citydesants.com\/","logo":{"@type":"ImageObject","inLanguage":"en-GB","@id":"https:\/\/citydesants.com\/#\/schema\/logo\/image\/","url":"https:\/\/citydesants.com\/wp-content\/uploads\/2025\/05\/Logo-horizontal-5.webp","contentUrl":"https:\/\/citydesants.com\/wp-content\/uploads\/2025\/05\/Logo-horizontal-5.webp","width":326,"height":125,"caption":"CITY DE SANTS"},"image":{"@id":"https:\/\/citydesants.com\/#\/schema\/logo\/image\/"}}]}},"_links":{"self":[{"href":"https:\/\/citydesants.com\/en\/wp-json\/wp\/v2\/pages\/31","targetHints":{"allow":["GET"]}}],"collection":[{"href":"https:\/\/citydesants.com\/en\/wp-json\/wp\/v2\/pages"}],"about":[{"href":"https:\/\/citydesants.com\/en\/wp-json\/wp\/v2\/types\/page"}],"author":[{"embeddable":true,"href":"https:\/\/citydesants.com\/en\/wp-json\/wp\/v2\/users\/1"}],"replies":[{"embeddable":true,"href":"https:\/\/citydesants.com\/en\/wp-json\/wp\/v2\/comments?post=31"}],"version-history":[{"count":7,"href":"https:\/\/citydesants.com\/en\/wp-json\/wp\/v2\/pages\/31\/revisions"}],"predecessor-version":[{"id":1977,"href":"https:\/\/citydesants.com\/en\/wp-json\/wp\/v2\/pages\/31\/revisions\/1977"}],"wp:attachment":[{"href":"https:\/\/citydesants.com\/en\/wp-json\/wp\/v2\/media?parent=31"}],"curies":[{"name":"wp","href":"https:\/\/api.w.org\/{rel}","templated":true}]}}