{"id":21,"date":"2025-03-28T16:06:23","date_gmt":"2025-03-28T19:06:23","guid":{"rendered":"https:\/\/innovacon.simplificandotuweb.com\/?page_id=21"},"modified":"2025-11-26T02:03:43","modified_gmt":"2025-11-26T01:03:43","slug":"declaracion-de-accesibilidad","status":"publish","type":"page","link":"https:\/\/citydesants.com\/en\/declaracion-de-accesibilidad\/","title":{"rendered":"Accessibility Statement"},"content":{"rendered":"<div data-elementor-type=\"wp-page\" data-elementor-id=\"21\" class=\"elementor elementor-21\" data-elementor-post-type=\"page\">\n\t\t\t\t<div class=\"elementor-element elementor-element-3a7ceb9 e-flex e-con-boxed e-con e-parent\" data-id=\"3a7ceb9\" data-element_type=\"container\" data-settings=\"{&quot;background_background&quot;:&quot;classic&quot;}\">\n\t\t\t\t\t<div class=\"e-con-inner\">\n\t\t\t\t<div class=\"elementor-element elementor-element-ae6a5c3 elementor-widget elementor-widget-heading\" data-id=\"ae6a5c3\" data-element_type=\"widget\" data-widget_type=\"heading.default\">\n\t\t\t\t<div class=\"elementor-widget-container\">\n\t\t\t\t\t<h1 class=\"elementor-heading-title elementor-size-default\">Accessibility Statement<\/h1>\t\t\t\t<\/div>\n\t\t\t\t<\/div>\n\t\t\t\t\t<\/div>\n\t\t\t\t<\/div>\n\t\t<div class=\"elementor-element elementor-element-7df694c5 e-flex e-con-boxed e-con e-parent\" data-id=\"7df694c5\" data-element_type=\"container\">\n\t\t\t\t\t<div class=\"e-con-inner\">\n\t\t\t\t<div class=\"elementor-element elementor-element-44d92a91 elementor-widget elementor-widget-text-editor\" data-id=\"44d92a91\" data-element_type=\"widget\" data-widget_type=\"text-editor.default\">\n\t\t\t\t<div class=\"elementor-widget-container\">\n\t\t\t\t\t\t\t\t\t\n<p><strong>JM CENTER, SL<\/strong> has committed to making its website accessible, in accordance with Royal Decree 1112\/2018, of September 7, on the accessibility of public sector websites and mobile applications. This accessibility statement applies to this website.<\/p>\n\n<p><strong>Compliance status<\/strong><\/p>\n\n<p>This website is developed according to RD 1112\/2018<\/p>\n\n<p><strong>Preparing for the next accessibility statement<\/strong><\/p>\n\n<p>This statement was prepared on April 20, 2023. The method used to prepare the statement was a self-assessment.<\/p>\n\n<p><strong>Comments and contact information<\/strong><\/p>\n\n<p>You can make communications about accessibility requirements (article 10.2.a of RD 1112\/2018) such as:<\/p>\n\n<ul class=\"wp-block-list\">\n<li>Report any potential non-compliance by this website<\/li>\n\n<li>Transmit other difficulties in accessing the content<\/li>\n\n<li>Make any other query or suggestion for improvement regarding the accessibility of the website through the contact form on this website or through the telephone number\u00a0<\/li>\n<\/ul>\n\n<p>You may present:<\/p>\n\n<ul class=\"wp-block-list\">\n<li>Complaint regarding compliance with the requirements of RD 1112\/2018<\/li>\n\n<li>Request for accessible information regarding:\n<ul class=\"wp-block-list\">\n<li>Contents that are excluded from the scope of RD 1112\/2018 according to the provisions of article 3, section 4<\/li>\n\n<li>Content that is exempt from compliance with accessibility requirements for imposing a disproportionate burden<\/li>\n\n<li>In the Request for Accessible Information, the facts, reasons, and the request must be clearly stated to demonstrate that it is a reasonable and legitimate request.<\/li>\n<\/ul>\n<\/li>\n<\/ul>\n\n<p>Complaints and claims regarding accessible information will be made through the electronic headquarters (<strong><a href=\"https:\/\/sede.red.gob.es\/procedimientos\/quejas-y-sugerencias\">https:\/\/sede.red.gob.es\/procedimientos\/quejas-y-sugerencias<\/a><\/strong>), and will be received and processed by the Information Systems area of Red.es.<\/p>\n\n<p><strong>Optional content<\/strong><\/p>\n\n<ul class=\"wp-block-list\">\n<li>To change the font size in major graphical browsers, use the following menus:<\/li>\n\n<li>Safari: View &gt; Make Text Larger<\/li>\n\n<li>Chrome: Control the current page &gt; Text size<\/li>\n<\/ul>\n\n<p>To change the size of everything on the page:<\/p>\n\n<ul class=\"wp-block-list\">\n<li>Ctrl++ to increase it<\/li>\n\n<li>Ctrl + \u2013 to decrease it<\/li>\n\n<li>Ctrl + 0 restores the original text size<\/li>\n\n<li>If you want to override the style sheet or change the color of the text, you can consult the WAI&#039;s How to Change Text Size or Colors page, which can be read translated into Spanish at How to change text size or colors?<\/li>\n<\/ul>\n\t\t\t\t\t\t\t\t<\/div>\n\t\t\t\t<\/div>\n\t\t\t\t\t<\/div>\n\t\t\t\t<\/div>\n\t\t\t\t<\/div>","protected":false},"excerpt":{"rendered":"<p>JM CENTER, SL se ha comprometido a hacer accesible su sitio web, conforme al Real Decreto 1112\/2018, de 7 de septiembre, sobre accesibilidad de los sitios web y aplicaciones para dispositivos m\u00f3viles del sector p\u00fablico. Esta declaraci\u00f3n de accesibilidad se aplica a esta web. Situaci\u00f3n de cumplimiento Este sitio web est\u00e1 desarrollado seg\u00fan el RD [&hellip;]<\/p>","protected":false},"author":1,"featured_media":0,"parent":0,"menu_order":0,"comment_status":"closed","ping_status":"closed","template":"","meta":{"_acf_changed":false,"footnotes":""},"class_list":["post-21","page","type-page","status-publish","hentry"],"acf":[],"yoast_head":"<!-- This site is optimized with the Yoast SEO plugin v26.4 - https:\/\/yoast.com\/wordpress\/plugins\/seo\/ -->\n<title>Declaraci\u00f3n de Accesibilidad - CITY DE SANTS<\/title>\n<meta name=\"robots\" content=\"index, follow, max-snippet:-1, max-image-preview:large, max-video-preview:-1\" \/>\n<link rel=\"canonical\" href=\"https:\/\/citydesants.com\/en\/declaracion-de-accesibilidad\/\" \/>\n<meta property=\"og:locale\" content=\"en_GB\" \/>\n<meta property=\"og:type\" content=\"article\" \/>\n<meta property=\"og:title\" content=\"Declaraci\u00f3n de Accesibilidad - CITY DE SANTS\" \/>\n<meta property=\"og:description\" content=\"JM CENTER, SL se ha comprometido a hacer accesible su sitio web, conforme al Real Decreto 1112\/2018, de 7 de septiembre, sobre accesibilidad de los sitios web y aplicaciones para dispositivos m\u00f3viles del sector p\u00fablico. Esta declaraci\u00f3n de accesibilidad se aplica a esta web. Situaci\u00f3n de cumplimiento Este sitio web est\u00e1 desarrollado seg\u00fan el RD [&hellip;]\" \/>\n<meta property=\"og:url\" content=\"https:\/\/citydesants.com\/en\/declaracion-de-accesibilidad\/\" \/>\n<meta property=\"og:site_name\" content=\"CITY DE SANTS\" \/>\n<meta property=\"article:modified_time\" content=\"2025-11-26T01:03:43+00:00\" \/>\n<meta name=\"twitter:card\" content=\"summary_large_image\" \/>\n<meta name=\"twitter:label1\" content=\"Estimated reading time\" \/>\n\t<meta name=\"twitter:data1\" content=\"2 minutes\" \/>\n<script type=\"application\/ld+json\" class=\"yoast-schema-graph\">{\"@context\":\"https:\/\/schema.org\",\"@graph\":[{\"@type\":\"WebPage\",\"@id\":\"https:\/\/citydesants.com\/declaracion-de-accesibilidad\/\",\"url\":\"https:\/\/citydesants.com\/declaracion-de-accesibilidad\/\",\"name\":\"Declaraci\u00f3n de Accesibilidad - CITY DE SANTS\",\"isPartOf\":{\"@id\":\"https:\/\/citydesants.com\/#website\"},\"datePublished\":\"2025-03-28T19:06:23+00:00\",\"dateModified\":\"2025-11-26T01:03:43+00:00\",\"breadcrumb\":{\"@id\":\"https:\/\/citydesants.com\/declaracion-de-accesibilidad\/#breadcrumb\"},\"inLanguage\":\"en-GB\",\"potentialAction\":[{\"@type\":\"ReadAction\",\"target\":[\"https:\/\/citydesants.com\/declaracion-de-accesibilidad\/\"]}]},{\"@type\":\"BreadcrumbList\",\"@id\":\"https:\/\/citydesants.com\/declaracion-de-accesibilidad\/#breadcrumb\",\"itemListElement\":[{\"@type\":\"ListItem\",\"position\":1,\"name\":\"Portada\",\"item\":\"https:\/\/citydesants.com\/\"},{\"@type\":\"ListItem\",\"position\":2,\"name\":\"Declaraci\u00f3n de Accesibilidad\"}]},{\"@type\":\"WebSite\",\"@id\":\"https:\/\/citydesants.com\/#website\",\"url\":\"https:\/\/citydesants.com\/\",\"name\":\"CITY DE SANTS\",\"description\":\"Bar restaurante deportivo en el barrio de Sants\",\"publisher\":{\"@id\":\"https:\/\/citydesants.com\/#organization\"},\"potentialAction\":[{\"@type\":\"SearchAction\",\"target\":{\"@type\":\"EntryPoint\",\"urlTemplate\":\"https:\/\/citydesants.com\/?s={search_term_string}\"},\"query-input\":{\"@type\":\"PropertyValueSpecification\",\"valueRequired\":true,\"valueName\":\"search_term_string\"}}],\"inLanguage\":\"en-GB\"},{\"@type\":\"Organization\",\"@id\":\"https:\/\/citydesants.com\/#organization\",\"name\":\"CITY DE SANTS\",\"url\":\"https:\/\/citydesants.com\/\",\"logo\":{\"@type\":\"ImageObject\",\"inLanguage\":\"en-GB\",\"@id\":\"https:\/\/citydesants.com\/#\/schema\/logo\/image\/\",\"url\":\"https:\/\/citydesants.com\/wp-content\/uploads\/2025\/05\/Logo-horizontal-5.webp\",\"contentUrl\":\"https:\/\/citydesants.com\/wp-content\/uploads\/2025\/05\/Logo-horizontal-5.webp\",\"width\":326,\"height\":125,\"caption\":\"CITY DE SANTS\"},\"image\":{\"@id\":\"https:\/\/citydesants.com\/#\/schema\/logo\/image\/\"}}]}<\/script>\n<!-- \/ Yoast SEO plugin. -->","yoast_head_json":{"title":"Declaraci\u00f3n de Accesibilidad - CITY DE SANTS","robots":{"index":"index","follow":"follow","max-snippet":"max-snippet:-1","max-image-preview":"max-image-preview:large","max-video-preview":"max-video-preview:-1"},"canonical":"https:\/\/citydesants.com\/en\/declaracion-de-accesibilidad\/","og_locale":"en_GB","og_type":"article","og_title":"Declaraci\u00f3n de Accesibilidad - CITY DE SANTS","og_description":"JM CENTER, SL se ha comprometido a hacer accesible su sitio web, conforme al Real Decreto 1112\/2018, de 7 de septiembre, sobre accesibilidad de los sitios web y aplicaciones para dispositivos m\u00f3viles del sector p\u00fablico. Esta declaraci\u00f3n de accesibilidad se aplica a esta web. Situaci\u00f3n de cumplimiento Este sitio web est\u00e1 desarrollado seg\u00fan el RD [&hellip;]","og_url":"https:\/\/citydesants.com\/en\/declaracion-de-accesibilidad\/","og_site_name":"CITY DE SANTS","article_modified_time":"2025-11-26T01:03:43+00:00","twitter_card":"summary_large_image","twitter_misc":{"Estimated reading time":"2 minutes"},"schema":{"@context":"https:\/\/schema.org","@graph":[{"@type":"WebPage","@id":"https:\/\/citydesants.com\/declaracion-de-accesibilidad\/","url":"https:\/\/citydesants.com\/declaracion-de-accesibilidad\/","name":"Declaraci\u00f3n de Accesibilidad - CITY DE SANTS","isPartOf":{"@id":"https:\/\/citydesants.com\/#website"},"datePublished":"2025-03-28T19:06:23+00:00","dateModified":"2025-11-26T01:03:43+00:00","breadcrumb":{"@id":"https:\/\/citydesants.com\/declaracion-de-accesibilidad\/#breadcrumb"},"inLanguage":"en-GB","potentialAction":[{"@type":"ReadAction","target":["https:\/\/citydesants.com\/declaracion-de-accesibilidad\/"]}]},{"@type":"BreadcrumbList","@id":"https:\/\/citydesants.com\/declaracion-de-accesibilidad\/#breadcrumb","itemListElement":[{"@type":"ListItem","position":1,"name":"Portada","item":"https:\/\/citydesants.com\/"},{"@type":"ListItem","position":2,"name":"Declaraci\u00f3n de Accesibilidad"}]},{"@type":"WebSite","@id":"https:\/\/citydesants.com\/#website","url":"https:\/\/citydesants.com\/","name":"CITY OF SANTS","description":"Sports bar and restaurant in the Sants neighborhood","publisher":{"@id":"https:\/\/citydesants.com\/#organization"},"potentialAction":[{"@type":"SearchAction","target":{"@type":"EntryPoint","urlTemplate":"https:\/\/citydesants.com\/?s={search_term_string}"},"query-input":{"@type":"PropertyValueSpecification","valueRequired":true,"valueName":"search_term_string"}}],"inLanguage":"en-GB"},{"@type":"Organization","@id":"https:\/\/citydesants.com\/#organization","name":"CITY OF SANTS","url":"https:\/\/citydesants.com\/","logo":{"@type":"ImageObject","inLanguage":"en-GB","@id":"https:\/\/citydesants.com\/#\/schema\/logo\/image\/","url":"https:\/\/citydesants.com\/wp-content\/uploads\/2025\/05\/Logo-horizontal-5.webp","contentUrl":"https:\/\/citydesants.com\/wp-content\/uploads\/2025\/05\/Logo-horizontal-5.webp","width":326,"height":125,"caption":"CITY DE SANTS"},"image":{"@id":"https:\/\/citydesants.com\/#\/schema\/logo\/image\/"}}]}},"_links":{"self":[{"href":"https:\/\/citydesants.com\/en\/wp-json\/wp\/v2\/pages\/21","targetHints":{"allow":["GET"]}}],"collection":[{"href":"https:\/\/citydesants.com\/en\/wp-json\/wp\/v2\/pages"}],"about":[{"href":"https:\/\/citydesants.com\/en\/wp-json\/wp\/v2\/types\/page"}],"author":[{"embeddable":true,"href":"https:\/\/citydesants.com\/en\/wp-json\/wp\/v2\/users\/1"}],"replies":[{"embeddable":true,"href":"https:\/\/citydesants.com\/en\/wp-json\/wp\/v2\/comments?post=21"}],"version-history":[{"count":7,"href":"https:\/\/citydesants.com\/en\/wp-json\/wp\/v2\/pages\/21\/revisions"}],"predecessor-version":[{"id":1974,"href":"https:\/\/citydesants.com\/en\/wp-json\/wp\/v2\/pages\/21\/revisions\/1974"}],"wp:attachment":[{"href":"https:\/\/citydesants.com\/en\/wp-json\/wp\/v2\/media?parent=21"}],"curies":[{"name":"wp","href":"https:\/\/api.w.org\/{rel}","templated":true}]}}