{"id":2016,"date":"2026-01-19T11:06:40","date_gmt":"2026-01-19T10:06:40","guid":{"rendered":"https:\/\/citydesants.com\/?page_id=2016"},"modified":"2026-01-19T11:07:54","modified_gmt":"2026-01-19T10:07:54","slug":"crepes-y-gofres-en-sants","status":"publish","type":"page","link":"https:\/\/citydesants.com\/en\/crepes-y-gofres-en-sants\/","title":{"rendered":"Crepes and waffles in Sants"},"content":{"rendered":"<div data-elementor-type=\"wp-page\" data-elementor-id=\"2016\" class=\"elementor elementor-2016\" data-elementor-post-type=\"page\">\n\t\t\t\t<div class=\"elementor-element elementor-element-011a74e e-flex e-con-boxed e-con e-parent\" data-id=\"011a74e\" data-element_type=\"container\" data-settings=\"{&quot;background_background&quot;:&quot;classic&quot;}\">\n\t\t\t\t\t<div class=\"e-con-inner\">\n\t\t\t\t<div class=\"elementor-element elementor-element-32559de elementor-widget elementor-widget-heading\" data-id=\"32559de\" data-element_type=\"widget\" data-widget_type=\"heading.default\">\n\t\t\t\t<div class=\"elementor-widget-container\">\n\t\t\t\t\t<h1 class=\"elementor-heading-title elementor-size-default\">Crepes and waffles in Sants<\/h1>\t\t\t\t<\/div>\n\t\t\t\t<\/div>\n\t\t\t\t\t<\/div>\n\t\t\t\t<\/div>\n\t\t<div class=\"elementor-element elementor-element-74a99e7 e-con-full e-flex e-con e-parent\" data-id=\"74a99e7\" data-element_type=\"container\">\n\t\t\t\t<div class=\"elementor-element elementor-element-2f664e4 elementor-widget elementor-widget-image\" data-id=\"2f664e4\" data-element_type=\"widget\" data-widget_type=\"image.default\">\n\t\t\t\t<div class=\"elementor-widget-container\">\n\t\t\t\t\t\t\t\t\t\t\t\t\t\t\t<img fetchpriority=\"high\" decoding=\"async\" width=\"2040\" height=\"78\" src=\"https:\/\/citydesants.com\/wp-content\/uploads\/2025\/05\/resta-img23.png\" class=\"attachment-full size-full wp-image-77\" alt=\"\" srcset=\"https:\/\/citydesants.com\/wp-content\/uploads\/2025\/05\/resta-img23.png 2040w, https:\/\/citydesants.com\/wp-content\/uploads\/2025\/05\/resta-img23-300x11.png 300w, https:\/\/citydesants.com\/wp-content\/uploads\/2025\/05\/resta-img23-1024x39.png 1024w, https:\/\/citydesants.com\/wp-content\/uploads\/2025\/05\/resta-img23-768x29.png 768w, https:\/\/citydesants.com\/wp-content\/uploads\/2025\/05\/resta-img23-1536x59.png 1536w, https:\/\/citydesants.com\/wp-content\/uploads\/2025\/05\/resta-img23-600x23.png 600w\" sizes=\"(max-width: 2040px) 100vw, 2040px\" \/>\t\t\t\t\t\t\t\t\t\t\t\t\t\t\t<\/div>\n\t\t\t\t<\/div>\n\t\t\t\t<\/div>\n\t\t<div class=\"elementor-element elementor-element-610d161 e-flex e-con-boxed e-con e-parent\" data-id=\"610d161\" data-element_type=\"container\">\n\t\t\t\t\t<div class=\"e-con-inner\">\n\t\t<div class=\"elementor-element elementor-element-72bb26e e-con-full e-flex e-con e-child\" data-id=\"72bb26e\" data-element_type=\"container\">\n\t\t\t\t<div class=\"elementor-element elementor-element-f91a0fe elementor-widget elementor-widget-text-editor\" data-id=\"f91a0fe\" data-element_type=\"widget\" data-widget_type=\"text-editor.default\">\n\t\t\t\t<div class=\"elementor-widget-container\">\n\t\t\t\t\t\t\t\t\t<h4 data-start=\"337\" data-end=\"410\">Discover the best <strong data-start=\"345\" data-end=\"373\">Crepes and waffles in Sants<\/strong><\/h4><p style=\"text-align: justify;\" data-start=\"412\" data-end=\"748\">Located in the heart of the Sants neighborhood, our restaurant has become a favorite destination for those looking to enjoy authentic <strong data-start=\"515\" data-end=\"543\">Crepes and waffles in Sants<\/strong>. With a perfect blend of tradition and creativity, we offer a culinary experience that delights both young and old. All our crepes and waffles are made to order with fresh, high-quality ingredients, ensuring irresistible flavors and perfect textures in every bite. We also take care of every detail, from preparation to presentation, to make each visit memorable. Our space is welcoming, modern, and full of life, ideal for enjoying with family, friends, or even for a sweet break during your day. If you&#039;re looking for a place where culinary creativity meets the warmth of the neighborhood, our shop is the perfect choice. <strong data-start=\"1202\" data-end=\"1230\">Crepes and waffles in Sants<\/strong> It&#039;s the perfect choice.<\/p>\t\t\t\t\t\t\t\t<\/div>\n\t\t\t\t<\/div>\n\t\t\t\t<\/div>\n\t\t<div class=\"elementor-element elementor-element-2791a86 e-con-full e-flex e-con e-child\" data-id=\"2791a86\" data-element_type=\"container\">\n\t\t\t\t<div class=\"elementor-element elementor-element-bbc7deb elementor-widget elementor-widget-image\" data-id=\"bbc7deb\" data-element_type=\"widget\" data-widget_type=\"image.default\">\n\t\t\t\t<div class=\"elementor-widget-container\">\n\t\t\t\t\t\t\t\t\t\t\t\t\t\t\t<img decoding=\"async\" width=\"800\" height=\"566\" src=\"https:\/\/citydesants.com\/wp-content\/uploads\/2025\/10\/crepes-y-gofres-barcelona-2-1024x724.png\" class=\"attachment-large size-large wp-image-1906\" alt=\"\" srcset=\"https:\/\/citydesants.com\/wp-content\/uploads\/2025\/10\/crepes-y-gofres-barcelona-2-1024x724.png 1024w, https:\/\/citydesants.com\/wp-content\/uploads\/2025\/10\/crepes-y-gofres-barcelona-2-300x212.png 300w, https:\/\/citydesants.com\/wp-content\/uploads\/2025\/10\/crepes-y-gofres-barcelona-2-768x543.png 768w, https:\/\/citydesants.com\/wp-content\/uploads\/2025\/10\/crepes-y-gofres-barcelona-2-1536x1086.png 1536w, https:\/\/citydesants.com\/wp-content\/uploads\/2025\/10\/crepes-y-gofres-barcelona-2-18x12.png 18w, https:\/\/citydesants.com\/wp-content\/uploads\/2025\/10\/crepes-y-gofres-barcelona-2.png 2000w\" sizes=\"(max-width: 800px) 100vw, 800px\" \/>\t\t\t\t\t\t\t\t\t\t\t\t\t\t\t<\/div>\n\t\t\t\t<\/div>\n\t\t\t\t<\/div>\n\t\t\t\t\t<\/div>\n\t\t\t\t<\/div>\n\t\t<div class=\"elementor-element elementor-element-3876b4d e-flex e-con-boxed e-con e-parent\" data-id=\"3876b4d\" data-element_type=\"container\">\n\t\t\t\t\t<div class=\"e-con-inner\">\n\t\t<div class=\"elementor-element elementor-element-d5ca979 e-con-full e-flex e-con e-child\" data-id=\"d5ca979\" data-element_type=\"container\">\n\t\t\t\t<div class=\"elementor-element elementor-element-aa10784 elementor-widget elementor-widget-image\" data-id=\"aa10784\" data-element_type=\"widget\" data-widget_type=\"image.default\">\n\t\t\t\t<div class=\"elementor-widget-container\">\n\t\t\t\t\t\t\t\t\t\t\t\t\t\t\t<img decoding=\"async\" width=\"800\" height=\"566\" src=\"https:\/\/citydesants.com\/wp-content\/uploads\/2025\/10\/crepes-y-gofres-barcelona-4-1024x724.png\" class=\"attachment-large size-large wp-image-1921\" alt=\"crepes-y-gofres-barcelona-4.png\" srcset=\"https:\/\/citydesants.com\/wp-content\/uploads\/2025\/10\/crepes-y-gofres-barcelona-4-1024x724.png 1024w, https:\/\/citydesants.com\/wp-content\/uploads\/2025\/10\/crepes-y-gofres-barcelona-4-300x212.png 300w, https:\/\/citydesants.com\/wp-content\/uploads\/2025\/10\/crepes-y-gofres-barcelona-4-768x543.png 768w, https:\/\/citydesants.com\/wp-content\/uploads\/2025\/10\/crepes-y-gofres-barcelona-4-1536x1086.png 1536w, https:\/\/citydesants.com\/wp-content\/uploads\/2025\/10\/crepes-y-gofres-barcelona-4-18x12.png 18w, https:\/\/citydesants.com\/wp-content\/uploads\/2025\/10\/crepes-y-gofres-barcelona-4.png 2000w\" sizes=\"(max-width: 800px) 100vw, 800px\" \/>\t\t\t\t\t\t\t\t\t\t\t\t\t\t\t<\/div>\n\t\t\t\t<\/div>\n\t\t\t\t<\/div>\n\t\t<div class=\"elementor-element elementor-element-f93afa2 e-con-full e-flex e-con e-child\" data-id=\"f93afa2\" data-element_type=\"container\">\n\t\t\t\t<div class=\"elementor-element elementor-element-c086348 elementor-widget elementor-widget-text-editor\" data-id=\"c086348\" data-element_type=\"widget\" data-widget_type=\"text-editor.default\">\n\t\t\t\t<div class=\"elementor-widget-container\">\n\t\t\t\t\t\t\t\t\t<h4 data-start=\"1150\" data-end=\"1217\">Variety and quality in our <strong data-start=\"1291\" data-end=\"1319\">Crepes and waffles in Sants<\/strong><\/h4><p data-start=\"1219\" data-end=\"1446\">In our shop, those with a sweet tooth can enjoy a wide variety of <strong data-start=\"1404\" data-end=\"1432\">Crepes and waffles in Sants<\/strong>, Designed to satisfy all tastes. From classic crepes with chocolate, nuts, or fresh fruit, to savory crepes combining gourmet ingredients; and crispy and soft waffles with original or traditional toppings. We also offer options adapted to special diets, such as gluten-free crepes and waffles or those with vegan ingredients, so that no one misses out on our delicious offerings. Each dish is accompanied by hot drinks, natural juices, and quality coffees, creating a complete and delightful experience. Our goal is that every visit to our restaurant... <strong data-start=\"2036\" data-end=\"2064\">Crepes and waffles in Sants<\/strong> Let it be a moment to enjoy, share and discover new flavors in a unique atmosphere.<\/p>\t\t\t\t\t\t\t\t<\/div>\n\t\t\t\t<\/div>\n\t\t\t\t<\/div>\n\t\t\t\t\t<\/div>\n\t\t\t\t<\/div>\n\t\t<div class=\"elementor-element elementor-element-92ad897 e-flex e-con-boxed e-con e-parent\" data-id=\"92ad897\" data-element_type=\"container\">\n\t\t\t\t\t<div class=\"e-con-inner\">\n\t\t\t\t<div class=\"elementor-element elementor-element-2df2f3b elementor-widget elementor-widget-text-editor\" data-id=\"2df2f3b\" data-element_type=\"widget\" data-widget_type=\"text-editor.default\">\n\t\t\t\t<div class=\"elementor-widget-container\">\n\t\t\t\t\t\t\t\t\t<h3 data-start=\"173\" data-end=\"234\">A special place to enjoy <strong data-start=\"2196\" data-end=\"2224\">Crepes and waffles in Sants<\/strong><\/h3><p data-start=\"236\" data-end=\"857\">Our premises <strong data-start=\"2243\" data-end=\"2271\">Crepes and waffles in Sants<\/strong> It&#039;s not just a place to eat; it&#039;s a space where every visit becomes a sweet and welcoming experience. With a warm atmosphere and decor designed to make our customers feel at home, it&#039;s perfect for family gatherings, get-togethers with friends, or relaxing moments while enjoying your favorite crepes or waffles. Its strategic location in Sants makes it a landmark for locals and visitors alike who seek quality, flavor, and friendly service. Come and discover why our restaurant... <strong data-start=\"2791\" data-end=\"2819\">Crepes and waffles in Sants<\/strong> It has earned the trust and preference of the community, always offering a sweet and delicious experience that makes you want to come back again and again.<\/p>\t\t\t\t\t\t\t\t<\/div>\n\t\t\t\t<\/div>\n\t\t\t\t\t<\/div>\n\t\t\t\t<\/div>\n\t\t<div class=\"elementor-element elementor-element-7d31b79 e-flex e-con-boxed e-con e-parent\" data-id=\"7d31b79\" data-element_type=\"container\">\n\t\t\t\t\t<div class=\"e-con-inner\">\n\t\t<div class=\"elementor-element elementor-element-fa3a531 e-con-full e-flex e-con e-child\" data-id=\"fa3a531\" data-element_type=\"container\" data-settings=\"{&quot;background_background&quot;:&quot;classic&quot;}\">\n\t\t\t\t<div class=\"elementor-element elementor-element-a01a5aa elementor-widget elementor-widget-heading\" data-id=\"a01a5aa\" data-element_type=\"widget\" data-widget_type=\"heading.default\">\n\t\t\t\t<div class=\"elementor-widget-container\">\n\t\t\t\t\t<p class=\"elementor-heading-title elementor-size-default\">Write to us and we will respond as soon as possible.<\/p>\t\t\t\t<\/div>\n\t\t\t\t<\/div>\n\t\t\t\t<div class=\"elementor-element elementor-element-b8af21c elementor-widget elementor-widget-heading\" data-id=\"b8af21c\" data-element_type=\"widget\" data-widget_type=\"heading.default\">\n\t\t\t\t<div class=\"elementor-widget-container\">\n\t\t\t\t\t<h3 class=\"elementor-heading-title elementor-size-default\">Would you like to reserve a table or ask us a question? \n<\/h3>\t\t\t\t<\/div>\n\t\t\t\t<\/div>\n\t\t\t\t<div class=\"elementor-element elementor-element-c34907b elementor-widget elementor-widget-image\" data-id=\"c34907b\" data-element_type=\"widget\" data-widget_type=\"image.default\">\n\t\t\t\t<div class=\"elementor-widget-container\">\n\t\t\t\t\t\t\t\t\t\t\t\t\t\t\t<img loading=\"lazy\" decoding=\"async\" width=\"212\" height=\"24\" src=\"https:\/\/citydesants.com\/wp-content\/uploads\/2025\/05\/resta-img20.png\" class=\"attachment-medium size-medium wp-image-78\" alt=\"\" \/>\t\t\t\t\t\t\t\t\t\t\t\t\t\t\t<\/div>\n\t\t\t\t<\/div>\n\t\t\t\t<div class=\"elementor-element elementor-element-0ba062e elementor-widget elementor-widget-elementskit-contact-form7\" data-id=\"0ba062e\" data-element_type=\"widget\" data-widget_type=\"elementskit-contact-form7.default\">\n\t\t\t\t<div class=\"elementor-widget-container\">\n\t\t\t\t\t<div class=\"ekit-wid-con\" ><div class=\"ekit-form\">\n<div class=\"wpcf7 no-js\" id=\"wpcf7-f48-p2016-o1\" lang=\"es-ES\" dir=\"ltr\" data-wpcf7-id=\"48\">\n<div class=\"screen-reader-response\"><p role=\"status\" aria-live=\"polite\" aria-atomic=\"true\"><\/p> <ul><\/ul><\/div>\n<form action=\"\/en\/crepes-y-gofres-en-sants\/#wpcf7-f48-p2016-o1\" method=\"post\" class=\"wpcf7-form init\" aria-label=\"Formulario de contacto\" novalidate=\"novalidate\" data-status=\"init\" data-no-translation-aria-label=\"\" data-trp-original-action=\"\/ca\/crepes-y-gofres-en-sants\/#wpcf7-f48-p2016-o1\">\n<fieldset class=\"hidden-fields-container\"><input type=\"hidden\" name=\"_wpcf7\" value=\"48\" \/><input type=\"hidden\" name=\"_wpcf7_version\" value=\"6.1.3\" \/><input type=\"hidden\" name=\"_wpcf7_locale\" value=\"es_ES\" \/><input type=\"hidden\" name=\"_wpcf7_unit_tag\" value=\"wpcf7-f48-p2016-o1\" \/><input type=\"hidden\" name=\"_wpcf7_container_post\" value=\"2016\" \/><input type=\"hidden\" name=\"_wpcf7_posted_data_hash\" value=\"\" \/><input type=\"hidden\" name=\"_wpcf7_recaptcha_response\" value=\"\" \/>\n<\/fieldset>\n<div class=\"form-row\">\n\t<div class=\"form-column\">\n\t\t<p><label for=\"nombre\">Name *<\/label><br \/>\n<span class=\"wpcf7-form-control-wrap\" data-name=\"nombre\"><input size=\"40\" maxlength=\"400\" class=\"wpcf7-form-control wpcf7-text wpcf7-validates-as-required\" id=\"nombre\" aria-required=\"true\" aria-invalid=\"false\" placeholder=\"Example: Juan Garc\u00eda\" value=\"\" type=\"text\" name=\"nombre\" \/><\/span>\n\t\t<\/p>\n\t<\/div>\n\t<div class=\"form-column\">\n\t\t<p><label for=\"telefono\">Phone *<\/label><br \/>\n<span class=\"wpcf7-form-control-wrap\" data-name=\"telefono\"><input size=\"40\" maxlength=\"400\" class=\"wpcf7-form-control wpcf7-tel wpcf7-validates-as-required wpcf7-text wpcf7-validates-as-tel\" id=\"telefono\" aria-required=\"true\" aria-invalid=\"false\" placeholder=\"Example: 666 777 888\" value=\"\" type=\"tel\" name=\"telefono\" \/><\/span>\n\t\t<\/p>\n\t<\/div>\n<\/div>\n<div class=\"form-row\">\n\t<div class=\"form-column\">\n\t\t<p><label for=\"email\">Email *<\/label><br \/>\n<span class=\"wpcf7-form-control-wrap\" data-name=\"email\"><input size=\"40\" maxlength=\"400\" class=\"wpcf7-form-control wpcf7-email wpcf7-validates-as-required wpcf7-text wpcf7-validates-as-email\" id=\"email\" aria-required=\"true\" aria-invalid=\"false\" placeholder=\"Example: info@domain.com\" value=\"\" type=\"email\" name=\"email\" \/><\/span>\n\t\t<\/p>\n\t<\/div>\n\t<div class=\"form-column\">\n\t\t<p><label for=\"asunto\">Affair *<\/label><br \/>\n<span class=\"wpcf7-form-control-wrap\" data-name=\"asunto\"><input size=\"40\" maxlength=\"400\" class=\"wpcf7-form-control wpcf7-text wpcf7-validates-as-required\" id=\"asunto\" aria-required=\"true\" aria-invalid=\"false\" placeholder=\"Reason for consultation\" value=\"\" type=\"text\" name=\"asunto\" \/><\/span>\n\t\t<\/p>\n\t<\/div>\n<\/div>\n<div class=\"form-row-full\">\n\t<p><label for=\"mensaje\">Message *<\/label><br \/>\n<span class=\"wpcf7-form-control-wrap\" data-name=\"mensaje\"><textarea cols=\"40\" rows=\"10\" maxlength=\"2000\" class=\"wpcf7-form-control wpcf7-textarea wpcf7-validates-as-required\" id=\"mensaje\" aria-required=\"true\" aria-invalid=\"false\" placeholder=\"Write your message here...\" name=\"mensaje\"><\/textarea><\/span>\n\t<\/p>\n<\/div>\n<div class=\"form-acceptance\">\n\t<p><span class=\"wpcf7-form-control-wrap\" data-name=\"politica\"><span class=\"wpcf7-form-control wpcf7-acceptance\"><span class=\"wpcf7-list-item\"><label><input type=\"checkbox\" name=\"politica\" value=\"1\" aria-invalid=\"false\" \/><span class=\"wpcf7-list-item-label\"><span class=\"txt-acepto\">I have read and agree to the <\/span>\n    <a class=\"pp\" href=\"\/en\/politica-de-privacidad\/\">Privacy Policy<\/a><\/span><\/label><\/span><\/span><\/span>\n\t<\/p>\n<\/div>\n<p><input class=\"wpcf7-form-control wpcf7-submit has-spinner\" type=\"submit\" value=\"Send message\" \/>\n<\/p><div class=\"wpcf7-response-output\" aria-hidden=\"true\"><\/div>\n<input type=\"hidden\" name=\"trp-form-language\" value=\"en\"\/><\/form>\n<\/div>\n<\/div><\/div>\t\t\t\t<\/div>\n\t\t\t\t<\/div>\n\t\t\t\t<div class=\"elementor-element elementor-element-aa03ccc elementor-widget elementor-widget-text-editor\" data-id=\"aa03ccc\" data-element_type=\"widget\" data-widget_type=\"text-editor.default\">\n\t\t\t\t<div class=\"elementor-widget-container\">\n\t\t\t\t\t\t\t\t\t<p>*No reservations will be made on Barcelona match days.<\/p>\t\t\t\t\t\t\t\t<\/div>\n\t\t\t\t<\/div>\n\t\t\t\t<\/div>\n\t\t\t\t\t<\/div>\n\t\t\t\t<\/div>\n\t\t\t\t<\/div>","protected":false},"excerpt":{"rendered":"<p>Descubre los mejores crepes y gofres en Sants En pleno coraz\u00f3n del barrio de Sants, nuestro local se ha convertido en el destino favorito para quienes buscan disfrutar de los aut\u00e9nticos crepes y gofres en Sants. Con una combinaci\u00f3n perfecta entre tradici\u00f3n y creatividad, ofrecemos una experiencia gastron\u00f3mica que encanta a grandes y peque\u00f1os. Todos [&hellip;]<\/p>","protected":false},"author":1,"featured_media":0,"parent":0,"menu_order":0,"comment_status":"closed","ping_status":"closed","template":"","meta":{"_acf_changed":false,"footnotes":""},"class_list":["post-2016","page","type-page","status-publish","hentry"],"acf":[],"yoast_head":"<!-- This site is optimized with the Yoast SEO plugin v26.4 - https:\/\/yoast.com\/wordpress\/plugins\/seo\/ -->\n<title>Crepes y gofres en Sants - CITY DE SANTS<\/title>\n<meta name=\"description\" content=\"Disfruta de los mejores crepes y gofres en Sants. Ingredientes frescos, sabores irresistibles y un ambiente acogedor para toda la familia.\" \/>\n<meta name=\"robots\" content=\"index, follow, max-snippet:-1, max-image-preview:large, max-video-preview:-1\" \/>\n<link rel=\"canonical\" href=\"https:\/\/citydesants.com\/en\/crepes-y-gofres-en-sants\/\" \/>\n<meta property=\"og:locale\" content=\"en_GB\" \/>\n<meta property=\"og:type\" content=\"article\" \/>\n<meta property=\"og:title\" content=\"Crepes y gofres en Sants - CITY DE SANTS\" \/>\n<meta property=\"og:description\" content=\"Disfruta de los mejores crepes y gofres en Sants. Ingredientes frescos, sabores irresistibles y un ambiente acogedor para toda la familia.\" \/>\n<meta property=\"og:url\" content=\"https:\/\/citydesants.com\/en\/crepes-y-gofres-en-sants\/\" \/>\n<meta property=\"og:site_name\" content=\"CITY DE SANTS\" \/>\n<meta property=\"article:modified_time\" content=\"2026-01-19T10:07:54+00:00\" \/>\n<meta property=\"og:image\" content=\"https:\/\/citydesants.com\/wp-content\/uploads\/2025\/05\/resta-img23.png\" \/>\n\t<meta property=\"og:image:width\" content=\"2040\" \/>\n\t<meta property=\"og:image:height\" content=\"78\" \/>\n\t<meta property=\"og:image:type\" content=\"image\/png\" \/>\n<meta name=\"twitter:card\" content=\"summary_large_image\" \/>\n<meta name=\"twitter:label1\" content=\"Estimated reading time\" \/>\n\t<meta name=\"twitter:data1\" content=\"3 minutes\" \/>\n<script type=\"application\/ld+json\" class=\"yoast-schema-graph\">{\"@context\":\"https:\/\/schema.org\",\"@graph\":[{\"@type\":\"WebPage\",\"@id\":\"https:\/\/citydesants.com\/crepes-y-gofres-en-sants\/\",\"url\":\"https:\/\/citydesants.com\/crepes-y-gofres-en-sants\/\",\"name\":\"Crepes y gofres en Sants - CITY DE SANTS\",\"isPartOf\":{\"@id\":\"https:\/\/citydesants.com\/#website\"},\"primaryImageOfPage\":{\"@id\":\"https:\/\/citydesants.com\/crepes-y-gofres-en-sants\/#primaryimage\"},\"image\":{\"@id\":\"https:\/\/citydesants.com\/crepes-y-gofres-en-sants\/#primaryimage\"},\"thumbnailUrl\":\"https:\/\/citydesants.com\/wp-content\/uploads\/2025\/05\/resta-img23.png\",\"datePublished\":\"2026-01-19T10:06:40+00:00\",\"dateModified\":\"2026-01-19T10:07:54+00:00\",\"description\":\"Disfruta de los mejores crepes y gofres en Sants. Ingredientes frescos, sabores irresistibles y un ambiente acogedor para toda la familia.\",\"breadcrumb\":{\"@id\":\"https:\/\/citydesants.com\/crepes-y-gofres-en-sants\/#breadcrumb\"},\"inLanguage\":\"en-GB\",\"potentialAction\":[{\"@type\":\"ReadAction\",\"target\":[\"https:\/\/citydesants.com\/crepes-y-gofres-en-sants\/\"]}]},{\"@type\":\"ImageObject\",\"inLanguage\":\"en-GB\",\"@id\":\"https:\/\/citydesants.com\/crepes-y-gofres-en-sants\/#primaryimage\",\"url\":\"https:\/\/citydesants.com\/wp-content\/uploads\/2025\/05\/resta-img23.png\",\"contentUrl\":\"https:\/\/citydesants.com\/wp-content\/uploads\/2025\/05\/resta-img23.png\"},{\"@type\":\"BreadcrumbList\",\"@id\":\"https:\/\/citydesants.com\/crepes-y-gofres-en-sants\/#breadcrumb\",\"itemListElement\":[{\"@type\":\"ListItem\",\"position\":1,\"name\":\"Portada\",\"item\":\"https:\/\/citydesants.com\/\"},{\"@type\":\"ListItem\",\"position\":2,\"name\":\"Crepes y gofres en Sants\"}]},{\"@type\":\"WebSite\",\"@id\":\"https:\/\/citydesants.com\/#website\",\"url\":\"https:\/\/citydesants.com\/\",\"name\":\"CITY DE SANTS\",\"description\":\"Bar restaurante deportivo en el barrio de Sants\",\"publisher\":{\"@id\":\"https:\/\/citydesants.com\/#organization\"},\"potentialAction\":[{\"@type\":\"SearchAction\",\"target\":{\"@type\":\"EntryPoint\",\"urlTemplate\":\"https:\/\/citydesants.com\/?s={search_term_string}\"},\"query-input\":{\"@type\":\"PropertyValueSpecification\",\"valueRequired\":true,\"valueName\":\"search_term_string\"}}],\"inLanguage\":\"en-GB\"},{\"@type\":\"Organization\",\"@id\":\"https:\/\/citydesants.com\/#organization\",\"name\":\"CITY DE SANTS\",\"url\":\"https:\/\/citydesants.com\/\",\"logo\":{\"@type\":\"ImageObject\",\"inLanguage\":\"en-GB\",\"@id\":\"https:\/\/citydesants.com\/#\/schema\/logo\/image\/\",\"url\":\"https:\/\/citydesants.com\/wp-content\/uploads\/2025\/05\/Logo-horizontal-5.webp\",\"contentUrl\":\"https:\/\/citydesants.com\/wp-content\/uploads\/2025\/05\/Logo-horizontal-5.webp\",\"width\":326,\"height\":125,\"caption\":\"CITY DE SANTS\"},\"image\":{\"@id\":\"https:\/\/citydesants.com\/#\/schema\/logo\/image\/\"}}]}<\/script>\n<!-- \/ Yoast SEO plugin. -->","yoast_head_json":{"title":"Crepes y gofres en Sants - CITY DE SANTS","description":"Disfruta de los mejores crepes y gofres en Sants. Ingredientes frescos, sabores irresistibles y un ambiente acogedor para toda la familia.","robots":{"index":"index","follow":"follow","max-snippet":"max-snippet:-1","max-image-preview":"max-image-preview:large","max-video-preview":"max-video-preview:-1"},"canonical":"https:\/\/citydesants.com\/en\/crepes-y-gofres-en-sants\/","og_locale":"en_GB","og_type":"article","og_title":"Crepes y gofres en Sants - CITY DE SANTS","og_description":"Disfruta de los mejores crepes y gofres en Sants. Ingredientes frescos, sabores irresistibles y un ambiente acogedor para toda la familia.","og_url":"https:\/\/citydesants.com\/en\/crepes-y-gofres-en-sants\/","og_site_name":"CITY DE SANTS","article_modified_time":"2026-01-19T10:07:54+00:00","og_image":[{"width":2040,"height":78,"url":"https:\/\/citydesants.com\/wp-content\/uploads\/2025\/05\/resta-img23.png","type":"image\/png"}],"twitter_card":"summary_large_image","twitter_misc":{"Estimated reading time":"3 minutes"},"schema":{"@context":"https:\/\/schema.org","@graph":[{"@type":"WebPage","@id":"https:\/\/citydesants.com\/crepes-y-gofres-en-sants\/","url":"https:\/\/citydesants.com\/crepes-y-gofres-en-sants\/","name":"Crepes y gofres en Sants - CITY DE SANTS","isPartOf":{"@id":"https:\/\/citydesants.com\/#website"},"primaryImageOfPage":{"@id":"https:\/\/citydesants.com\/crepes-y-gofres-en-sants\/#primaryimage"},"image":{"@id":"https:\/\/citydesants.com\/crepes-y-gofres-en-sants\/#primaryimage"},"thumbnailUrl":"https:\/\/citydesants.com\/wp-content\/uploads\/2025\/05\/resta-img23.png","datePublished":"2026-01-19T10:06:40+00:00","dateModified":"2026-01-19T10:07:54+00:00","description":"Disfruta de los mejores crepes y gofres en Sants. Ingredientes frescos, sabores irresistibles y un ambiente acogedor para toda la familia.","breadcrumb":{"@id":"https:\/\/citydesants.com\/crepes-y-gofres-en-sants\/#breadcrumb"},"inLanguage":"en-GB","potentialAction":[{"@type":"ReadAction","target":["https:\/\/citydesants.com\/crepes-y-gofres-en-sants\/"]}]},{"@type":"ImageObject","inLanguage":"en-GB","@id":"https:\/\/citydesants.com\/crepes-y-gofres-en-sants\/#primaryimage","url":"https:\/\/citydesants.com\/wp-content\/uploads\/2025\/05\/resta-img23.png","contentUrl":"https:\/\/citydesants.com\/wp-content\/uploads\/2025\/05\/resta-img23.png"},{"@type":"BreadcrumbList","@id":"https:\/\/citydesants.com\/crepes-y-gofres-en-sants\/#breadcrumb","itemListElement":[{"@type":"ListItem","position":1,"name":"Portada","item":"https:\/\/citydesants.com\/"},{"@type":"ListItem","position":2,"name":"Crepes y gofres en Sants"}]},{"@type":"WebSite","@id":"https:\/\/citydesants.com\/#website","url":"https:\/\/citydesants.com\/","name":"CITY OF SANTS","description":"Sports bar and restaurant in the Sants neighborhood","publisher":{"@id":"https:\/\/citydesants.com\/#organization"},"potentialAction":[{"@type":"SearchAction","target":{"@type":"EntryPoint","urlTemplate":"https:\/\/citydesants.com\/?s={search_term_string}"},"query-input":{"@type":"PropertyValueSpecification","valueRequired":true,"valueName":"search_term_string"}}],"inLanguage":"en-GB"},{"@type":"Organization","@id":"https:\/\/citydesants.com\/#organization","name":"CITY OF SANTS","url":"https:\/\/citydesants.com\/","logo":{"@type":"ImageObject","inLanguage":"en-GB","@id":"https:\/\/citydesants.com\/#\/schema\/logo\/image\/","url":"https:\/\/citydesants.com\/wp-content\/uploads\/2025\/05\/Logo-horizontal-5.webp","contentUrl":"https:\/\/citydesants.com\/wp-content\/uploads\/2025\/05\/Logo-horizontal-5.webp","width":326,"height":125,"caption":"CITY DE SANTS"},"image":{"@id":"https:\/\/citydesants.com\/#\/schema\/logo\/image\/"}}]}},"_links":{"self":[{"href":"https:\/\/citydesants.com\/en\/wp-json\/wp\/v2\/pages\/2016","targetHints":{"allow":["GET"]}}],"collection":[{"href":"https:\/\/citydesants.com\/en\/wp-json\/wp\/v2\/pages"}],"about":[{"href":"https:\/\/citydesants.com\/en\/wp-json\/wp\/v2\/types\/page"}],"author":[{"embeddable":true,"href":"https:\/\/citydesants.com\/en\/wp-json\/wp\/v2\/users\/1"}],"replies":[{"embeddable":true,"href":"https:\/\/citydesants.com\/en\/wp-json\/wp\/v2\/comments?post=2016"}],"version-history":[{"count":4,"href":"https:\/\/citydesants.com\/en\/wp-json\/wp\/v2\/pages\/2016\/revisions"}],"predecessor-version":[{"id":2020,"href":"https:\/\/citydesants.com\/en\/wp-json\/wp\/v2\/pages\/2016\/revisions\/2020"}],"wp:attachment":[{"href":"https:\/\/citydesants.com\/en\/wp-json\/wp\/v2\/media?parent=2016"}],"curies":[{"name":"wp","href":"https:\/\/api.w.org\/{rel}","templated":true}]}}