{"id":2011,"date":"2026-01-19T11:02:19","date_gmt":"2026-01-19T10:02:19","guid":{"rendered":"https:\/\/citydesants.com\/?page_id=2011"},"modified":"2026-01-19T11:05:17","modified_gmt":"2026-01-19T10:05:17","slug":"bar-de-tapas-en-sants","status":"publish","type":"page","link":"https:\/\/citydesants.com\/en\/bar-de-tapas-en-sants\/","title":{"rendered":"Tapas bar in Sants"},"content":{"rendered":"<div data-elementor-type=\"wp-page\" data-elementor-id=\"2011\" class=\"elementor elementor-2011\" data-elementor-post-type=\"page\">\n\t\t\t\t<div class=\"elementor-element elementor-element-011a74e e-flex e-con-boxed e-con e-parent\" data-id=\"011a74e\" data-element_type=\"container\" data-settings=\"{&quot;background_background&quot;:&quot;classic&quot;}\">\n\t\t\t\t\t<div class=\"e-con-inner\">\n\t\t\t\t<div class=\"elementor-element elementor-element-32559de elementor-widget elementor-widget-heading\" data-id=\"32559de\" data-element_type=\"widget\" data-widget_type=\"heading.default\">\n\t\t\t\t<div class=\"elementor-widget-container\">\n\t\t\t\t\t<h1 class=\"elementor-heading-title elementor-size-default\">Tapas bar in Sants<\/h1>\t\t\t\t<\/div>\n\t\t\t\t<\/div>\n\t\t\t\t\t<\/div>\n\t\t\t\t<\/div>\n\t\t<div class=\"elementor-element elementor-element-74a99e7 e-con-full e-flex e-con e-parent\" data-id=\"74a99e7\" data-element_type=\"container\">\n\t\t\t\t<div class=\"elementor-element elementor-element-2f664e4 elementor-widget elementor-widget-image\" data-id=\"2f664e4\" data-element_type=\"widget\" data-widget_type=\"image.default\">\n\t\t\t\t<div class=\"elementor-widget-container\">\n\t\t\t\t\t\t\t\t\t\t\t\t\t\t\t<img fetchpriority=\"high\" decoding=\"async\" width=\"2040\" height=\"78\" src=\"https:\/\/citydesants.com\/wp-content\/uploads\/2025\/05\/resta-img23.png\" class=\"attachment-full size-full wp-image-77\" alt=\"\" srcset=\"https:\/\/citydesants.com\/wp-content\/uploads\/2025\/05\/resta-img23.png 2040w, https:\/\/citydesants.com\/wp-content\/uploads\/2025\/05\/resta-img23-300x11.png 300w, https:\/\/citydesants.com\/wp-content\/uploads\/2025\/05\/resta-img23-1024x39.png 1024w, https:\/\/citydesants.com\/wp-content\/uploads\/2025\/05\/resta-img23-768x29.png 768w, https:\/\/citydesants.com\/wp-content\/uploads\/2025\/05\/resta-img23-1536x59.png 1536w, https:\/\/citydesants.com\/wp-content\/uploads\/2025\/05\/resta-img23-600x23.png 600w\" sizes=\"(max-width: 2040px) 100vw, 2040px\" \/>\t\t\t\t\t\t\t\t\t\t\t\t\t\t\t<\/div>\n\t\t\t\t<\/div>\n\t\t\t\t<\/div>\n\t\t<div class=\"elementor-element elementor-element-610d161 e-flex e-con-boxed e-con e-parent\" data-id=\"610d161\" data-element_type=\"container\">\n\t\t\t\t\t<div class=\"e-con-inner\">\n\t\t<div class=\"elementor-element elementor-element-72bb26e e-con-full e-flex e-con e-child\" data-id=\"72bb26e\" data-element_type=\"container\">\n\t\t\t\t<div class=\"elementor-element elementor-element-f91a0fe elementor-widget elementor-widget-text-editor\" data-id=\"f91a0fe\" data-element_type=\"widget\" data-widget_type=\"text-editor.default\">\n\t\t\t\t<div class=\"elementor-widget-container\">\n\t\t\t\t\t\t\t\t\t<h4 data-start=\"337\" data-end=\"410\">The ideal place to enjoy a tapas bar in Sants<\/h4><p style=\"text-align: justify;\" data-start=\"412\" data-end=\"748\">In the heart of the Sants neighborhood, our <strong data-start=\"325\" data-end=\"350\">tapas bar in Sants<\/strong> It has established itself as a landmark for those who wish to enjoy authentic Spanish cuisine in a welcoming, modern, and vibrant atmosphere. With over 25 years of experience, we offer a place where locals and visitors can relax, share special moments, and sample tapas made with fresh, top-quality ingredients, following traditional recipes with an innovative twist. Our commitment to excellence is reflected in every detail, from the careful selection of products to the attentive and personalized service of our team. Whether you come for breakfast, lunch, or dinner, our <strong data-start=\"1004\" data-end=\"1029\">tapas bar in Sants<\/strong> We guarantee a complete culinary experience that combines flavor, tradition, and creativity in every dish. Furthermore, we ensure that each visit is memorable, offering a warm and welcoming environment where every customer feels part of our gastronomic community.<\/p>\t\t\t\t\t\t\t\t<\/div>\n\t\t\t\t<\/div>\n\t\t\t\t<\/div>\n\t\t<div class=\"elementor-element elementor-element-2791a86 e-con-full e-flex e-con e-child\" data-id=\"2791a86\" data-element_type=\"container\">\n\t\t\t\t<div class=\"elementor-element elementor-element-bbc7deb elementor-widget elementor-widget-image\" data-id=\"bbc7deb\" data-element_type=\"widget\" data-widget_type=\"image.default\">\n\t\t\t\t<div class=\"elementor-widget-container\">\n\t\t\t\t\t\t\t\t\t\t\t\t\t\t\t<img decoding=\"async\" width=\"800\" height=\"566\" src=\"https:\/\/citydesants.com\/wp-content\/uploads\/2025\/07\/bar-de-tapas-1024x724.jpg\" class=\"attachment-large size-large wp-image-1717\" alt=\"\" srcset=\"https:\/\/citydesants.com\/wp-content\/uploads\/2025\/07\/bar-de-tapas-1024x724.jpg 1024w, https:\/\/citydesants.com\/wp-content\/uploads\/2025\/07\/bar-de-tapas-300x212.jpg 300w, https:\/\/citydesants.com\/wp-content\/uploads\/2025\/07\/bar-de-tapas-768x543.jpg 768w, https:\/\/citydesants.com\/wp-content\/uploads\/2025\/07\/bar-de-tapas-1536x1086.jpg 1536w, https:\/\/citydesants.com\/wp-content\/uploads\/2025\/07\/bar-de-tapas-18x12.jpg 18w, https:\/\/citydesants.com\/wp-content\/uploads\/2025\/07\/bar-de-tapas.jpg 2000w\" sizes=\"(max-width: 800px) 100vw, 800px\" \/>\t\t\t\t\t\t\t\t\t\t\t\t\t\t\t<\/div>\n\t\t\t\t<\/div>\n\t\t\t\t<\/div>\n\t\t\t\t\t<\/div>\n\t\t\t\t<\/div>\n\t\t<div class=\"elementor-element elementor-element-3876b4d e-flex e-con-boxed e-con e-parent\" data-id=\"3876b4d\" data-element_type=\"container\">\n\t\t\t\t\t<div class=\"e-con-inner\">\n\t\t<div class=\"elementor-element elementor-element-d5ca979 e-con-full e-flex e-con e-child\" data-id=\"d5ca979\" data-element_type=\"container\">\n\t\t\t\t<div class=\"elementor-element elementor-element-aa10784 elementor-widget elementor-widget-image\" data-id=\"aa10784\" data-element_type=\"widget\" data-widget_type=\"image.default\">\n\t\t\t\t<div class=\"elementor-widget-container\">\n\t\t\t\t\t\t\t\t\t\t\t\t\t\t\t<img decoding=\"async\" width=\"800\" height=\"534\" src=\"https:\/\/citydesants.com\/wp-content\/uploads\/2025\/05\/CityDeSants38-1024x683.jpg\" class=\"attachment-large size-large wp-image-525\" alt=\"\" srcset=\"https:\/\/citydesants.com\/wp-content\/uploads\/2025\/05\/CityDeSants38-1024x683.jpg 1024w, https:\/\/citydesants.com\/wp-content\/uploads\/2025\/05\/CityDeSants38-300x200.jpg 300w, https:\/\/citydesants.com\/wp-content\/uploads\/2025\/05\/CityDeSants38-768x512.jpg 768w, https:\/\/citydesants.com\/wp-content\/uploads\/2025\/05\/CityDeSants38-1536x1024.jpg 1536w, https:\/\/citydesants.com\/wp-content\/uploads\/2025\/05\/CityDeSants38.jpg 1920w\" sizes=\"(max-width: 800px) 100vw, 800px\" \/>\t\t\t\t\t\t\t\t\t\t\t\t\t\t\t<\/div>\n\t\t\t\t<\/div>\n\t\t\t\t<\/div>\n\t\t<div class=\"elementor-element elementor-element-f93afa2 e-con-full e-flex e-con e-child\" data-id=\"f93afa2\" data-element_type=\"container\">\n\t\t\t\t<div class=\"elementor-element elementor-element-c086348 elementor-widget elementor-widget-text-editor\" data-id=\"c086348\" data-element_type=\"widget\" data-widget_type=\"text-editor.default\">\n\t\t\t\t<div class=\"elementor-widget-container\">\n\t\t\t\t\t\t\t\t\t<h4 data-start=\"1150\" data-end=\"1217\">Featured services in our <strong data-start=\"1327\" data-end=\"1352\">tapas bar in Sants<\/strong><\/h4><p data-start=\"1219\" data-end=\"1446\">Our <strong data-start=\"1362\" data-end=\"1387\">tapas bar in Sants<\/strong> It&#039;s not limited to traditional tapas; we have a wide range of gastronomic options designed to satisfy all tastes. We offer full breakfasts with freshly baked pastries, gourmet tapas made with top-quality ingredients, Spanish omelets, croquettes, calamari, and hamburgers with a special touch that only our team knows how to provide. To accompany your meal, we offer craft beverages, quality beers, cocktails, and soft drinks that perfectly complement each dish. Furthermore, we take care to offer options adapted to special diets, such as lactose-free dishes, dishes made with plant-based milk, or vegetarian and vegan alternatives, so that all our customers can enjoy themselves without worry. Every visit to our <strong data-start=\"2160\" data-end=\"2185\">tapas bar in Sants<\/strong> It&#039;s an opportunity to discover new flavors, try unique combinations and immerse yourself in the authentic essence of Sants, a neighborhood that breathes tradition, friendliness and life.<\/p>\t\t\t\t\t\t\t\t<\/div>\n\t\t\t\t<\/div>\n\t\t\t\t<\/div>\n\t\t\t\t\t<\/div>\n\t\t\t\t<\/div>\n\t\t<div class=\"elementor-element elementor-element-92ad897 e-flex e-con-boxed e-con e-parent\" data-id=\"92ad897\" data-element_type=\"container\">\n\t\t\t\t\t<div class=\"e-con-inner\">\n\t\t\t\t<div class=\"elementor-element elementor-element-2df2f3b elementor-widget elementor-widget-text-editor\" data-id=\"2df2f3b\" data-element_type=\"widget\" data-widget_type=\"text-editor.default\">\n\t\t\t\t<div class=\"elementor-widget-container\">\n\t\t\t\t\t\t\t\t\t<h3 data-start=\"173\" data-end=\"234\">A unique space in your <strong data-start=\"200\" data-end=\"225\">tapas bar in Sants<\/strong> favorite<\/h3><p data-start=\"236\" data-end=\"857\">Our <strong data-start=\"244\" data-end=\"269\">tapas bar in Sants<\/strong> It&#039;s not just a place to eat; it&#039;s a space designed for enjoying complete experiences. With a warm and welcoming atmosphere, it&#039;s ideal for family gatherings, get-togethers with friends, or watching live sporting events while enjoying good food and friendly service. Its location in the heart of Sants makes it easily accessible and a local landmark for those seeking quality and authentic flavor. Come and discover why our <strong data-start=\"719\" data-end=\"744\">tapas bar in Sants<\/strong> It has earned the trust and preference of the community, always offering the best gastronomic experience.<\/p>\t\t\t\t\t\t\t\t<\/div>\n\t\t\t\t<\/div>\n\t\t\t\t\t<\/div>\n\t\t\t\t<\/div>\n\t\t<div class=\"elementor-element elementor-element-7d31b79 e-flex e-con-boxed e-con e-parent\" data-id=\"7d31b79\" data-element_type=\"container\">\n\t\t\t\t\t<div class=\"e-con-inner\">\n\t\t<div class=\"elementor-element elementor-element-fa3a531 e-con-full e-flex e-con e-child\" data-id=\"fa3a531\" data-element_type=\"container\" data-settings=\"{&quot;background_background&quot;:&quot;classic&quot;}\">\n\t\t\t\t<div class=\"elementor-element elementor-element-a01a5aa elementor-widget elementor-widget-heading\" data-id=\"a01a5aa\" data-element_type=\"widget\" data-widget_type=\"heading.default\">\n\t\t\t\t<div class=\"elementor-widget-container\">\n\t\t\t\t\t<p class=\"elementor-heading-title elementor-size-default\">Write to us and we will respond as soon as possible.<\/p>\t\t\t\t<\/div>\n\t\t\t\t<\/div>\n\t\t\t\t<div class=\"elementor-element elementor-element-b8af21c elementor-widget elementor-widget-heading\" data-id=\"b8af21c\" data-element_type=\"widget\" data-widget_type=\"heading.default\">\n\t\t\t\t<div class=\"elementor-widget-container\">\n\t\t\t\t\t<h3 class=\"elementor-heading-title elementor-size-default\">Would you like to reserve a table or ask us a question? \n<\/h3>\t\t\t\t<\/div>\n\t\t\t\t<\/div>\n\t\t\t\t<div class=\"elementor-element elementor-element-c34907b elementor-widget elementor-widget-image\" data-id=\"c34907b\" data-element_type=\"widget\" data-widget_type=\"image.default\">\n\t\t\t\t<div class=\"elementor-widget-container\">\n\t\t\t\t\t\t\t\t\t\t\t\t\t\t\t<img loading=\"lazy\" decoding=\"async\" width=\"212\" height=\"24\" src=\"https:\/\/citydesants.com\/wp-content\/uploads\/2025\/05\/resta-img20.png\" class=\"attachment-medium size-medium wp-image-78\" alt=\"\" \/>\t\t\t\t\t\t\t\t\t\t\t\t\t\t\t<\/div>\n\t\t\t\t<\/div>\n\t\t\t\t<div class=\"elementor-element elementor-element-0ba062e elementor-widget elementor-widget-elementskit-contact-form7\" data-id=\"0ba062e\" data-element_type=\"widget\" data-widget_type=\"elementskit-contact-form7.default\">\n\t\t\t\t<div class=\"elementor-widget-container\">\n\t\t\t\t\t<div class=\"ekit-wid-con\" ><div class=\"ekit-form\">\n<div class=\"wpcf7 no-js\" id=\"wpcf7-f48-p2011-o1\" lang=\"es-ES\" dir=\"ltr\" data-wpcf7-id=\"48\">\n<div class=\"screen-reader-response\"><p role=\"status\" aria-live=\"polite\" aria-atomic=\"true\"><\/p> <ul><\/ul><\/div>\n<form action=\"\/en\/bar-de-tapas-en-sants\/#wpcf7-f48-p2011-o1\" method=\"post\" class=\"wpcf7-form init\" aria-label=\"Formulario de contacto\" novalidate=\"novalidate\" data-status=\"init\" data-no-translation-aria-label=\"\" data-trp-original-action=\"\/en\/bar-de-tapas-en-sants\/#wpcf7-f48-p2011-o1\">\n<fieldset class=\"hidden-fields-container\"><input type=\"hidden\" name=\"_wpcf7\" value=\"48\" \/><input type=\"hidden\" name=\"_wpcf7_version\" value=\"6.1.3\" \/><input type=\"hidden\" name=\"_wpcf7_locale\" value=\"es_ES\" \/><input type=\"hidden\" name=\"_wpcf7_unit_tag\" value=\"wpcf7-f48-p2011-o1\" \/><input type=\"hidden\" name=\"_wpcf7_container_post\" value=\"2011\" \/><input type=\"hidden\" name=\"_wpcf7_posted_data_hash\" value=\"\" \/><input type=\"hidden\" name=\"_wpcf7_recaptcha_response\" value=\"\" \/>\n<\/fieldset>\n<div class=\"form-row\">\n\t<div class=\"form-column\">\n\t\t<p><label for=\"nombre\">Name *<\/label><br \/>\n<span class=\"wpcf7-form-control-wrap\" data-name=\"nombre\"><input size=\"40\" maxlength=\"400\" class=\"wpcf7-form-control wpcf7-text wpcf7-validates-as-required\" id=\"nombre\" aria-required=\"true\" aria-invalid=\"false\" placeholder=\"Example: Juan Garc\u00eda\" value=\"\" type=\"text\" name=\"nombre\" \/><\/span>\n\t\t<\/p>\n\t<\/div>\n\t<div class=\"form-column\">\n\t\t<p><label for=\"telefono\">Phone *<\/label><br \/>\n<span class=\"wpcf7-form-control-wrap\" data-name=\"telefono\"><input size=\"40\" maxlength=\"400\" class=\"wpcf7-form-control wpcf7-tel wpcf7-validates-as-required wpcf7-text wpcf7-validates-as-tel\" id=\"telefono\" aria-required=\"true\" aria-invalid=\"false\" placeholder=\"Example: 666 777 888\" value=\"\" type=\"tel\" name=\"telefono\" \/><\/span>\n\t\t<\/p>\n\t<\/div>\n<\/div>\n<div class=\"form-row\">\n\t<div class=\"form-column\">\n\t\t<p><label for=\"email\">Email *<\/label><br \/>\n<span class=\"wpcf7-form-control-wrap\" data-name=\"email\"><input size=\"40\" maxlength=\"400\" class=\"wpcf7-form-control wpcf7-email wpcf7-validates-as-required wpcf7-text wpcf7-validates-as-email\" id=\"email\" aria-required=\"true\" aria-invalid=\"false\" placeholder=\"Example: info@domain.com\" value=\"\" type=\"email\" name=\"email\" \/><\/span>\n\t\t<\/p>\n\t<\/div>\n\t<div class=\"form-column\">\n\t\t<p><label for=\"asunto\">Affair *<\/label><br \/>\n<span class=\"wpcf7-form-control-wrap\" data-name=\"asunto\"><input size=\"40\" maxlength=\"400\" class=\"wpcf7-form-control wpcf7-text wpcf7-validates-as-required\" id=\"asunto\" aria-required=\"true\" aria-invalid=\"false\" placeholder=\"Reason for consultation\" value=\"\" type=\"text\" name=\"asunto\" \/><\/span>\n\t\t<\/p>\n\t<\/div>\n<\/div>\n<div class=\"form-row-full\">\n\t<p><label for=\"mensaje\">Message *<\/label><br \/>\n<span class=\"wpcf7-form-control-wrap\" data-name=\"mensaje\"><textarea cols=\"40\" rows=\"10\" maxlength=\"2000\" class=\"wpcf7-form-control wpcf7-textarea wpcf7-validates-as-required\" id=\"mensaje\" aria-required=\"true\" aria-invalid=\"false\" placeholder=\"Write your message here...\" name=\"mensaje\"><\/textarea><\/span>\n\t<\/p>\n<\/div>\n<div class=\"form-acceptance\">\n\t<p><span class=\"wpcf7-form-control-wrap\" data-name=\"politica\"><span class=\"wpcf7-form-control wpcf7-acceptance\"><span class=\"wpcf7-list-item\"><label><input type=\"checkbox\" name=\"politica\" value=\"1\" aria-invalid=\"false\" \/><span class=\"wpcf7-list-item-label\"><span class=\"txt-acepto\">I have read and agree to the <\/span>\n    <a class=\"pp\" href=\"\/en\/politica-de-privacidad\/\">Privacy Policy<\/a><\/span><\/label><\/span><\/span><\/span>\n\t<\/p>\n<\/div>\n<p><input class=\"wpcf7-form-control wpcf7-submit has-spinner\" type=\"submit\" value=\"Send message\" \/>\n<\/p><div class=\"wpcf7-response-output\" aria-hidden=\"true\"><\/div>\n<input type=\"hidden\" name=\"trp-form-language\" value=\"en\"\/><\/form>\n<\/div>\n<\/div><\/div>\t\t\t\t<\/div>\n\t\t\t\t<\/div>\n\t\t\t\t<div class=\"elementor-element elementor-element-aa03ccc elementor-widget elementor-widget-text-editor\" data-id=\"aa03ccc\" data-element_type=\"widget\" data-widget_type=\"text-editor.default\">\n\t\t\t\t<div class=\"elementor-widget-container\">\n\t\t\t\t\t\t\t\t\t<p>*No reservations will be made on Barcelona match days.<\/p>\t\t\t\t\t\t\t\t<\/div>\n\t\t\t\t<\/div>\n\t\t\t\t<\/div>\n\t\t\t\t\t<\/div>\n\t\t\t\t<\/div>\n\t\t\t\t<\/div>","protected":false},"excerpt":{"rendered":"<p>El lugar ideal para disfrutar de un bar de tapas en Sants En el coraz\u00f3n del barrio de Sants, nuestro bar de tapas en Sants se ha consolidado como un espacio de referencia para quienes desean disfrutar de la aut\u00e9ntica gastronom\u00eda espa\u00f1ola en un ambiente acogedor, moderno y lleno de vida. Con m\u00e1s de 25 [&hellip;]<\/p>","protected":false},"author":1,"featured_media":0,"parent":0,"menu_order":0,"comment_status":"closed","ping_status":"closed","template":"","meta":{"_acf_changed":false,"footnotes":""},"class_list":["post-2011","page","type-page","status-publish","hentry"],"acf":[],"yoast_head":"<!-- This site is optimized with the Yoast SEO plugin v26.4 - https:\/\/yoast.com\/wordpress\/plugins\/seo\/ -->\n<title>Bar de tapas en Sants - CITY DE SANTS<\/title>\n<meta name=\"description\" content=\"Disfruta de una experiencia gastron\u00f3mica \u00fanica en City de Sants, uno de los mejores restaurantes en Sants Barcelona.\" \/>\n<meta name=\"robots\" content=\"index, follow, max-snippet:-1, max-image-preview:large, max-video-preview:-1\" \/>\n<link rel=\"canonical\" href=\"https:\/\/citydesants.com\/en\/bar-de-tapas-en-sants\/\" \/>\n<meta property=\"og:locale\" content=\"en_GB\" \/>\n<meta property=\"og:type\" content=\"article\" \/>\n<meta property=\"og:title\" content=\"Bar de tapas en Sants - CITY DE SANTS\" \/>\n<meta property=\"og:description\" content=\"Disfruta de una experiencia gastron\u00f3mica \u00fanica en City de Sants, uno de los mejores restaurantes en Sants Barcelona.\" \/>\n<meta property=\"og:url\" content=\"https:\/\/citydesants.com\/en\/bar-de-tapas-en-sants\/\" \/>\n<meta property=\"og:site_name\" content=\"CITY DE SANTS\" \/>\n<meta property=\"article:modified_time\" content=\"2026-01-19T10:05:17+00:00\" \/>\n<meta property=\"og:image\" content=\"https:\/\/citydesants.com\/wp-content\/uploads\/2025\/05\/resta-img23.png\" \/>\n\t<meta property=\"og:image:width\" content=\"2040\" \/>\n\t<meta property=\"og:image:height\" content=\"78\" \/>\n\t<meta property=\"og:image:type\" content=\"image\/png\" \/>\n<meta name=\"twitter:card\" content=\"summary_large_image\" \/>\n<meta name=\"twitter:label1\" content=\"Estimated reading time\" \/>\n\t<meta name=\"twitter:data1\" content=\"4 minutes\" \/>\n<script type=\"application\/ld+json\" class=\"yoast-schema-graph\">{\"@context\":\"https:\/\/schema.org\",\"@graph\":[{\"@type\":\"WebPage\",\"@id\":\"https:\/\/citydesants.com\/bar-de-tapas-en-sants\/\",\"url\":\"https:\/\/citydesants.com\/bar-de-tapas-en-sants\/\",\"name\":\"Bar de tapas en Sants - CITY DE SANTS\",\"isPartOf\":{\"@id\":\"https:\/\/citydesants.com\/#website\"},\"primaryImageOfPage\":{\"@id\":\"https:\/\/citydesants.com\/bar-de-tapas-en-sants\/#primaryimage\"},\"image\":{\"@id\":\"https:\/\/citydesants.com\/bar-de-tapas-en-sants\/#primaryimage\"},\"thumbnailUrl\":\"https:\/\/citydesants.com\/wp-content\/uploads\/2025\/05\/resta-img23.png\",\"datePublished\":\"2026-01-19T10:02:19+00:00\",\"dateModified\":\"2026-01-19T10:05:17+00:00\",\"description\":\"Disfruta de una experiencia gastron\u00f3mica \u00fanica en City de Sants, uno de los mejores restaurantes en Sants Barcelona.\",\"breadcrumb\":{\"@id\":\"https:\/\/citydesants.com\/bar-de-tapas-en-sants\/#breadcrumb\"},\"inLanguage\":\"en-GB\",\"potentialAction\":[{\"@type\":\"ReadAction\",\"target\":[\"https:\/\/citydesants.com\/bar-de-tapas-en-sants\/\"]}]},{\"@type\":\"ImageObject\",\"inLanguage\":\"en-GB\",\"@id\":\"https:\/\/citydesants.com\/bar-de-tapas-en-sants\/#primaryimage\",\"url\":\"https:\/\/citydesants.com\/wp-content\/uploads\/2025\/05\/resta-img23.png\",\"contentUrl\":\"https:\/\/citydesants.com\/wp-content\/uploads\/2025\/05\/resta-img23.png\"},{\"@type\":\"BreadcrumbList\",\"@id\":\"https:\/\/citydesants.com\/bar-de-tapas-en-sants\/#breadcrumb\",\"itemListElement\":[{\"@type\":\"ListItem\",\"position\":1,\"name\":\"Portada\",\"item\":\"https:\/\/citydesants.com\/\"},{\"@type\":\"ListItem\",\"position\":2,\"name\":\"Bar de tapas en Sants\"}]},{\"@type\":\"WebSite\",\"@id\":\"https:\/\/citydesants.com\/#website\",\"url\":\"https:\/\/citydesants.com\/\",\"name\":\"CITY DE SANTS\",\"description\":\"Bar restaurante deportivo en el barrio de Sants\",\"publisher\":{\"@id\":\"https:\/\/citydesants.com\/#organization\"},\"potentialAction\":[{\"@type\":\"SearchAction\",\"target\":{\"@type\":\"EntryPoint\",\"urlTemplate\":\"https:\/\/citydesants.com\/?s={search_term_string}\"},\"query-input\":{\"@type\":\"PropertyValueSpecification\",\"valueRequired\":true,\"valueName\":\"search_term_string\"}}],\"inLanguage\":\"en-GB\"},{\"@type\":\"Organization\",\"@id\":\"https:\/\/citydesants.com\/#organization\",\"name\":\"CITY DE SANTS\",\"url\":\"https:\/\/citydesants.com\/\",\"logo\":{\"@type\":\"ImageObject\",\"inLanguage\":\"en-GB\",\"@id\":\"https:\/\/citydesants.com\/#\/schema\/logo\/image\/\",\"url\":\"https:\/\/citydesants.com\/wp-content\/uploads\/2025\/05\/Logo-horizontal-5.webp\",\"contentUrl\":\"https:\/\/citydesants.com\/wp-content\/uploads\/2025\/05\/Logo-horizontal-5.webp\",\"width\":326,\"height\":125,\"caption\":\"CITY DE SANTS\"},\"image\":{\"@id\":\"https:\/\/citydesants.com\/#\/schema\/logo\/image\/\"}}]}<\/script>\n<!-- \/ Yoast SEO plugin. -->","yoast_head_json":{"title":"Bar de tapas en Sants - CITY DE SANTS","description":"Disfruta de una experiencia gastron\u00f3mica \u00fanica en City de Sants, uno de los mejores restaurantes en Sants Barcelona.","robots":{"index":"index","follow":"follow","max-snippet":"max-snippet:-1","max-image-preview":"max-image-preview:large","max-video-preview":"max-video-preview:-1"},"canonical":"https:\/\/citydesants.com\/en\/bar-de-tapas-en-sants\/","og_locale":"en_GB","og_type":"article","og_title":"Bar de tapas en Sants - CITY DE SANTS","og_description":"Disfruta de una experiencia gastron\u00f3mica \u00fanica en City de Sants, uno de los mejores restaurantes en Sants Barcelona.","og_url":"https:\/\/citydesants.com\/en\/bar-de-tapas-en-sants\/","og_site_name":"CITY DE SANTS","article_modified_time":"2026-01-19T10:05:17+00:00","og_image":[{"width":2040,"height":78,"url":"https:\/\/citydesants.com\/wp-content\/uploads\/2025\/05\/resta-img23.png","type":"image\/png"}],"twitter_card":"summary_large_image","twitter_misc":{"Estimated reading time":"4 minutes"},"schema":{"@context":"https:\/\/schema.org","@graph":[{"@type":"WebPage","@id":"https:\/\/citydesants.com\/bar-de-tapas-en-sants\/","url":"https:\/\/citydesants.com\/bar-de-tapas-en-sants\/","name":"Bar de tapas en Sants - CITY DE SANTS","isPartOf":{"@id":"https:\/\/citydesants.com\/#website"},"primaryImageOfPage":{"@id":"https:\/\/citydesants.com\/bar-de-tapas-en-sants\/#primaryimage"},"image":{"@id":"https:\/\/citydesants.com\/bar-de-tapas-en-sants\/#primaryimage"},"thumbnailUrl":"https:\/\/citydesants.com\/wp-content\/uploads\/2025\/05\/resta-img23.png","datePublished":"2026-01-19T10:02:19+00:00","dateModified":"2026-01-19T10:05:17+00:00","description":"Disfruta de una experiencia gastron\u00f3mica \u00fanica en City de Sants, uno de los mejores restaurantes en Sants Barcelona.","breadcrumb":{"@id":"https:\/\/citydesants.com\/bar-de-tapas-en-sants\/#breadcrumb"},"inLanguage":"en-GB","potentialAction":[{"@type":"ReadAction","target":["https:\/\/citydesants.com\/bar-de-tapas-en-sants\/"]}]},{"@type":"ImageObject","inLanguage":"en-GB","@id":"https:\/\/citydesants.com\/bar-de-tapas-en-sants\/#primaryimage","url":"https:\/\/citydesants.com\/wp-content\/uploads\/2025\/05\/resta-img23.png","contentUrl":"https:\/\/citydesants.com\/wp-content\/uploads\/2025\/05\/resta-img23.png"},{"@type":"BreadcrumbList","@id":"https:\/\/citydesants.com\/bar-de-tapas-en-sants\/#breadcrumb","itemListElement":[{"@type":"ListItem","position":1,"name":"Portada","item":"https:\/\/citydesants.com\/"},{"@type":"ListItem","position":2,"name":"Bar de tapas en Sants"}]},{"@type":"WebSite","@id":"https:\/\/citydesants.com\/#website","url":"https:\/\/citydesants.com\/","name":"CITY OF SANTS","description":"Sports bar and restaurant in the Sants neighborhood","publisher":{"@id":"https:\/\/citydesants.com\/#organization"},"potentialAction":[{"@type":"SearchAction","target":{"@type":"EntryPoint","urlTemplate":"https:\/\/citydesants.com\/?s={search_term_string}"},"query-input":{"@type":"PropertyValueSpecification","valueRequired":true,"valueName":"search_term_string"}}],"inLanguage":"en-GB"},{"@type":"Organization","@id":"https:\/\/citydesants.com\/#organization","name":"CITY OF SANTS","url":"https:\/\/citydesants.com\/","logo":{"@type":"ImageObject","inLanguage":"en-GB","@id":"https:\/\/citydesants.com\/#\/schema\/logo\/image\/","url":"https:\/\/citydesants.com\/wp-content\/uploads\/2025\/05\/Logo-horizontal-5.webp","contentUrl":"https:\/\/citydesants.com\/wp-content\/uploads\/2025\/05\/Logo-horizontal-5.webp","width":326,"height":125,"caption":"CITY DE SANTS"},"image":{"@id":"https:\/\/citydesants.com\/#\/schema\/logo\/image\/"}}]}},"_links":{"self":[{"href":"https:\/\/citydesants.com\/en\/wp-json\/wp\/v2\/pages\/2011","targetHints":{"allow":["GET"]}}],"collection":[{"href":"https:\/\/citydesants.com\/en\/wp-json\/wp\/v2\/pages"}],"about":[{"href":"https:\/\/citydesants.com\/en\/wp-json\/wp\/v2\/types\/page"}],"author":[{"embeddable":true,"href":"https:\/\/citydesants.com\/en\/wp-json\/wp\/v2\/users\/1"}],"replies":[{"embeddable":true,"href":"https:\/\/citydesants.com\/en\/wp-json\/wp\/v2\/comments?post=2011"}],"version-history":[{"count":4,"href":"https:\/\/citydesants.com\/en\/wp-json\/wp\/v2\/pages\/2011\/revisions"}],"predecessor-version":[{"id":2015,"href":"https:\/\/citydesants.com\/en\/wp-json\/wp\/v2\/pages\/2011\/revisions\/2015"}],"wp:attachment":[{"href":"https:\/\/citydesants.com\/en\/wp-json\/wp\/v2\/media?parent=2011"}],"curies":[{"name":"wp","href":"https:\/\/api.w.org\/{rel}","templated":true}]}}