{"id":1783,"date":"2025-08-30T12:42:43","date_gmt":"2025-08-30T10:42:43","guid":{"rendered":"https:\/\/citydesants.com\/?page_id=1783"},"modified":"2025-08-30T12:51:30","modified_gmt":"2025-08-30T10:51:30","slug":"tapas-en-barcelona","status":"publish","type":"page","link":"https:\/\/citydesants.com\/en\/tapas-en-barcelona\/","title":{"rendered":"Tapas in Barcelona"},"content":{"rendered":"<div data-elementor-type=\"wp-page\" data-elementor-id=\"1783\" class=\"elementor elementor-1783\" data-elementor-post-type=\"page\">\n\t\t\t\t<div class=\"elementor-element elementor-element-e3ca7bd e-flex e-con-boxed e-con e-parent\" data-id=\"e3ca7bd\" data-element_type=\"container\">\n\t\t\t\t\t<div class=\"e-con-inner\">\n\t\t\t\t<div class=\"elementor-element elementor-element-abb282f elementor-widget elementor-widget-heading\" data-id=\"abb282f\" data-element_type=\"widget\" data-widget_type=\"heading.default\">\n\t\t\t\t<div class=\"elementor-widget-container\">\n\t\t\t\t\t<h2 class=\"elementor-heading-title elementor-size-default\">Tapas in Barcelona<\/h2>\t\t\t\t<\/div>\n\t\t\t\t<\/div>\n\t\t\t\t\t<\/div>\n\t\t\t\t<\/div>\n\t\t<div class=\"elementor-element elementor-element-97cfc12 e-flex e-con-boxed e-con e-parent\" data-id=\"97cfc12\" data-element_type=\"container\">\n\t\t\t\t\t<div class=\"e-con-inner\">\n\t\t<div class=\"elementor-element elementor-element-b1d6831 e-con-full e-flex e-con e-child\" data-id=\"b1d6831\" data-element_type=\"container\">\n\t\t\t\t<div class=\"elementor-element elementor-element-497f384 elementor-widget elementor-widget-text-editor\" data-id=\"497f384\" data-element_type=\"widget\" data-widget_type=\"text-editor.default\">\n\t\t\t\t<div class=\"elementor-widget-container\">\n\t\t\t\t\t\t\t\t\t<h3 data-start=\"1932\" data-end=\"1978\">Tapas in Barcelona for all tastes<\/h3><p data-start=\"1979\" data-end=\"2375\">When you think about <strong data-start=\"1999\" data-end=\"2021\">tapas in Barcelona<\/strong>Variety and authenticity are essential. At City de Sants, we offer a selection of homemade tapas that preserve the essence of Spanish tradition, but with a unique touch. Our goal is to ensure every customer enjoys a complete gastronomic experience, combining flavor, quality, and a welcoming atmosphere.<\/p>\t\t\t\t\t\t\t\t<\/div>\n\t\t\t\t<\/div>\n\t\t\t\t<\/div>\n\t\t<div class=\"elementor-element elementor-element-b8bcb53 e-con-full e-flex e-con e-child\" data-id=\"b8bcb53\" data-element_type=\"container\">\n\t\t\t\t<div class=\"elementor-element elementor-element-39ef305 elementor-widget elementor-widget-image\" data-id=\"39ef305\" data-element_type=\"widget\" data-widget_type=\"image.default\">\n\t\t\t\t<div class=\"elementor-widget-container\">\n\t\t\t\t\t\t\t\t\t\t\t\t\t\t\t<img fetchpriority=\"high\" decoding=\"async\" width=\"800\" height=\"566\" src=\"https:\/\/citydesants.com\/wp-content\/uploads\/2025\/07\/tapas-en-Barcelona-1024x724.jpg\" class=\"attachment-large size-large wp-image-1718\" alt=\"\" srcset=\"https:\/\/citydesants.com\/wp-content\/uploads\/2025\/07\/tapas-en-Barcelona-1024x724.jpg 1024w, https:\/\/citydesants.com\/wp-content\/uploads\/2025\/07\/tapas-en-Barcelona-300x212.jpg 300w, https:\/\/citydesants.com\/wp-content\/uploads\/2025\/07\/tapas-en-Barcelona-768x543.jpg 768w, https:\/\/citydesants.com\/wp-content\/uploads\/2025\/07\/tapas-en-Barcelona-1536x1086.jpg 1536w, https:\/\/citydesants.com\/wp-content\/uploads\/2025\/07\/tapas-en-Barcelona-18x12.jpg 18w, https:\/\/citydesants.com\/wp-content\/uploads\/2025\/07\/tapas-en-Barcelona.jpg 2000w\" sizes=\"(max-width: 800px) 100vw, 800px\" \/>\t\t\t\t\t\t\t\t\t\t\t\t\t\t\t<\/div>\n\t\t\t\t<\/div>\n\t\t\t\t<\/div>\n\t\t\t\t\t<\/div>\n\t\t\t\t<\/div>\n\t\t<div class=\"elementor-element elementor-element-dede71a e-flex e-con-boxed e-con e-parent\" data-id=\"dede71a\" data-element_type=\"container\">\n\t\t\t\t\t<div class=\"e-con-inner\">\n\t\t<div class=\"elementor-element elementor-element-b0edbba e-con-full e-flex e-con e-child\" data-id=\"b0edbba\" data-element_type=\"container\">\n\t\t\t\t<div class=\"elementor-element elementor-element-06a3901 elementor-widget elementor-widget-image\" data-id=\"06a3901\" data-element_type=\"widget\" data-widget_type=\"image.default\">\n\t\t\t\t<div class=\"elementor-widget-container\">\n\t\t\t\t\t\t\t\t\t\t\t\t\t\t\t<img decoding=\"async\" width=\"800\" height=\"566\" src=\"https:\/\/citydesants.com\/wp-content\/uploads\/2025\/07\/bar-de-tapas-1024x724.jpg\" class=\"attachment-large size-large wp-image-1717\" alt=\"\" srcset=\"https:\/\/citydesants.com\/wp-content\/uploads\/2025\/07\/bar-de-tapas-1024x724.jpg 1024w, https:\/\/citydesants.com\/wp-content\/uploads\/2025\/07\/bar-de-tapas-300x212.jpg 300w, https:\/\/citydesants.com\/wp-content\/uploads\/2025\/07\/bar-de-tapas-768x543.jpg 768w, https:\/\/citydesants.com\/wp-content\/uploads\/2025\/07\/bar-de-tapas-1536x1086.jpg 1536w, https:\/\/citydesants.com\/wp-content\/uploads\/2025\/07\/bar-de-tapas-18x12.jpg 18w, https:\/\/citydesants.com\/wp-content\/uploads\/2025\/07\/bar-de-tapas.jpg 2000w\" sizes=\"(max-width: 800px) 100vw, 800px\" \/>\t\t\t\t\t\t\t\t\t\t\t\t\t\t\t<\/div>\n\t\t\t\t<\/div>\n\t\t\t\t<\/div>\n\t\t<div class=\"elementor-element elementor-element-2c9f088 e-con-full e-flex e-con e-child\" data-id=\"2c9f088\" data-element_type=\"container\">\n\t\t\t\t<div class=\"elementor-element elementor-element-6168a38 elementor-widget elementor-widget-text-editor\" data-id=\"6168a38\" data-element_type=\"widget\" data-widget_type=\"text-editor.default\">\n\t\t\t\t<div class=\"elementor-widget-container\">\n\t\t\t\t\t\t\t\t\t<h3 data-start=\"2377\" data-end=\"2424\">Tapas in Barcelona in a friendly atmosphere<\/h3><p data-start=\"2425\" data-end=\"2820\">One of the great attractions of taking <strong data-start=\"2464\" data-end=\"2486\">tapas in Barcelona<\/strong> It&#039;s about sharing moments with friends and family. At City de Sants, we believe tapas are much more than food: they&#039;re a social ritual that brings people together around a table. That&#039;s why our bar offers a relaxed space where conversations flow while enjoying dishes made with fresh, local produce.<\/p>\t\t\t\t\t\t\t\t<\/div>\n\t\t\t\t<\/div>\n\t\t\t\t<\/div>\n\t\t\t\t\t<\/div>\n\t\t\t\t<\/div>\n\t\t<div class=\"elementor-element elementor-element-09aa09e e-flex e-con-boxed e-con e-parent\" data-id=\"09aa09e\" data-element_type=\"container\">\n\t\t\t\t\t<div class=\"e-con-inner\">\n\t\t\t\t<div class=\"elementor-element elementor-element-f33a054 elementor-widget elementor-widget-text-editor\" data-id=\"f33a054\" data-element_type=\"widget\" data-widget_type=\"text-editor.default\">\n\t\t\t\t<div class=\"elementor-widget-container\">\n\t\t\t\t\t\t\t\t\t<h3 data-start=\"2822\" data-end=\"2882\">City of Sants: your best option for tapas in Barcelona<\/h3><p data-start=\"2883\" data-end=\"3241\">Choose a place to enjoy <strong data-start=\"2917\" data-end=\"2939\">tapas in Barcelona<\/strong> It can be complicated due to the wide range of options available, but at City de Sants, we stand out thanks to the quality of our cuisine and the friendly service we offer each and every customer. Our homemade tapas are the best way to discover the essence of local cuisine in a comfortable and authentic setting.<\/p>\t\t\t\t\t\t\t\t<\/div>\n\t\t\t\t<\/div>\n\t\t\t\t\t<\/div>\n\t\t\t\t<\/div>\n\t\t<div class=\"elementor-element elementor-element-34edaea e-flex e-con-boxed e-con e-parent\" data-id=\"34edaea\" data-element_type=\"container\">\n\t\t\t\t\t<div class=\"e-con-inner\">\n\t\t<div class=\"elementor-element elementor-element-4825d0d e-con-full e-flex e-con e-child\" data-id=\"4825d0d\" data-element_type=\"container\" data-settings=\"{&quot;background_background&quot;:&quot;classic&quot;}\">\n\t\t\t\t<div class=\"elementor-element elementor-element-bc597c1 elementor-widget elementor-widget-heading\" data-id=\"bc597c1\" data-element_type=\"widget\" data-widget_type=\"heading.default\">\n\t\t\t\t<div class=\"elementor-widget-container\">\n\t\t\t\t\t<p class=\"elementor-heading-title elementor-size-default\">Write to us and we will respond as soon as possible.<\/p>\t\t\t\t<\/div>\n\t\t\t\t<\/div>\n\t\t\t\t<div class=\"elementor-element elementor-element-e044ee2 elementor-widget elementor-widget-heading\" data-id=\"e044ee2\" data-element_type=\"widget\" data-widget_type=\"heading.default\">\n\t\t\t\t<div class=\"elementor-widget-container\">\n\t\t\t\t\t<h2 class=\"elementor-heading-title elementor-size-default\">Would you like to reserve a table or ask us a question? \n<\/h2>\t\t\t\t<\/div>\n\t\t\t\t<\/div>\n\t\t\t\t<div class=\"elementor-element elementor-element-ddaf890 elementor-widget elementor-widget-image\" data-id=\"ddaf890\" data-element_type=\"widget\" data-widget_type=\"image.default\">\n\t\t\t\t<div class=\"elementor-widget-container\">\n\t\t\t\t\t\t\t\t\t\t\t\t\t\t\t<img decoding=\"async\" width=\"212\" height=\"24\" src=\"https:\/\/citydesants.com\/wp-content\/uploads\/2025\/05\/resta-img20.png\" class=\"attachment-medium size-medium wp-image-78\" alt=\"\" \/>\t\t\t\t\t\t\t\t\t\t\t\t\t\t\t<\/div>\n\t\t\t\t<\/div>\n\t\t\t\t<div class=\"elementor-element elementor-element-9931bf4 elementor-widget elementor-widget-elementskit-contact-form7\" data-id=\"9931bf4\" data-element_type=\"widget\" data-widget_type=\"elementskit-contact-form7.default\">\n\t\t\t\t<div class=\"elementor-widget-container\">\n\t\t\t\t\t<div class=\"ekit-wid-con\" ><div class=\"ekit-form\">\n<div class=\"wpcf7 no-js\" id=\"wpcf7-f48-p1783-o1\" lang=\"es-ES\" dir=\"ltr\" data-wpcf7-id=\"48\">\n<div class=\"screen-reader-response\"><p role=\"status\" aria-live=\"polite\" aria-atomic=\"true\"><\/p> <ul><\/ul><\/div>\n<form action=\"\/en\/tapas-en-barcelona\/#wpcf7-f48-p1783-o1\" method=\"post\" class=\"wpcf7-form init\" aria-label=\"Formulario de contacto\" novalidate=\"novalidate\" data-status=\"init\" data-no-translation-aria-label=\"\" data-trp-original-action=\"\/en\/tapas-en-barcelona\/#wpcf7-f48-p1783-o1\">\n<fieldset class=\"hidden-fields-container\"><input type=\"hidden\" name=\"_wpcf7\" value=\"48\" \/><input type=\"hidden\" name=\"_wpcf7_version\" value=\"6.1.3\" \/><input type=\"hidden\" name=\"_wpcf7_locale\" value=\"es_ES\" \/><input type=\"hidden\" name=\"_wpcf7_unit_tag\" value=\"wpcf7-f48-p1783-o1\" \/><input type=\"hidden\" name=\"_wpcf7_container_post\" value=\"1783\" \/><input type=\"hidden\" name=\"_wpcf7_posted_data_hash\" value=\"\" \/><input type=\"hidden\" name=\"_wpcf7_recaptcha_response\" value=\"\" \/>\n<\/fieldset>\n<div class=\"form-row\">\n\t<div class=\"form-column\">\n\t\t<p><label for=\"nombre\">Name *<\/label><br \/>\n<span class=\"wpcf7-form-control-wrap\" data-name=\"nombre\"><input size=\"40\" maxlength=\"400\" class=\"wpcf7-form-control wpcf7-text wpcf7-validates-as-required\" id=\"nombre\" aria-required=\"true\" aria-invalid=\"false\" placeholder=\"Example: Juan Garc\u00eda\" value=\"\" type=\"text\" name=\"nombre\" \/><\/span>\n\t\t<\/p>\n\t<\/div>\n\t<div class=\"form-column\">\n\t\t<p><label for=\"telefono\">Phone *<\/label><br \/>\n<span class=\"wpcf7-form-control-wrap\" data-name=\"telefono\"><input size=\"40\" maxlength=\"400\" class=\"wpcf7-form-control wpcf7-tel wpcf7-validates-as-required wpcf7-text wpcf7-validates-as-tel\" id=\"telefono\" aria-required=\"true\" aria-invalid=\"false\" placeholder=\"Example: 666 777 888\" value=\"\" type=\"tel\" name=\"telefono\" \/><\/span>\n\t\t<\/p>\n\t<\/div>\n<\/div>\n<div class=\"form-row\">\n\t<div class=\"form-column\">\n\t\t<p><label for=\"email\">Email *<\/label><br \/>\n<span class=\"wpcf7-form-control-wrap\" data-name=\"email\"><input size=\"40\" maxlength=\"400\" class=\"wpcf7-form-control wpcf7-email wpcf7-validates-as-required wpcf7-text wpcf7-validates-as-email\" id=\"email\" aria-required=\"true\" aria-invalid=\"false\" placeholder=\"Example: info@domain.com\" value=\"\" type=\"email\" name=\"email\" \/><\/span>\n\t\t<\/p>\n\t<\/div>\n\t<div class=\"form-column\">\n\t\t<p><label for=\"asunto\">Affair *<\/label><br \/>\n<span class=\"wpcf7-form-control-wrap\" data-name=\"asunto\"><input size=\"40\" maxlength=\"400\" class=\"wpcf7-form-control wpcf7-text wpcf7-validates-as-required\" id=\"asunto\" aria-required=\"true\" aria-invalid=\"false\" placeholder=\"Reason for consultation\" value=\"\" type=\"text\" name=\"asunto\" \/><\/span>\n\t\t<\/p>\n\t<\/div>\n<\/div>\n<div class=\"form-row-full\">\n\t<p><label for=\"mensaje\">Message *<\/label><br \/>\n<span class=\"wpcf7-form-control-wrap\" data-name=\"mensaje\"><textarea cols=\"40\" rows=\"10\" maxlength=\"2000\" class=\"wpcf7-form-control wpcf7-textarea wpcf7-validates-as-required\" id=\"mensaje\" aria-required=\"true\" aria-invalid=\"false\" placeholder=\"Write your message here...\" name=\"mensaje\"><\/textarea><\/span>\n\t<\/p>\n<\/div>\n<div class=\"form-acceptance\">\n\t<p><span class=\"wpcf7-form-control-wrap\" data-name=\"politica\"><span class=\"wpcf7-form-control wpcf7-acceptance\"><span class=\"wpcf7-list-item\"><label><input type=\"checkbox\" name=\"politica\" value=\"1\" aria-invalid=\"false\" \/><span class=\"wpcf7-list-item-label\"><span class=\"txt-acepto\">I have read and agree to the <\/span>\n    <a class=\"pp\" href=\"\/en\/politica-de-privacidad\/\">Privacy Policy<\/a><\/span><\/label><\/span><\/span><\/span>\n\t<\/p>\n<\/div>\n<p><input class=\"wpcf7-form-control wpcf7-submit has-spinner\" type=\"submit\" value=\"Send message\" \/>\n<\/p><div class=\"wpcf7-response-output\" aria-hidden=\"true\"><\/div>\n<input type=\"hidden\" name=\"trp-form-language\" value=\"en\"\/><\/form>\n<\/div>\n<\/div><\/div>\t\t\t\t<\/div>\n\t\t\t\t<\/div>\n\t\t\t\t<div class=\"elementor-element elementor-element-0582988 elementor-widget elementor-widget-text-editor\" data-id=\"0582988\" data-element_type=\"widget\" data-widget_type=\"text-editor.default\">\n\t\t\t\t<div class=\"elementor-widget-container\">\n\t\t\t\t\t\t\t\t\t<p>*No reservations will be made on Barcelona match days.<\/p>\t\t\t\t\t\t\t\t<\/div>\n\t\t\t\t<\/div>\n\t\t\t\t<\/div>\n\t\t\t\t\t<\/div>\n\t\t\t\t<\/div>\n\t\t\t\t<\/div>","protected":false},"excerpt":{"rendered":"<p>Tapas en Barcelona Tapas en Barcelona para todos los gustos Cuando se piensa en tapas en Barcelona, la variedad y la autenticidad son imprescindibles. En City de Sants ofrecemos una selecci\u00f3n de tapas caseras que conservan la esencia de la tradici\u00f3n espa\u00f1ola, pero con un toque propio que las hace \u00fanicas. Nuestro objetivo es que [&hellip;]<\/p>","protected":false},"author":1,"featured_media":0,"parent":0,"menu_order":0,"comment_status":"closed","ping_status":"closed","template":"","meta":{"_acf_changed":false,"footnotes":""},"class_list":["post-1783","page","type-page","status-publish","hentry"],"acf":[],"yoast_head":"<!-- This site is optimized with the Yoast SEO plugin v26.4 - https:\/\/yoast.com\/wordpress\/plugins\/seo\/ -->\n<title>Tapas en Barcelona - CITY DE SANTS<\/title>\n<meta name=\"robots\" content=\"index, follow, max-snippet:-1, max-image-preview:large, max-video-preview:-1\" \/>\n<link rel=\"canonical\" href=\"https:\/\/citydesants.com\/en\/tapas-en-barcelona\/\" \/>\n<meta property=\"og:locale\" content=\"en_GB\" \/>\n<meta property=\"og:type\" content=\"article\" \/>\n<meta property=\"og:title\" content=\"Tapas en Barcelona - CITY DE SANTS\" \/>\n<meta property=\"og:description\" content=\"Tapas en Barcelona Tapas en Barcelona para todos los gustos Cuando se piensa en tapas en Barcelona, la variedad y la autenticidad son imprescindibles. En City de Sants ofrecemos una selecci\u00f3n de tapas caseras que conservan la esencia de la tradici\u00f3n espa\u00f1ola, pero con un toque propio que las hace \u00fanicas. Nuestro objetivo es que [&hellip;]\" \/>\n<meta property=\"og:url\" content=\"https:\/\/citydesants.com\/en\/tapas-en-barcelona\/\" \/>\n<meta property=\"og:site_name\" content=\"CITY DE SANTS\" \/>\n<meta property=\"article:modified_time\" content=\"2025-08-30T10:51:30+00:00\" \/>\n<meta property=\"og:image\" content=\"https:\/\/citydesants.com\/wp-content\/uploads\/2025\/07\/tapas-en-Barcelona.jpg\" \/>\n\t<meta property=\"og:image:width\" content=\"2000\" \/>\n\t<meta property=\"og:image:height\" content=\"1414\" \/>\n\t<meta property=\"og:image:type\" content=\"image\/jpeg\" \/>\n<meta name=\"twitter:card\" content=\"summary_large_image\" \/>\n<meta name=\"twitter:label1\" content=\"Estimated reading time\" \/>\n\t<meta name=\"twitter:data1\" content=\"2 minutes\" \/>\n<script type=\"application\/ld+json\" class=\"yoast-schema-graph\">{\"@context\":\"https:\/\/schema.org\",\"@graph\":[{\"@type\":\"WebPage\",\"@id\":\"https:\/\/citydesants.com\/tapas-en-barcelona\/\",\"url\":\"https:\/\/citydesants.com\/tapas-en-barcelona\/\",\"name\":\"Tapas en Barcelona - CITY DE SANTS\",\"isPartOf\":{\"@id\":\"https:\/\/citydesants.com\/#website\"},\"primaryImageOfPage\":{\"@id\":\"https:\/\/citydesants.com\/tapas-en-barcelona\/#primaryimage\"},\"image\":{\"@id\":\"https:\/\/citydesants.com\/tapas-en-barcelona\/#primaryimage\"},\"thumbnailUrl\":\"https:\/\/citydesants.com\/wp-content\/uploads\/2025\/07\/tapas-en-Barcelona-1024x724.jpg\",\"datePublished\":\"2025-08-30T10:42:43+00:00\",\"dateModified\":\"2025-08-30T10:51:30+00:00\",\"breadcrumb\":{\"@id\":\"https:\/\/citydesants.com\/tapas-en-barcelona\/#breadcrumb\"},\"inLanguage\":\"en-GB\",\"potentialAction\":[{\"@type\":\"ReadAction\",\"target\":[\"https:\/\/citydesants.com\/tapas-en-barcelona\/\"]}]},{\"@type\":\"ImageObject\",\"inLanguage\":\"en-GB\",\"@id\":\"https:\/\/citydesants.com\/tapas-en-barcelona\/#primaryimage\",\"url\":\"https:\/\/citydesants.com\/wp-content\/uploads\/2025\/07\/tapas-en-Barcelona-1024x724.jpg\",\"contentUrl\":\"https:\/\/citydesants.com\/wp-content\/uploads\/2025\/07\/tapas-en-Barcelona-1024x724.jpg\"},{\"@type\":\"BreadcrumbList\",\"@id\":\"https:\/\/citydesants.com\/tapas-en-barcelona\/#breadcrumb\",\"itemListElement\":[{\"@type\":\"ListItem\",\"position\":1,\"name\":\"Portada\",\"item\":\"https:\/\/citydesants.com\/\"},{\"@type\":\"ListItem\",\"position\":2,\"name\":\"Tapas en Barcelona\"}]},{\"@type\":\"WebSite\",\"@id\":\"https:\/\/citydesants.com\/#website\",\"url\":\"https:\/\/citydesants.com\/\",\"name\":\"CITY DE SANTS\",\"description\":\"Bar restaurante deportivo en el barrio de Sants\",\"publisher\":{\"@id\":\"https:\/\/citydesants.com\/#organization\"},\"potentialAction\":[{\"@type\":\"SearchAction\",\"target\":{\"@type\":\"EntryPoint\",\"urlTemplate\":\"https:\/\/citydesants.com\/?s={search_term_string}\"},\"query-input\":{\"@type\":\"PropertyValueSpecification\",\"valueRequired\":true,\"valueName\":\"search_term_string\"}}],\"inLanguage\":\"en-GB\"},{\"@type\":\"Organization\",\"@id\":\"https:\/\/citydesants.com\/#organization\",\"name\":\"CITY DE SANTS\",\"url\":\"https:\/\/citydesants.com\/\",\"logo\":{\"@type\":\"ImageObject\",\"inLanguage\":\"en-GB\",\"@id\":\"https:\/\/citydesants.com\/#\/schema\/logo\/image\/\",\"url\":\"https:\/\/citydesants.com\/wp-content\/uploads\/2025\/05\/Logo-horizontal-5.webp\",\"contentUrl\":\"https:\/\/citydesants.com\/wp-content\/uploads\/2025\/05\/Logo-horizontal-5.webp\",\"width\":326,\"height\":125,\"caption\":\"CITY DE SANTS\"},\"image\":{\"@id\":\"https:\/\/citydesants.com\/#\/schema\/logo\/image\/\"}}]}<\/script>\n<!-- \/ Yoast SEO plugin. -->","yoast_head_json":{"title":"Tapas en Barcelona - CITY DE SANTS","robots":{"index":"index","follow":"follow","max-snippet":"max-snippet:-1","max-image-preview":"max-image-preview:large","max-video-preview":"max-video-preview:-1"},"canonical":"https:\/\/citydesants.com\/en\/tapas-en-barcelona\/","og_locale":"en_GB","og_type":"article","og_title":"Tapas en Barcelona - CITY DE SANTS","og_description":"Tapas en Barcelona Tapas en Barcelona para todos los gustos Cuando se piensa en tapas en Barcelona, la variedad y la autenticidad son imprescindibles. En City de Sants ofrecemos una selecci\u00f3n de tapas caseras que conservan la esencia de la tradici\u00f3n espa\u00f1ola, pero con un toque propio que las hace \u00fanicas. Nuestro objetivo es que [&hellip;]","og_url":"https:\/\/citydesants.com\/en\/tapas-en-barcelona\/","og_site_name":"CITY DE SANTS","article_modified_time":"2025-08-30T10:51:30+00:00","og_image":[{"width":2000,"height":1414,"url":"https:\/\/citydesants.com\/wp-content\/uploads\/2025\/07\/tapas-en-Barcelona.jpg","type":"image\/jpeg"}],"twitter_card":"summary_large_image","twitter_misc":{"Estimated reading time":"2 minutes"},"schema":{"@context":"https:\/\/schema.org","@graph":[{"@type":"WebPage","@id":"https:\/\/citydesants.com\/tapas-en-barcelona\/","url":"https:\/\/citydesants.com\/tapas-en-barcelona\/","name":"Tapas en Barcelona - CITY DE SANTS","isPartOf":{"@id":"https:\/\/citydesants.com\/#website"},"primaryImageOfPage":{"@id":"https:\/\/citydesants.com\/tapas-en-barcelona\/#primaryimage"},"image":{"@id":"https:\/\/citydesants.com\/tapas-en-barcelona\/#primaryimage"},"thumbnailUrl":"https:\/\/citydesants.com\/wp-content\/uploads\/2025\/07\/tapas-en-Barcelona-1024x724.jpg","datePublished":"2025-08-30T10:42:43+00:00","dateModified":"2025-08-30T10:51:30+00:00","breadcrumb":{"@id":"https:\/\/citydesants.com\/tapas-en-barcelona\/#breadcrumb"},"inLanguage":"en-GB","potentialAction":[{"@type":"ReadAction","target":["https:\/\/citydesants.com\/tapas-en-barcelona\/"]}]},{"@type":"ImageObject","inLanguage":"en-GB","@id":"https:\/\/citydesants.com\/tapas-en-barcelona\/#primaryimage","url":"https:\/\/citydesants.com\/wp-content\/uploads\/2025\/07\/tapas-en-Barcelona-1024x724.jpg","contentUrl":"https:\/\/citydesants.com\/wp-content\/uploads\/2025\/07\/tapas-en-Barcelona-1024x724.jpg"},{"@type":"BreadcrumbList","@id":"https:\/\/citydesants.com\/tapas-en-barcelona\/#breadcrumb","itemListElement":[{"@type":"ListItem","position":1,"name":"Portada","item":"https:\/\/citydesants.com\/"},{"@type":"ListItem","position":2,"name":"Tapas en Barcelona"}]},{"@type":"WebSite","@id":"https:\/\/citydesants.com\/#website","url":"https:\/\/citydesants.com\/","name":"CITY OF SANTS","description":"Sports bar and restaurant in the Sants neighborhood","publisher":{"@id":"https:\/\/citydesants.com\/#organization"},"potentialAction":[{"@type":"SearchAction","target":{"@type":"EntryPoint","urlTemplate":"https:\/\/citydesants.com\/?s={search_term_string}"},"query-input":{"@type":"PropertyValueSpecification","valueRequired":true,"valueName":"search_term_string"}}],"inLanguage":"en-GB"},{"@type":"Organization","@id":"https:\/\/citydesants.com\/#organization","name":"CITY OF SANTS","url":"https:\/\/citydesants.com\/","logo":{"@type":"ImageObject","inLanguage":"en-GB","@id":"https:\/\/citydesants.com\/#\/schema\/logo\/image\/","url":"https:\/\/citydesants.com\/wp-content\/uploads\/2025\/05\/Logo-horizontal-5.webp","contentUrl":"https:\/\/citydesants.com\/wp-content\/uploads\/2025\/05\/Logo-horizontal-5.webp","width":326,"height":125,"caption":"CITY DE SANTS"},"image":{"@id":"https:\/\/citydesants.com\/#\/schema\/logo\/image\/"}}]}},"_links":{"self":[{"href":"https:\/\/citydesants.com\/en\/wp-json\/wp\/v2\/pages\/1783","targetHints":{"allow":["GET"]}}],"collection":[{"href":"https:\/\/citydesants.com\/en\/wp-json\/wp\/v2\/pages"}],"about":[{"href":"https:\/\/citydesants.com\/en\/wp-json\/wp\/v2\/types\/page"}],"author":[{"embeddable":true,"href":"https:\/\/citydesants.com\/en\/wp-json\/wp\/v2\/users\/1"}],"replies":[{"embeddable":true,"href":"https:\/\/citydesants.com\/en\/wp-json\/wp\/v2\/comments?post=1783"}],"version-history":[{"count":7,"href":"https:\/\/citydesants.com\/en\/wp-json\/wp\/v2\/pages\/1783\/revisions"}],"predecessor-version":[{"id":1792,"href":"https:\/\/citydesants.com\/en\/wp-json\/wp\/v2\/pages\/1783\/revisions\/1792"}],"wp:attachment":[{"href":"https:\/\/citydesants.com\/en\/wp-json\/wp\/v2\/media?parent=1783"}],"curies":[{"name":"wp","href":"https:\/\/api.w.org\/{rel}","templated":true}]}}