{"id":1734,"date":"2025-07-20T00:00:21","date_gmt":"2025-07-19T22:00:21","guid":{"rendered":"https:\/\/citydesants.com\/?page_id=1734"},"modified":"2025-09-17T18:51:37","modified_gmt":"2025-09-17T16:51:37","slug":"bar-de-tapas-en-barcelona","status":"publish","type":"page","link":"https:\/\/citydesants.com\/en\/bar-de-tapas-en-barcelona\/","title":{"rendered":"Tapas bar in Barcelona"},"content":{"rendered":"<div data-elementor-type=\"wp-page\" data-elementor-id=\"1734\" class=\"elementor elementor-1734\" data-elementor-post-type=\"page\">\n\t\t\t\t<div class=\"elementor-element elementor-element-fde5713 e-flex e-con-boxed e-con e-parent\" data-id=\"fde5713\" data-element_type=\"container\" data-settings=\"{&quot;background_background&quot;:&quot;classic&quot;}\">\n\t\t\t\t\t<div class=\"e-con-inner\">\n\t\t\t\t<div class=\"elementor-element elementor-element-a4b2599 elementor-widget elementor-widget-heading\" data-id=\"a4b2599\" data-element_type=\"widget\" data-widget_type=\"heading.default\">\n\t\t\t\t<div class=\"elementor-widget-container\">\n\t\t\t\t\t<h1 class=\"elementor-heading-title elementor-size-default\">Tapas bar in Barcelona<\/h1>\t\t\t\t<\/div>\n\t\t\t\t<\/div>\n\t\t\t\t\t<\/div>\n\t\t\t\t<\/div>\n\t\t<div class=\"elementor-element elementor-element-6e2c094 e-con-full e-flex e-con e-parent\" data-id=\"6e2c094\" data-element_type=\"container\">\n\t\t\t\t<div class=\"elementor-element elementor-element-b527bd6 elementor-widget elementor-widget-image\" data-id=\"b527bd6\" data-element_type=\"widget\" data-widget_type=\"image.default\">\n\t\t\t\t<div class=\"elementor-widget-container\">\n\t\t\t\t\t\t\t\t\t\t\t\t\t\t\t<img fetchpriority=\"high\" decoding=\"async\" width=\"2040\" height=\"78\" src=\"https:\/\/citydesants.com\/wp-content\/uploads\/2025\/05\/resta-img23.png\" class=\"attachment-full size-full wp-image-77\" alt=\"\" srcset=\"https:\/\/citydesants.com\/wp-content\/uploads\/2025\/05\/resta-img23.png 2040w, https:\/\/citydesants.com\/wp-content\/uploads\/2025\/05\/resta-img23-300x11.png 300w, https:\/\/citydesants.com\/wp-content\/uploads\/2025\/05\/resta-img23-1024x39.png 1024w, https:\/\/citydesants.com\/wp-content\/uploads\/2025\/05\/resta-img23-768x29.png 768w, https:\/\/citydesants.com\/wp-content\/uploads\/2025\/05\/resta-img23-1536x59.png 1536w, https:\/\/citydesants.com\/wp-content\/uploads\/2025\/05\/resta-img23-600x23.png 600w\" sizes=\"(max-width: 2040px) 100vw, 2040px\" \/>\t\t\t\t\t\t\t\t\t\t\t\t\t\t\t<\/div>\n\t\t\t\t<\/div>\n\t\t\t\t<\/div>\n\t\t<div class=\"elementor-element elementor-element-62d42c8 e-flex e-con-boxed e-con e-parent\" data-id=\"62d42c8\" data-element_type=\"container\">\n\t\t\t\t\t<div class=\"e-con-inner\">\n\t\t<div class=\"elementor-element elementor-element-39e3de1 e-con-full e-flex e-con e-child\" data-id=\"39e3de1\" data-element_type=\"container\">\n\t\t\t\t<div class=\"elementor-element elementor-element-a628a6e elementor-widget elementor-widget-text-editor\" data-id=\"a628a6e\" data-element_type=\"widget\" data-widget_type=\"text-editor.default\">\n\t\t\t\t<div class=\"elementor-widget-container\">\n\t\t\t\t\t\t\t\t\t<h2 data-start=\"2874\" data-end=\"2955\"><strong data-start=\"2878\" data-end=\"2955\">City de Sants: the tapas bar in Barcelona with authentic neighborhood flavor<\/strong><\/h2><p data-start=\"2957\" data-end=\"3410\">Barcelona is known for its gastronomic diversity, and tapas bars are part of its essence. If you&#039;re looking for a <strong data-start=\"3070\" data-end=\"3099\">tapas bar in Barcelona<\/strong> that combines tradition, home cooking and a welcoming atmosphere, <strong data-start=\"3161\" data-end=\"3178\">City of Sants<\/strong> It&#039;s a must-visit. With over 25 years of experience in the neighborhood, this establishment has become a benchmark for those who want to enjoy authentic tapas, made with fresh ingredients and time-honored recipes.<\/p>\t\t\t\t\t\t\t\t<\/div>\n\t\t\t\t<\/div>\n\t\t\t\t<\/div>\n\t\t<div class=\"elementor-element elementor-element-ba2251c e-con-full e-flex e-con e-child\" data-id=\"ba2251c\" data-element_type=\"container\">\n\t\t\t\t<div class=\"elementor-element elementor-element-95da93b elementor-widget elementor-widget-image\" data-id=\"95da93b\" data-element_type=\"widget\" data-widget_type=\"image.default\">\n\t\t\t\t<div class=\"elementor-widget-container\">\n\t\t\t\t\t\t\t\t\t\t\t\t\t\t\t<img decoding=\"async\" width=\"800\" height=\"566\" src=\"https:\/\/citydesants.com\/wp-content\/uploads\/2025\/07\/bar-de-tapas-en-Barcelona-1024x724.jpg\" class=\"attachment-large size-large wp-image-1716\" alt=\"\" srcset=\"https:\/\/citydesants.com\/wp-content\/uploads\/2025\/07\/bar-de-tapas-en-Barcelona-1024x724.jpg 1024w, https:\/\/citydesants.com\/wp-content\/uploads\/2025\/07\/bar-de-tapas-en-Barcelona-300x212.jpg 300w, https:\/\/citydesants.com\/wp-content\/uploads\/2025\/07\/bar-de-tapas-en-Barcelona-768x543.jpg 768w, https:\/\/citydesants.com\/wp-content\/uploads\/2025\/07\/bar-de-tapas-en-Barcelona-1536x1086.jpg 1536w, https:\/\/citydesants.com\/wp-content\/uploads\/2025\/07\/bar-de-tapas-en-Barcelona-18x12.jpg 18w, https:\/\/citydesants.com\/wp-content\/uploads\/2025\/07\/bar-de-tapas-en-Barcelona.jpg 2000w\" sizes=\"(max-width: 800px) 100vw, 800px\" \/>\t\t\t\t\t\t\t\t\t\t\t\t\t\t\t<\/div>\n\t\t\t\t<\/div>\n\t\t\t\t<\/div>\n\t\t\t\t\t<\/div>\n\t\t\t\t<\/div>\n\t\t<div class=\"elementor-element elementor-element-22a6a74 e-flex e-con-boxed e-con e-parent\" data-id=\"22a6a74\" data-element_type=\"container\">\n\t\t\t\t\t<div class=\"e-con-inner\">\n\t\t<div class=\"elementor-element elementor-element-05f2fb3 e-con-full e-flex e-con e-child\" data-id=\"05f2fb3\" data-element_type=\"container\">\n\t\t\t\t<div class=\"elementor-element elementor-element-8d6fa31 elementor-widget elementor-widget-image\" data-id=\"8d6fa31\" data-element_type=\"widget\" data-widget_type=\"image.default\">\n\t\t\t\t<div class=\"elementor-widget-container\">\n\t\t\t\t\t\t\t\t\t\t\t\t\t\t\t<img decoding=\"async\" width=\"800\" height=\"566\" src=\"https:\/\/citydesants.com\/wp-content\/uploads\/2025\/06\/tapas-caseras-1024x724.jpg\" class=\"attachment-large size-large wp-image-1702\" alt=\"tapas-caseras\" srcset=\"https:\/\/citydesants.com\/wp-content\/uploads\/2025\/06\/tapas-caseras-1024x724.jpg 1024w, https:\/\/citydesants.com\/wp-content\/uploads\/2025\/06\/tapas-caseras-300x212.jpg 300w, https:\/\/citydesants.com\/wp-content\/uploads\/2025\/06\/tapas-caseras-768x543.jpg 768w, https:\/\/citydesants.com\/wp-content\/uploads\/2025\/06\/tapas-caseras-1536x1086.jpg 1536w, https:\/\/citydesants.com\/wp-content\/uploads\/2025\/06\/tapas-caseras-18x12.jpg 18w, https:\/\/citydesants.com\/wp-content\/uploads\/2025\/06\/tapas-caseras.jpg 2000w\" sizes=\"(max-width: 800px) 100vw, 800px\" \/>\t\t\t\t\t\t\t\t\t\t\t\t\t\t\t<\/div>\n\t\t\t\t<\/div>\n\t\t\t\t<\/div>\n\t\t<div class=\"elementor-element elementor-element-47128cc e-con-full e-flex e-con e-child\" data-id=\"47128cc\" data-element_type=\"container\">\n\t\t\t\t<div class=\"elementor-element elementor-element-0e290e0 elementor-widget elementor-widget-text-editor\" data-id=\"0e290e0\" data-element_type=\"widget\" data-widget_type=\"text-editor.default\">\n\t\t\t\t<div class=\"elementor-widget-container\">\n\t\t\t\t\t\t\t\t\t<h2 data-start=\"3417\" data-end=\"3476\"><strong data-start=\"3421\" data-end=\"3476\">A tapas bar in Barcelona where quality is paramount<\/strong><\/h2><p data-start=\"3478\" data-end=\"3816\">City of Sants is a <strong data-start=\"3498\" data-end=\"3527\">tapas bar in Barcelona<\/strong> who has managed to remain faithful to home-style cooking. Here, each tapa is freshly prepared, without pre-cooked ingredients. From bravas with homemade sauce to handmade croquettes or juicy potato omelets, each dish is a testament to the commitment to offering quality and authentic flavor.<\/p><p data-start=\"3818\" data-end=\"3994\">It&#039;s not just about eating, it&#039;s about enjoying an experience. Tapas that invite you to share, converse, and savor the essence of Spanish cuisine in a welcoming environment.<\/p>\t\t\t\t\t\t\t\t<\/div>\n\t\t\t\t<\/div>\n\t\t\t\t<\/div>\n\t\t\t\t\t<\/div>\n\t\t\t\t<\/div>\n\t\t<div class=\"elementor-element elementor-element-c376230 e-flex e-con-boxed e-con e-parent\" data-id=\"c376230\" data-element_type=\"container\">\n\t\t\t\t\t<div class=\"e-con-inner\">\n\t\t\t\t<div class=\"elementor-element elementor-element-f5c0cd1 elementor-widget elementor-widget-text-editor\" data-id=\"f5c0cd1\" data-element_type=\"widget\" data-widget_type=\"text-editor.default\">\n\t\t\t\t<div class=\"elementor-widget-container\">\n\t\t\t\t\t\t\t\t\t<h2 data-start=\"4001\" data-end=\"4060\"><strong data-start=\"4005\" data-end=\"4060\">A tapas bar in Barcelona with an authentic atmosphere<\/strong><\/h2><p data-start=\"4062\" data-end=\"4422\">At City de Sants, tapas are accompanied by an atmosphere that reflects the neighborhood&#039;s essence. It&#039;s a place to go with friends, to celebrate, to have a drink after work, or simply to relax with a good glass of wine. <strong data-start=\"4301\" data-end=\"4330\">tapas bar in Barcelona<\/strong> It is ideal for those seeking authenticity, without inflated prices or pretentious proposals.<\/p><h2 data-start=\"4429\" data-end=\"4493\"><strong data-start=\"4433\" data-end=\"4493\">City de Sants: your trusted tapas bar in Barcelona<\/strong><\/h2><p data-start=\"4495\" data-end=\"4742\">If you want to experience a real tapas experience, City de Sants is your place. Among all the <strong data-start=\"4586\" data-end=\"4617\">tapas bars in Barcelona<\/strong>, which stands out for its home-style cooking, friendly service, and honest prices. Here you don&#039;t just eat; you experience the flavor of the neighborhood.<\/p>\t\t\t\t\t\t\t\t<\/div>\n\t\t\t\t<\/div>\n\t\t\t\t\t<\/div>\n\t\t\t\t<\/div>\n\t\t<div class=\"elementor-element elementor-element-3038ef6 e-flex e-con-boxed e-con e-parent\" data-id=\"3038ef6\" data-element_type=\"container\">\n\t\t\t\t\t<div class=\"e-con-inner\">\n\t\t<div class=\"elementor-element elementor-element-7ef3325 e-con-full e-flex e-con e-child\" data-id=\"7ef3325\" data-element_type=\"container\" data-settings=\"{&quot;background_background&quot;:&quot;classic&quot;}\">\n\t\t\t\t<div class=\"elementor-element elementor-element-52b9969 elementor-widget elementor-widget-heading\" data-id=\"52b9969\" data-element_type=\"widget\" data-widget_type=\"heading.default\">\n\t\t\t\t<div class=\"elementor-widget-container\">\n\t\t\t\t\t<p class=\"elementor-heading-title elementor-size-default\">Write to us and we will respond as soon as possible.<\/p>\t\t\t\t<\/div>\n\t\t\t\t<\/div>\n\t\t\t\t<div class=\"elementor-element elementor-element-ed10a38 elementor-widget elementor-widget-heading\" data-id=\"ed10a38\" data-element_type=\"widget\" data-widget_type=\"heading.default\">\n\t\t\t\t<div class=\"elementor-widget-container\">\n\t\t\t\t\t<h2 class=\"elementor-heading-title elementor-size-default\">Would you like to reserve a table or ask us a question? \n<\/h2>\t\t\t\t<\/div>\n\t\t\t\t<\/div>\n\t\t\t\t<div class=\"elementor-element elementor-element-be90560 elementor-widget elementor-widget-image\" data-id=\"be90560\" data-element_type=\"widget\" data-widget_type=\"image.default\">\n\t\t\t\t<div class=\"elementor-widget-container\">\n\t\t\t\t\t\t\t\t\t\t\t\t\t\t\t<img loading=\"lazy\" decoding=\"async\" width=\"212\" height=\"24\" src=\"https:\/\/citydesants.com\/wp-content\/uploads\/2025\/05\/resta-img20.png\" class=\"attachment-medium size-medium wp-image-78\" alt=\"\" \/>\t\t\t\t\t\t\t\t\t\t\t\t\t\t\t<\/div>\n\t\t\t\t<\/div>\n\t\t\t\t<div class=\"elementor-element elementor-element-2074a0e elementor-widget elementor-widget-elementskit-contact-form7\" data-id=\"2074a0e\" data-element_type=\"widget\" data-widget_type=\"elementskit-contact-form7.default\">\n\t\t\t\t<div class=\"elementor-widget-container\">\n\t\t\t\t\t<div class=\"ekit-wid-con\" ><div class=\"ekit-form\">\n<div class=\"wpcf7 no-js\" id=\"wpcf7-f48-p1734-o1\" lang=\"es-ES\" dir=\"ltr\" data-wpcf7-id=\"48\">\n<div class=\"screen-reader-response\"><p role=\"status\" aria-live=\"polite\" aria-atomic=\"true\"><\/p> <ul><\/ul><\/div>\n<form action=\"\/en\/bar-de-tapas-en-barcelona\/#wpcf7-f48-p1734-o1\" method=\"post\" class=\"wpcf7-form init\" aria-label=\"Contact form\" novalidate=\"novalidate\" data-status=\"init\" data-trp-original-action=\"\/bar-de-tapas-en-barcelona\/#wpcf7-f48-p1734-o1\">\n<fieldset class=\"hidden-fields-container\"><input type=\"hidden\" name=\"_wpcf7\" value=\"48\" \/><input type=\"hidden\" name=\"_wpcf7_version\" value=\"6.1.3\" \/><input type=\"hidden\" name=\"_wpcf7_locale\" value=\"es_ES\" \/><input type=\"hidden\" name=\"_wpcf7_unit_tag\" value=\"wpcf7-f48-p1734-o1\" \/><input type=\"hidden\" name=\"_wpcf7_container_post\" value=\"1734\" \/><input type=\"hidden\" name=\"_wpcf7_posted_data_hash\" value=\"\" \/><input type=\"hidden\" name=\"_wpcf7_recaptcha_response\" value=\"\" \/>\n<\/fieldset>\n<div class=\"form-row\">\n\t<div class=\"form-column\">\n\t\t<p><label for=\"nombre\">Name *<\/label><br \/>\n<span class=\"wpcf7-form-control-wrap\" data-name=\"nombre\"><input size=\"40\" maxlength=\"400\" class=\"wpcf7-form-control wpcf7-text wpcf7-validates-as-required\" id=\"nombre\" aria-required=\"true\" aria-invalid=\"false\" placeholder=\"Example: Juan Garc\u00eda\" value=\"\" type=\"text\" name=\"nombre\" \/><\/span>\n\t\t<\/p>\n\t<\/div>\n\t<div class=\"form-column\">\n\t\t<p><label for=\"telefono\">Phone *<\/label><br \/>\n<span class=\"wpcf7-form-control-wrap\" data-name=\"telefono\"><input size=\"40\" maxlength=\"400\" class=\"wpcf7-form-control wpcf7-tel wpcf7-validates-as-required wpcf7-text wpcf7-validates-as-tel\" id=\"telefono\" aria-required=\"true\" aria-invalid=\"false\" placeholder=\"Example: 666 777 888\" value=\"\" type=\"tel\" name=\"telefono\" \/><\/span>\n\t\t<\/p>\n\t<\/div>\n<\/div>\n<div class=\"form-row\">\n\t<div class=\"form-column\">\n\t\t<p><label for=\"email\">Email *<\/label><br \/>\n<span class=\"wpcf7-form-control-wrap\" data-name=\"email\"><input size=\"40\" maxlength=\"400\" class=\"wpcf7-form-control wpcf7-email wpcf7-validates-as-required wpcf7-text wpcf7-validates-as-email\" id=\"email\" aria-required=\"true\" aria-invalid=\"false\" placeholder=\"Example: info@domain.com\" value=\"\" type=\"email\" name=\"email\" \/><\/span>\n\t\t<\/p>\n\t<\/div>\n\t<div class=\"form-column\">\n\t\t<p><label for=\"asunto\">Affair *<\/label><br \/>\n<span class=\"wpcf7-form-control-wrap\" data-name=\"asunto\"><input size=\"40\" maxlength=\"400\" class=\"wpcf7-form-control wpcf7-text wpcf7-validates-as-required\" id=\"asunto\" aria-required=\"true\" aria-invalid=\"false\" placeholder=\"Reason for consultation\" value=\"\" type=\"text\" name=\"asunto\" \/><\/span>\n\t\t<\/p>\n\t<\/div>\n<\/div>\n<div class=\"form-row-full\">\n\t<p><label for=\"mensaje\">Message *<\/label><br \/>\n<span class=\"wpcf7-form-control-wrap\" data-name=\"mensaje\"><textarea cols=\"40\" rows=\"10\" maxlength=\"2000\" class=\"wpcf7-form-control wpcf7-textarea wpcf7-validates-as-required\" id=\"mensaje\" aria-required=\"true\" aria-invalid=\"false\" placeholder=\"Write your message here...\" name=\"mensaje\"><\/textarea><\/span>\n\t<\/p>\n<\/div>\n<div class=\"form-acceptance\">\n\t<p><span class=\"wpcf7-form-control-wrap\" data-name=\"politica\"><span class=\"wpcf7-form-control wpcf7-acceptance\"><span class=\"wpcf7-list-item\"><label><input type=\"checkbox\" name=\"politica\" value=\"1\" aria-invalid=\"false\" \/><span class=\"wpcf7-list-item-label\"><span class=\"txt-acepto\">I have read and agree to the <\/span>\n    <a class=\"pp\" href=\"\/en\/politica-de-privacidad\/\">Privacy Policy<\/a><\/span><\/label><\/span><\/span><\/span>\n\t<\/p>\n<\/div>\n<p><input class=\"wpcf7-form-control wpcf7-submit has-spinner\" type=\"submit\" value=\"Send message\" \/>\n<\/p><div class=\"wpcf7-response-output\" aria-hidden=\"true\"><\/div>\n<input type=\"hidden\" name=\"trp-form-language\" value=\"en\"\/><\/form>\n<\/div>\n<\/div><\/div>\t\t\t\t<\/div>\n\t\t\t\t<\/div>\n\t\t\t\t<div class=\"elementor-element elementor-element-9e938a0 elementor-widget elementor-widget-text-editor\" data-id=\"9e938a0\" data-element_type=\"widget\" data-widget_type=\"text-editor.default\">\n\t\t\t\t<div class=\"elementor-widget-container\">\n\t\t\t\t\t\t\t\t\t<p>*No reservations will be made on Barcelona match days.<\/p>\t\t\t\t\t\t\t\t<\/div>\n\t\t\t\t<\/div>\n\t\t\t\t<\/div>\n\t\t\t\t\t<\/div>\n\t\t\t\t<\/div>\n\t\t\t\t<\/div>","protected":false},"excerpt":{"rendered":"<p>City de Sants: el bar de tapas en Barcelona con aut\u00e9ntico sabor de barrio Barcelona es conocida por su diversidad gastron\u00f3mica, y los bares de tapas son parte de su esencia. Si buscas un bar de tapas en Barcelona que combine tradici\u00f3n, cocina casera y un ambiente acogedor, City de Sants es una parada obligatoria. [&hellip;]<\/p>","protected":false},"author":1,"featured_media":0,"parent":0,"menu_order":0,"comment_status":"closed","ping_status":"closed","template":"","meta":{"_acf_changed":false,"footnotes":""},"class_list":["post-1734","page","type-page","status-publish","hentry"],"acf":[],"yoast_head":"<!-- This site is optimized with the Yoast SEO plugin v26.4 - https:\/\/yoast.com\/wordpress\/plugins\/seo\/ -->\n<title>Bar de tapas en Barcelona - CITY DE SANTS<\/title>\n<meta name=\"robots\" content=\"index, follow, max-snippet:-1, max-image-preview:large, max-video-preview:-1\" \/>\n<link rel=\"canonical\" href=\"https:\/\/citydesants.com\/en\/bar-de-tapas-en-barcelona\/\" \/>\n<meta property=\"og:locale\" content=\"en_GB\" \/>\n<meta property=\"og:type\" content=\"article\" \/>\n<meta property=\"og:title\" content=\"Bar de tapas en Barcelona - CITY DE SANTS\" \/>\n<meta property=\"og:description\" content=\"City de Sants: el bar de tapas en Barcelona con aut\u00e9ntico sabor de barrio Barcelona es conocida por su diversidad gastron\u00f3mica, y los bares de tapas son parte de su esencia. Si buscas un bar de tapas en Barcelona que combine tradici\u00f3n, cocina casera y un ambiente acogedor, City de Sants es una parada obligatoria. [&hellip;]\" \/>\n<meta property=\"og:url\" content=\"https:\/\/citydesants.com\/en\/bar-de-tapas-en-barcelona\/\" \/>\n<meta property=\"og:site_name\" content=\"CITY DE SANTS\" \/>\n<meta property=\"article:modified_time\" content=\"2025-09-17T16:51:37+00:00\" \/>\n<meta property=\"og:image\" content=\"https:\/\/citydesants.com\/wp-content\/uploads\/2025\/05\/resta-img23.png\" \/>\n\t<meta property=\"og:image:width\" content=\"2040\" \/>\n\t<meta property=\"og:image:height\" content=\"78\" \/>\n\t<meta property=\"og:image:type\" content=\"image\/png\" \/>\n<meta name=\"twitter:card\" content=\"summary_large_image\" \/>\n<meta name=\"twitter:label1\" content=\"Estimated reading time\" \/>\n\t<meta name=\"twitter:data1\" content=\"3 minutes\" \/>\n<script type=\"application\/ld+json\" class=\"yoast-schema-graph\">{\"@context\":\"https:\/\/schema.org\",\"@graph\":[{\"@type\":\"WebPage\",\"@id\":\"https:\/\/citydesants.com\/bar-de-tapas-en-barcelona\/\",\"url\":\"https:\/\/citydesants.com\/bar-de-tapas-en-barcelona\/\",\"name\":\"Bar de tapas en Barcelona - CITY DE SANTS\",\"isPartOf\":{\"@id\":\"https:\/\/citydesants.com\/#website\"},\"primaryImageOfPage\":{\"@id\":\"https:\/\/citydesants.com\/bar-de-tapas-en-barcelona\/#primaryimage\"},\"image\":{\"@id\":\"https:\/\/citydesants.com\/bar-de-tapas-en-barcelona\/#primaryimage\"},\"thumbnailUrl\":\"https:\/\/citydesants.com\/wp-content\/uploads\/2025\/05\/resta-img23.png\",\"datePublished\":\"2025-07-19T22:00:21+00:00\",\"dateModified\":\"2025-09-17T16:51:37+00:00\",\"breadcrumb\":{\"@id\":\"https:\/\/citydesants.com\/bar-de-tapas-en-barcelona\/#breadcrumb\"},\"inLanguage\":\"en-GB\",\"potentialAction\":[{\"@type\":\"ReadAction\",\"target\":[\"https:\/\/citydesants.com\/bar-de-tapas-en-barcelona\/\"]}]},{\"@type\":\"ImageObject\",\"inLanguage\":\"en-GB\",\"@id\":\"https:\/\/citydesants.com\/bar-de-tapas-en-barcelona\/#primaryimage\",\"url\":\"https:\/\/citydesants.com\/wp-content\/uploads\/2025\/05\/resta-img23.png\",\"contentUrl\":\"https:\/\/citydesants.com\/wp-content\/uploads\/2025\/05\/resta-img23.png\"},{\"@type\":\"BreadcrumbList\",\"@id\":\"https:\/\/citydesants.com\/bar-de-tapas-en-barcelona\/#breadcrumb\",\"itemListElement\":[{\"@type\":\"ListItem\",\"position\":1,\"name\":\"Portada\",\"item\":\"https:\/\/citydesants.com\/\"},{\"@type\":\"ListItem\",\"position\":2,\"name\":\"Bar de tapas en Barcelona\"}]},{\"@type\":\"WebSite\",\"@id\":\"https:\/\/citydesants.com\/#website\",\"url\":\"https:\/\/citydesants.com\/\",\"name\":\"CITY DE SANTS\",\"description\":\"Bar restaurante deportivo en el barrio de Sants\",\"publisher\":{\"@id\":\"https:\/\/citydesants.com\/#organization\"},\"potentialAction\":[{\"@type\":\"SearchAction\",\"target\":{\"@type\":\"EntryPoint\",\"urlTemplate\":\"https:\/\/citydesants.com\/?s={search_term_string}\"},\"query-input\":{\"@type\":\"PropertyValueSpecification\",\"valueRequired\":true,\"valueName\":\"search_term_string\"}}],\"inLanguage\":\"en-GB\"},{\"@type\":\"Organization\",\"@id\":\"https:\/\/citydesants.com\/#organization\",\"name\":\"CITY DE SANTS\",\"url\":\"https:\/\/citydesants.com\/\",\"logo\":{\"@type\":\"ImageObject\",\"inLanguage\":\"en-GB\",\"@id\":\"https:\/\/citydesants.com\/#\/schema\/logo\/image\/\",\"url\":\"https:\/\/citydesants.com\/wp-content\/uploads\/2025\/05\/Logo-horizontal-5.webp\",\"contentUrl\":\"https:\/\/citydesants.com\/wp-content\/uploads\/2025\/05\/Logo-horizontal-5.webp\",\"width\":326,\"height\":125,\"caption\":\"CITY DE SANTS\"},\"image\":{\"@id\":\"https:\/\/citydesants.com\/#\/schema\/logo\/image\/\"}}]}<\/script>\n<!-- \/ Yoast SEO plugin. -->","yoast_head_json":{"title":"Bar de tapas en Barcelona - CITY DE SANTS","robots":{"index":"index","follow":"follow","max-snippet":"max-snippet:-1","max-image-preview":"max-image-preview:large","max-video-preview":"max-video-preview:-1"},"canonical":"https:\/\/citydesants.com\/en\/bar-de-tapas-en-barcelona\/","og_locale":"en_GB","og_type":"article","og_title":"Bar de tapas en Barcelona - CITY DE SANTS","og_description":"City de Sants: el bar de tapas en Barcelona con aut\u00e9ntico sabor de barrio Barcelona es conocida por su diversidad gastron\u00f3mica, y los bares de tapas son parte de su esencia. Si buscas un bar de tapas en Barcelona que combine tradici\u00f3n, cocina casera y un ambiente acogedor, City de Sants es una parada obligatoria. [&hellip;]","og_url":"https:\/\/citydesants.com\/en\/bar-de-tapas-en-barcelona\/","og_site_name":"CITY DE SANTS","article_modified_time":"2025-09-17T16:51:37+00:00","og_image":[{"width":2040,"height":78,"url":"https:\/\/citydesants.com\/wp-content\/uploads\/2025\/05\/resta-img23.png","type":"image\/png"}],"twitter_card":"summary_large_image","twitter_misc":{"Estimated reading time":"3 minutes"},"schema":{"@context":"https:\/\/schema.org","@graph":[{"@type":"WebPage","@id":"https:\/\/citydesants.com\/bar-de-tapas-en-barcelona\/","url":"https:\/\/citydesants.com\/bar-de-tapas-en-barcelona\/","name":"Bar de tapas en Barcelona - CITY DE SANTS","isPartOf":{"@id":"https:\/\/citydesants.com\/#website"},"primaryImageOfPage":{"@id":"https:\/\/citydesants.com\/bar-de-tapas-en-barcelona\/#primaryimage"},"image":{"@id":"https:\/\/citydesants.com\/bar-de-tapas-en-barcelona\/#primaryimage"},"thumbnailUrl":"https:\/\/citydesants.com\/wp-content\/uploads\/2025\/05\/resta-img23.png","datePublished":"2025-07-19T22:00:21+00:00","dateModified":"2025-09-17T16:51:37+00:00","breadcrumb":{"@id":"https:\/\/citydesants.com\/bar-de-tapas-en-barcelona\/#breadcrumb"},"inLanguage":"en-GB","potentialAction":[{"@type":"ReadAction","target":["https:\/\/citydesants.com\/bar-de-tapas-en-barcelona\/"]}]},{"@type":"ImageObject","inLanguage":"en-GB","@id":"https:\/\/citydesants.com\/bar-de-tapas-en-barcelona\/#primaryimage","url":"https:\/\/citydesants.com\/wp-content\/uploads\/2025\/05\/resta-img23.png","contentUrl":"https:\/\/citydesants.com\/wp-content\/uploads\/2025\/05\/resta-img23.png"},{"@type":"BreadcrumbList","@id":"https:\/\/citydesants.com\/bar-de-tapas-en-barcelona\/#breadcrumb","itemListElement":[{"@type":"ListItem","position":1,"name":"Portada","item":"https:\/\/citydesants.com\/"},{"@type":"ListItem","position":2,"name":"Bar de tapas en Barcelona"}]},{"@type":"WebSite","@id":"https:\/\/citydesants.com\/#website","url":"https:\/\/citydesants.com\/","name":"CITY OF SANTS","description":"Sports bar and restaurant in the Sants neighborhood","publisher":{"@id":"https:\/\/citydesants.com\/#organization"},"potentialAction":[{"@type":"SearchAction","target":{"@type":"EntryPoint","urlTemplate":"https:\/\/citydesants.com\/?s={search_term_string}"},"query-input":{"@type":"PropertyValueSpecification","valueRequired":true,"valueName":"search_term_string"}}],"inLanguage":"en-GB"},{"@type":"Organization","@id":"https:\/\/citydesants.com\/#organization","name":"CITY OF SANTS","url":"https:\/\/citydesants.com\/","logo":{"@type":"ImageObject","inLanguage":"en-GB","@id":"https:\/\/citydesants.com\/#\/schema\/logo\/image\/","url":"https:\/\/citydesants.com\/wp-content\/uploads\/2025\/05\/Logo-horizontal-5.webp","contentUrl":"https:\/\/citydesants.com\/wp-content\/uploads\/2025\/05\/Logo-horizontal-5.webp","width":326,"height":125,"caption":"CITY DE SANTS"},"image":{"@id":"https:\/\/citydesants.com\/#\/schema\/logo\/image\/"}}]}},"_links":{"self":[{"href":"https:\/\/citydesants.com\/en\/wp-json\/wp\/v2\/pages\/1734","targetHints":{"allow":["GET"]}}],"collection":[{"href":"https:\/\/citydesants.com\/en\/wp-json\/wp\/v2\/pages"}],"about":[{"href":"https:\/\/citydesants.com\/en\/wp-json\/wp\/v2\/types\/page"}],"author":[{"embeddable":true,"href":"https:\/\/citydesants.com\/en\/wp-json\/wp\/v2\/users\/1"}],"replies":[{"embeddable":true,"href":"https:\/\/citydesants.com\/en\/wp-json\/wp\/v2\/comments?post=1734"}],"version-history":[{"count":16,"href":"https:\/\/citydesants.com\/en\/wp-json\/wp\/v2\/pages\/1734\/revisions"}],"predecessor-version":[{"id":1885,"href":"https:\/\/citydesants.com\/en\/wp-json\/wp\/v2\/pages\/1734\/revisions\/1885"}],"wp:attachment":[{"href":"https:\/\/citydesants.com\/en\/wp-json\/wp\/v2\/media?parent=1734"}],"curies":[{"name":"wp","href":"https:\/\/api.w.org\/{rel}","templated":true}]}}