{"id":16,"date":"2025-03-28T15:59:16","date_gmt":"2025-03-28T18:59:16","guid":{"rendered":"https:\/\/innovacon.simplificandotuweb.com\/?page_id=16"},"modified":"2025-05-07T04:26:22","modified_gmt":"2025-05-07T02:26:22","slug":"politica-de-cookies","status":"publish","type":"page","link":"https:\/\/citydesants.com\/en\/politica-de-cookies\/","title":{"rendered":"Cookie Policy"},"content":{"rendered":"<div data-elementor-type=\"wp-page\" data-elementor-id=\"16\" class=\"elementor elementor-16\" data-elementor-post-type=\"page\">\n\t\t\t\t<div class=\"elementor-element elementor-element-bd6e794 e-flex e-con-boxed e-con e-parent\" data-id=\"bd6e794\" data-element_type=\"container\" data-settings=\"{&quot;background_background&quot;:&quot;classic&quot;}\">\n\t\t\t\t\t<div class=\"e-con-inner\">\n\t\t\t\t<div class=\"elementor-element elementor-element-27d6ff1 elementor-widget elementor-widget-heading\" data-id=\"27d6ff1\" data-element_type=\"widget\" data-widget_type=\"heading.default\">\n\t\t\t\t<div class=\"elementor-widget-container\">\n\t\t\t\t\t<h1 class=\"elementor-heading-title elementor-size-default\">Cookie Policy<\/h1>\t\t\t\t<\/div>\n\t\t\t\t<\/div>\n\t\t\t\t\t<\/div>\n\t\t\t\t<\/div>\n\t\t<div class=\"elementor-element elementor-element-1e0f878f e-flex e-con-boxed e-con e-parent\" data-id=\"1e0f878f\" data-element_type=\"container\">\n\t\t\t\t\t<div class=\"e-con-inner\">\n\t\t\t\t<div class=\"elementor-element elementor-element-26579d87 elementor-widget elementor-widget-text-editor\" data-id=\"26579d87\" data-element_type=\"widget\" data-widget_type=\"text-editor.default\">\n\t\t\t\t<div class=\"elementor-widget-container\">\n\t\t\t\t\t\t\t\t\t\n<p><em>This Cookie Policy was last updated on January 8, 2024 and applies to citizens and legal permanent residents of the European Economic Area and Switzerland.<\/em><\/p>\n\n\n\n<p><strong>1. Introduction<\/strong><\/p>\n\n\n\n<p>Our website,\u00a0<a href=\"https:\/\/citydesants.com\/en\/\"><strong>https:\/\/citydesants.com\/<\/strong><\/a>\u00a0(hereinafter: &quot;the website&quot;) uses cookies and other related technologies (for convenience, all technologies are referred to as &quot;cookies&quot;). Cookies are also placed by third parties we have contracted. The following document informs you about the use of cookies on our website.<\/p>\n\n\n\n<p><strong>2. What are cookies?<\/strong><\/p>\n\n\n\n<p>A cookie is a small file that is sent along with pages of this website and stored by your browser on the hard drive of your computer or other device. The stored information may be returned to our servers or to appropriate third-party servers during a subsequent visit.<\/p>\n\n\n\n<p><strong>3. What are scripts?<\/strong><\/p>\n\n\n\n<p>A script is a piece of program code used to make our website function correctly and interactively. This code runs on our server or on your device.<\/p>\n\n\n\n<p><strong>4. What is a web beacon?<\/strong><\/p>\n\n\n\n<p>A web beacon (or pixel tag) is a small, invisible piece of text or image on a website that is used to monitor website traffic. To do this, various data about you is stored using these web beacons.<\/p>\n\n\n\n<p><strong>5. Cookies<\/strong><\/p>\n\n\n\n<p><strong>5.1 Technical or functional cookies<\/strong><\/p>\n\n\n\n<p>Some cookies ensure that certain parts of the website function properly and that your user preferences remain known. By placing functional cookies, we make your visit to our website easier. This way, you don&#039;t have to repeatedly enter the same information when visiting our website and, for example, the items remain in your shopping cart until you have paid. We may place these cookies without your consent.<\/p>\n\n\n\n<p><strong>5.2 Marketing\/Tracking Cookies<\/strong><\/p>\n\n\n\n<p>Marketing\/tracking cookies are cookies or other forms of local storage used to create user profiles for the purpose of displaying advertising or tracking users on this website or across multiple websites for similar marketing purposes.<\/p>\n\n\n\n<p><strong>6. Cookies used<\/strong><\/p>\n\n\n\n<p><strong>Elementor<\/strong><\/p>\n\n\n\n<p>Statistics (anonymous)<\/p>\n\n\n\n<p>Consent to service elementor<\/p>\n\n\n\n<p><strong>WordPress<\/strong><\/p>\n\n\n\n<p>Functional<\/p>\n\n\n\n<p>Consent to service WordPress<\/p>\n\n\n\n<p><strong>Several<\/strong><\/p>\n\n\n\n<p>Purpose pending investigation<\/p>\n\n\n\n<p>Consent to service various<\/p>\n\n\n\n<p><strong>7. Consent<\/strong><\/p>\n\n\n\n<p>When you visit our website for the first time, we&#039;ll show you a pop-up with an explanation about cookies. As soon as you click &quot;Save preferences,&quot; you agree to us using the categories of cookies and plugins you selected in the pop-up, as described in this cookie policy. You can disable the use of cookies through your browser, but please note that our website may no longer function properly.<\/p>\n\n\n\n<p><strong>7.1 Manage your consent settings<\/strong><\/p>\n\n\n\n<p>Functional<\/p>\n\n\n\n<p>Always active<\/p>\n\n\n\n<p>Marketing<\/p>\n\n\n\n<p>Marketing<\/p>\n\n\n\n<p><strong>8. Activation\/deactivation and deletion of cookies<\/strong><\/p>\n\n\n\n<p>You can use your internet browser to automatically or manually delete cookies. You can also specify that certain cookies may not be placed. Another option is to change your internet browser settings so that you receive a message each time a cookie is placed. For more information about these options, please refer to the instructions in the &quot;Help&quot; section of your browser.<\/p>\n\n\n\n<p>Please note that our website may not function properly if all cookies are disabled. If you delete cookies from your browser, they will be placed again after your consent when you visit our websites again.<\/p>\n\n\n\n<p><strong>9. Your rights regarding personal data<\/strong><\/p>\n\n\n\n<p>You have the following rights regarding your personal data:<\/p>\n\n\n\n<ul class=\"wp-block-list\">\n<li>You have the right to know why your personal data is needed, what will happen to it, and how long it will be retained.<\/li>\n\n\n\n<li>Right of access: You have the right to access your personal data that we know.<\/li>\n\n\n\n<li>Right to rectification: You have the right to complete, rectify, delete, or block your personal data whenever you wish.<\/li>\n\n\n\n<li>If you give us your consent to process your data, you have the right to revoke that consent and have your personal data deleted.<\/li>\n\n\n\n<li>Right to transfer your data: You have the right to request all your personal data from the data controller and to transfer it in its entirety to another data controller.<\/li>\n\n\n\n<li>Right to object: You may object to the processing of your data. We will comply with this unless there are justified grounds for processing.<\/li>\n<\/ul>\n\n\n\n<p>To exercise these rights, please contact us. Please see the contact details at the bottom of this cookie policy. If you have any complaints about how we handle your data, we&#039;d like to hear from you, but you also have the right to submit a complaint to the supervisory authority (the Data Protection Authority).<\/p>\n\n\n\n<p><strong>10. Contact information<\/strong><\/p>\n\n\n\n<p>For questions and\/or comments about our cookie policy and this statement, please contact us using the following contact information:<\/p>\n\n\n\n<ul class=\"wp-block-list\">\n<li><strong>Company: <\/strong>JM CENTER, SL<\/li>\n\n\n\n<li><strong>NIF: <\/strong>B61251971<\/li>\n\n\n\n<li><strong>Responsible: <\/strong>Andrew<\/li>\n\n\n\n<li><strong>Home: <\/strong>Carrer de la Creu Coberta, 126,<\/li>\n\n\n\n<li><strong>CP and Population:<\/strong> 08014 Barcelona (Barcelona)<\/li>\n\n\n\n<li><strong>Phone: <\/strong>606757117<\/li>\n\n\n\n<li><strong>Mail: <\/strong><a href=\"mailto:jandresviner@gmail.com\" target=\"_blank\" rel=\"noreferrer noopener\">jandresviner@gmail.com<\/a><\/li>\n<\/ul>\n\n\n\n<p>This cookie policy has been synchronized with&nbsp;<a href=\"https:\/\/cookiedatabase.org\/\">cookiedatabase.org<\/a>&nbsp;on 01\/08\/2024.<\/p>\n\n\n\n<p><\/p>\n\t\t\t\t\t\t\t\t<\/div>\n\t\t\t\t<\/div>\n\t\t\t\t\t<\/div>\n\t\t\t\t<\/div>\n\t\t\t\t<\/div>","protected":false},"excerpt":{"rendered":"<p>This cookie policy was last updated on 08\/01\/2024 and applies to citizens and permanent legal residents of the European Economic Area and Switzerland. 1. Introduction Our website, https:\/\/citydesants.com\/ (hereinafter: &quot;the website&quot;), uses cookies and other related technologies (for convenience, all technologies are referred to as &quot;cookies&quot;). Cookies are also placed by [\u2026]<\/p>","protected":false},"author":1,"featured_media":0,"parent":0,"menu_order":0,"comment_status":"closed","ping_status":"closed","template":"","meta":{"_acf_changed":false,"footnotes":""},"class_list":["post-16","page","type-page","status-publish","hentry"],"acf":[],"yoast_head":"<!-- This site is optimized with the Yoast SEO plugin v26.4 - https:\/\/yoast.com\/wordpress\/plugins\/seo\/ -->\n<title>Pol\u00edtica de Cookies - CITY DE SANTS<\/title>\n<meta name=\"robots\" content=\"index, follow, max-snippet:-1, max-image-preview:large, max-video-preview:-1\" \/>\n<link rel=\"canonical\" href=\"https:\/\/citydesants.com\/en\/politica-de-cookies\/\" \/>\n<meta property=\"og:locale\" content=\"en_GB\" \/>\n<meta property=\"og:type\" content=\"article\" \/>\n<meta property=\"og:title\" content=\"Pol\u00edtica de Cookies - CITY DE SANTS\" \/>\n<meta property=\"og:description\" content=\"Esta pol\u00edtica de cookies fue actualizada por \u00faltima vez el 08\/01\/2024 y se aplica a los ciudadanos y residentes legales permanentes del Espacio Econ\u00f3mico Europeo y Suiza. 1. Introducci\u00f3n Nuestra web,\u00a0https:\/\/citydesants.com\/\u00a0(en adelante: \u00abla web\u00bb) utiliza cookies y otras tecnolog\u00edas relacionadas (para mayor comodidad, todas las tecnolog\u00edas se denominan \u00abcookies\u00bb). Las cookies tambi\u00e9n son colocadas por [&hellip;]\" \/>\n<meta property=\"og:url\" content=\"https:\/\/citydesants.com\/en\/politica-de-cookies\/\" \/>\n<meta property=\"og:site_name\" content=\"CITY DE SANTS\" \/>\n<meta property=\"article:modified_time\" content=\"2025-05-07T02:26:22+00:00\" \/>\n<meta name=\"twitter:card\" content=\"summary_large_image\" \/>\n<meta name=\"twitter:label1\" content=\"Estimated reading time\" \/>\n\t<meta name=\"twitter:data1\" content=\"4 minutes\" \/>\n<script type=\"application\/ld+json\" class=\"yoast-schema-graph\">{\"@context\":\"https:\/\/schema.org\",\"@graph\":[{\"@type\":\"WebPage\",\"@id\":\"https:\/\/citydesants.com\/politica-de-cookies\/\",\"url\":\"https:\/\/citydesants.com\/politica-de-cookies\/\",\"name\":\"Pol\u00edtica de Cookies - CITY DE SANTS\",\"isPartOf\":{\"@id\":\"https:\/\/citydesants.com\/#website\"},\"datePublished\":\"2025-03-28T18:59:16+00:00\",\"dateModified\":\"2025-05-07T02:26:22+00:00\",\"breadcrumb\":{\"@id\":\"https:\/\/citydesants.com\/politica-de-cookies\/#breadcrumb\"},\"inLanguage\":\"en-GB\",\"potentialAction\":[{\"@type\":\"ReadAction\",\"target\":[\"https:\/\/citydesants.com\/politica-de-cookies\/\"]}]},{\"@type\":\"BreadcrumbList\",\"@id\":\"https:\/\/citydesants.com\/politica-de-cookies\/#breadcrumb\",\"itemListElement\":[{\"@type\":\"ListItem\",\"position\":1,\"name\":\"Portada\",\"item\":\"https:\/\/citydesants.com\/\"},{\"@type\":\"ListItem\",\"position\":2,\"name\":\"Pol\u00edtica de Cookies\"}]},{\"@type\":\"WebSite\",\"@id\":\"https:\/\/citydesants.com\/#website\",\"url\":\"https:\/\/citydesants.com\/\",\"name\":\"CITY DE SANTS\",\"description\":\"Bar restaurante deportivo en el barrio de Sants\",\"publisher\":{\"@id\":\"https:\/\/citydesants.com\/#organization\"},\"potentialAction\":[{\"@type\":\"SearchAction\",\"target\":{\"@type\":\"EntryPoint\",\"urlTemplate\":\"https:\/\/citydesants.com\/?s={search_term_string}\"},\"query-input\":{\"@type\":\"PropertyValueSpecification\",\"valueRequired\":true,\"valueName\":\"search_term_string\"}}],\"inLanguage\":\"en-GB\"},{\"@type\":\"Organization\",\"@id\":\"https:\/\/citydesants.com\/#organization\",\"name\":\"CITY DE SANTS\",\"url\":\"https:\/\/citydesants.com\/\",\"logo\":{\"@type\":\"ImageObject\",\"inLanguage\":\"en-GB\",\"@id\":\"https:\/\/citydesants.com\/#\/schema\/logo\/image\/\",\"url\":\"https:\/\/citydesants.com\/wp-content\/uploads\/2025\/05\/Logo-horizontal-5.webp\",\"contentUrl\":\"https:\/\/citydesants.com\/wp-content\/uploads\/2025\/05\/Logo-horizontal-5.webp\",\"width\":326,\"height\":125,\"caption\":\"CITY DE SANTS\"},\"image\":{\"@id\":\"https:\/\/citydesants.com\/#\/schema\/logo\/image\/\"}}]}<\/script>\n<!-- \/ Yoast SEO plugin. -->","yoast_head_json":{"title":"Cookies Policy - CITY OF SANTS","robots":{"index":"index","follow":"follow","max-snippet":"max-snippet:-1","max-image-preview":"max-image-preview:large","max-video-preview":"max-video-preview:-1"},"canonical":"https:\/\/citydesants.com\/en\/politica-de-cookies\/","og_locale":"en_GB","og_type":"article","og_title":"Pol\u00edtica de Cookies - CITY DE SANTS","og_description":"Esta pol\u00edtica de cookies fue actualizada por \u00faltima vez el 08\/01\/2024 y se aplica a los ciudadanos y residentes legales permanentes del Espacio Econ\u00f3mico Europeo y Suiza. 1. Introducci\u00f3n Nuestra web,\u00a0https:\/\/citydesants.com\/\u00a0(en adelante: \u00abla web\u00bb) utiliza cookies y otras tecnolog\u00edas relacionadas (para mayor comodidad, todas las tecnolog\u00edas se denominan \u00abcookies\u00bb). Las cookies tambi\u00e9n son colocadas por [&hellip;]","og_url":"https:\/\/citydesants.com\/en\/politica-de-cookies\/","og_site_name":"CITY DE SANTS","article_modified_time":"2025-05-07T02:26:22+00:00","twitter_card":"summary_large_image","twitter_misc":{"Estimated reading time":"4 minutes"},"schema":{"@context":"https:\/\/schema.org","@graph":[{"@type":"WebPage","@id":"https:\/\/citydesants.com\/politica-de-cookies\/","url":"https:\/\/citydesants.com\/politica-de-cookies\/","name":"Cookies Policy - CITY OF SANTS","isPartOf":{"@id":"https:\/\/citydesants.com\/#website"},"datePublished":"2025-03-28T18:59:16+00:00","dateModified":"2025-05-07T02:26:22+00:00","breadcrumb":{"@id":"https:\/\/citydesants.com\/politica-de-cookies\/#breadcrumb"},"inLanguage":"en-GB","potentialAction":[{"@type":"ReadAction","target":["https:\/\/citydesants.com\/politica-de-cookies\/"]}]},{"@type":"BreadcrumbList","@id":"https:\/\/citydesants.com\/politica-de-cookies\/#breadcrumb","itemListElement":[{"@type":"ListItem","position":1,"name":"Portada","item":"https:\/\/citydesants.com\/"},{"@type":"ListItem","position":2,"name":"Pol\u00edtica de Cookies"}]},{"@type":"WebSite","@id":"https:\/\/citydesants.com\/#website","url":"https:\/\/citydesants.com\/","name":"CITY OF SANTS","description":"Sports bar and restaurant in the Sants neighborhood","publisher":{"@id":"https:\/\/citydesants.com\/#organization"},"potentialAction":[{"@type":"SearchAction","target":{"@type":"EntryPoint","urlTemplate":"https:\/\/citydesants.com\/?s={search_term_string}"},"query-input":{"@type":"PropertyValueSpecification","valueRequired":true,"valueName":"search_term_string"}}],"inLanguage":"en-GB"},{"@type":"Organization","@id":"https:\/\/citydesants.com\/#organization","name":"CITY OF SANTS","url":"https:\/\/citydesants.com\/","logo":{"@type":"ImageObject","inLanguage":"en-GB","@id":"https:\/\/citydesants.com\/#\/schema\/logo\/image\/","url":"https:\/\/citydesants.com\/wp-content\/uploads\/2025\/05\/Logo-horizontal-5.webp","contentUrl":"https:\/\/citydesants.com\/wp-content\/uploads\/2025\/05\/Logo-horizontal-5.webp","width":326,"height":125,"caption":"CITY DE SANTS"},"image":{"@id":"https:\/\/citydesants.com\/#\/schema\/logo\/image\/"}}]}},"_links":{"self":[{"href":"https:\/\/citydesants.com\/en\/wp-json\/wp\/v2\/pages\/16","targetHints":{"allow":["GET"]}}],"collection":[{"href":"https:\/\/citydesants.com\/en\/wp-json\/wp\/v2\/pages"}],"about":[{"href":"https:\/\/citydesants.com\/en\/wp-json\/wp\/v2\/types\/page"}],"author":[{"embeddable":true,"href":"https:\/\/citydesants.com\/en\/wp-json\/wp\/v2\/users\/1"}],"replies":[{"embeddable":true,"href":"https:\/\/citydesants.com\/en\/wp-json\/wp\/v2\/comments?post=16"}],"version-history":[{"count":5,"href":"https:\/\/citydesants.com\/en\/wp-json\/wp\/v2\/pages\/16\/revisions"}],"predecessor-version":[{"id":441,"href":"https:\/\/citydesants.com\/en\/wp-json\/wp\/v2\/pages\/16\/revisions\/441"}],"wp:attachment":[{"href":"https:\/\/citydesants.com\/en\/wp-json\/wp\/v2\/media?parent=16"}],"curies":[{"name":"wp","href":"https:\/\/api.w.org\/{rel}","templated":true}]}}