{"id":1938,"date":"2025-11-12T13:19:37","date_gmt":"2025-11-12T12:19:37","guid":{"rendered":"https:\/\/citydesants.com\/?page_id=1938"},"modified":"2025-11-12T13:20:54","modified_gmt":"2025-11-12T12:20:54","slug":"bar-donde-ver-el-futbol-en-barcelona","status":"publish","type":"page","link":"https:\/\/citydesants.com\/ca\/bar-donde-ver-el-futbol-en-barcelona\/","title":{"rendered":"Bar on veure el futbol a Barcelona"},"content":{"rendered":"<div data-elementor-type=\"wp-page\" data-elementor-id=\"1938\" class=\"elementor elementor-1938\" data-elementor-post-type=\"page\">\n\t\t\t\t<div class=\"elementor-element elementor-element-011a74e e-flex e-con-boxed e-con e-parent\" data-id=\"011a74e\" data-element_type=\"container\" data-settings=\"{&quot;background_background&quot;:&quot;classic&quot;}\">\n\t\t\t\t\t<div class=\"e-con-inner\">\n\t\t\t\t<div class=\"elementor-element elementor-element-32559de elementor-widget elementor-widget-heading\" data-id=\"32559de\" data-element_type=\"widget\" data-widget_type=\"heading.default\">\n\t\t\t\t<div class=\"elementor-widget-container\">\n\t\t\t\t\t<h1 class=\"elementor-heading-title elementor-size-default\">Bar on veure el futbol a Barcelona<\/h1>\t\t\t\t<\/div>\n\t\t\t\t<\/div>\n\t\t\t\t\t<\/div>\n\t\t\t\t<\/div>\n\t\t<div class=\"elementor-element elementor-element-74a99e7 e-con-full e-flex e-con e-parent\" data-id=\"74a99e7\" data-element_type=\"container\">\n\t\t\t\t<div class=\"elementor-element elementor-element-2f664e4 elementor-widget elementor-widget-image\" data-id=\"2f664e4\" data-element_type=\"widget\" data-widget_type=\"image.default\">\n\t\t\t\t<div class=\"elementor-widget-container\">\n\t\t\t\t\t\t\t\t\t\t\t\t\t\t\t<img fetchpriority=\"high\" decoding=\"async\" width=\"2040\" height=\"78\" src=\"https:\/\/citydesants.com\/wp-content\/uploads\/2025\/05\/resta-img23.png\" class=\"attachment-full size-full wp-image-77\" alt=\"\" srcset=\"https:\/\/citydesants.com\/wp-content\/uploads\/2025\/05\/resta-img23.png 2040w, https:\/\/citydesants.com\/wp-content\/uploads\/2025\/05\/resta-img23-300x11.png 300w, https:\/\/citydesants.com\/wp-content\/uploads\/2025\/05\/resta-img23-1024x39.png 1024w, https:\/\/citydesants.com\/wp-content\/uploads\/2025\/05\/resta-img23-768x29.png 768w, https:\/\/citydesants.com\/wp-content\/uploads\/2025\/05\/resta-img23-1536x59.png 1536w, https:\/\/citydesants.com\/wp-content\/uploads\/2025\/05\/resta-img23-600x23.png 600w\" sizes=\"(max-width: 2040px) 100vw, 2040px\" \/>\t\t\t\t\t\t\t\t\t\t\t\t\t\t\t<\/div>\n\t\t\t\t<\/div>\n\t\t\t\t<\/div>\n\t\t<div class=\"elementor-element elementor-element-610d161 e-flex e-con-boxed e-con e-parent\" data-id=\"610d161\" data-element_type=\"container\">\n\t\t\t\t\t<div class=\"e-con-inner\">\n\t\t<div class=\"elementor-element elementor-element-72bb26e e-con-full e-flex e-con e-child\" data-id=\"72bb26e\" data-element_type=\"container\">\n\t\t\t\t<div class=\"elementor-element elementor-element-f91a0fe elementor-widget elementor-widget-text-editor\" data-id=\"f91a0fe\" data-element_type=\"widget\" data-widget_type=\"text-editor.default\">\n\t\t\t\t<div class=\"elementor-widget-container\">\n\t\t\t\t\t\t\t\t\t<h4 data-start=\"424\" data-end=\"497\">Bar on veure el futbol a Barcelona: emoci\u00f3, sabor i bon ambient<\/h4><p style=\"text-align: justify;\" data-start=\"499\" data-end=\"825\">A <strong data-start=\"502\" data-end=\"519\">City de Sants<\/strong> fa m\u00e9s de 25 anys que som el punt de trobada dels amants de l&#039;esport, el bon menjar i els moments compartits. Si busques un <strong data-start=\"658\" data-end=\"698\">bar on veure el futbol a Barcelona<\/strong>, aqu\u00ed trobareu un espai aut\u00e8ntic, amb pantalles HD, ambient animat i una carta deliciosa per gaudir cada jugada.<\/p><p style=\"text-align: justify;\" data-start=\"827\" data-end=\"1217\">Som el lloc ideal per reunir-te amb amics, seguir els grans tornejos i celebrar els gols com si estiguessis a l&#039;estadi. A <strong data-start=\"959\" data-end=\"976\">City de Sants<\/strong> retransmetem els millors partits de LaLiga, Champions League, Premier League, Copa del Rei i altres competicions internacionals. Tot aix\u00f2 acompanyat de cerveses ben fredes, tapes casolanes, hamburgueses gurmet i caf\u00e8s d\u00b4especialitat.<\/p><p style=\"text-align: justify;\" data-start=\"1219\" data-end=\"1402\">Aqu\u00ed el futbol no es veu: es viu. Cada partit \u00e9s una excusa perfecta per gaudir de la gastronomia, la companyia i l&#039;ambient \u00fanic que nom\u00e9s pot oferir un local amb hist\u00f2ria.<\/p>\t\t\t\t\t\t\t\t<\/div>\n\t\t\t\t<\/div>\n\t\t\t\t<\/div>\n\t\t<div class=\"elementor-element elementor-element-2791a86 e-con-full e-flex e-con e-child\" data-id=\"2791a86\" data-element_type=\"container\">\n\t\t\t\t<div class=\"elementor-element elementor-element-bbc7deb elementor-widget elementor-widget-image\" data-id=\"bbc7deb\" data-element_type=\"widget\" data-widget_type=\"image.default\">\n\t\t\t\t<div class=\"elementor-widget-container\">\n\t\t\t\t\t\t\t\t\t\t\t\t\t\t\t<img decoding=\"async\" width=\"800\" height=\"566\" src=\"https:\/\/citydesants.com\/wp-content\/uploads\/2025\/11\/bar-deportivo-barcelona-1024x724.png\" class=\"attachment-large size-large wp-image-1934\" alt=\"\" srcset=\"https:\/\/citydesants.com\/wp-content\/uploads\/2025\/11\/bar-deportivo-barcelona-1024x724.png 1024w, https:\/\/citydesants.com\/wp-content\/uploads\/2025\/11\/bar-deportivo-barcelona-300x212.png 300w, https:\/\/citydesants.com\/wp-content\/uploads\/2025\/11\/bar-deportivo-barcelona-768x543.png 768w, https:\/\/citydesants.com\/wp-content\/uploads\/2025\/11\/bar-deportivo-barcelona-1536x1086.png 1536w, https:\/\/citydesants.com\/wp-content\/uploads\/2025\/11\/bar-deportivo-barcelona-18x12.png 18w, https:\/\/citydesants.com\/wp-content\/uploads\/2025\/11\/bar-deportivo-barcelona.png 2000w\" sizes=\"(max-width: 800px) 100vw, 800px\" \/>\t\t\t\t\t\t\t\t\t\t\t\t\t\t\t<\/div>\n\t\t\t\t<\/div>\n\t\t\t\t<\/div>\n\t\t\t\t\t<\/div>\n\t\t\t\t<\/div>\n\t\t<div class=\"elementor-element elementor-element-3876b4d e-flex e-con-boxed e-con e-parent\" data-id=\"3876b4d\" data-element_type=\"container\">\n\t\t\t\t\t<div class=\"e-con-inner\">\n\t\t<div class=\"elementor-element elementor-element-d5ca979 e-con-full e-flex e-con e-child\" data-id=\"d5ca979\" data-element_type=\"container\">\n\t\t\t\t<div class=\"elementor-element elementor-element-aa10784 elementor-widget elementor-widget-image\" data-id=\"aa10784\" data-element_type=\"widget\" data-widget_type=\"image.default\">\n\t\t\t\t<div class=\"elementor-widget-container\">\n\t\t\t\t\t\t\t\t\t\t\t\t\t\t\t<img decoding=\"async\" width=\"800\" height=\"566\" src=\"https:\/\/citydesants.com\/wp-content\/uploads\/2025\/11\/bar-deportivo-barcelona-2-1024x724.png\" class=\"attachment-large size-large wp-image-1933\" alt=\"\" srcset=\"https:\/\/citydesants.com\/wp-content\/uploads\/2025\/11\/bar-deportivo-barcelona-2-1024x724.png 1024w, https:\/\/citydesants.com\/wp-content\/uploads\/2025\/11\/bar-deportivo-barcelona-2-300x212.png 300w, https:\/\/citydesants.com\/wp-content\/uploads\/2025\/11\/bar-deportivo-barcelona-2-768x543.png 768w, https:\/\/citydesants.com\/wp-content\/uploads\/2025\/11\/bar-deportivo-barcelona-2-1536x1086.png 1536w, https:\/\/citydesants.com\/wp-content\/uploads\/2025\/11\/bar-deportivo-barcelona-2-18x12.png 18w, https:\/\/citydesants.com\/wp-content\/uploads\/2025\/11\/bar-deportivo-barcelona-2.png 2000w\" sizes=\"(max-width: 800px) 100vw, 800px\" \/>\t\t\t\t\t\t\t\t\t\t\t\t\t\t\t<\/div>\n\t\t\t\t<\/div>\n\t\t\t\t<\/div>\n\t\t<div class=\"elementor-element elementor-element-f93afa2 e-con-full e-flex e-con e-child\" data-id=\"f93afa2\" data-element_type=\"container\">\n\t\t\t\t<div class=\"elementor-element elementor-element-c086348 elementor-widget elementor-widget-text-editor\" data-id=\"c086348\" data-element_type=\"widget\" data-widget_type=\"text-editor.default\">\n\t\t\t\t<div class=\"elementor-widget-container\">\n\t\t\t\t\t\t\t\t\t<h4 data-start=\"1409\" data-end=\"1477\">Gaudeix de l&#039;esport al bar on veure el futbol a Barcelona<\/h4><p style=\"text-align: justify;\" data-start=\"1479\" data-end=\"1868\">Cada setmana a <strong data-start=\"1494\" data-end=\"1511\">City de Sants<\/strong> t&#039;esperem amb les principals trobades i esdeveniments esportius. No importa quin equip animi: l&#039;important \u00e9s compartir la passi\u00f3. El nostre <strong data-start=\"1654\" data-end=\"1694\">bar on veure el futbol a Barcelona<\/strong> est\u00e0 preparat per oferir-te la millor experi\u00e8ncia, amb so envoltant, pantalles estrat\u00e8gicament ubicades i un ambient que convida a gaudir-ne des del primer minut.<\/p><p style=\"text-align: justify;\" data-start=\"1870\" data-end=\"2142\">A m\u00e9s de futbol, retransmetem b\u00e0squet, F\u00f3rmula 1, MotoGP i altres esports internacionals. I per acompanyar l&#039;emoci\u00f3, us proposem una carta variada amb tapes tradicionals, plats combinats, hamburgueses artesanes i postres irresistibles com creps i gofres.<\/p><p style=\"text-align: justify;\" data-start=\"2144\" data-end=\"2268\">Vine a passar una nit de partit diferent, en un entorn acollidor on el bon servei i la qualitat estan garantits.<\/p>\t\t\t\t\t\t\t\t<\/div>\n\t\t\t\t<\/div>\n\t\t\t\t<\/div>\n\t\t\t\t\t<\/div>\n\t\t\t\t<\/div>\n\t\t<div class=\"elementor-element elementor-element-92ad897 e-flex e-con-boxed e-con e-parent\" data-id=\"92ad897\" data-element_type=\"container\">\n\t\t\t\t\t<div class=\"e-con-inner\">\n\t\t\t\t<div class=\"elementor-element elementor-element-2df2f3b elementor-widget elementor-widget-text-editor\" data-id=\"2df2f3b\" data-element_type=\"widget\" data-widget_type=\"text-editor.default\">\n\t\t\t\t<div class=\"elementor-widget-container\">\n\t\t\t\t\t\t\t\t\t<h3 data-start=\"2275\" data-end=\"2334\">City de Sants: el teu bar on veure el futbol a Barcelona<\/h3><p data-start=\"2336\" data-end=\"2606\">Ubicats a <strong data-start=\"2348\" data-end=\"2377\">Creu Coberta, 126 (Sants)<\/strong>, a <strong data-start=\"2382\" data-end=\"2399\">City de Sants<\/strong> combinem passi\u00f3 per l\u00b4esport, bona cuina i ambient de barri. Som el lloc ideal per gaudir del futbol amb amics, compartir un sopar o simplement relaxar-te amb una cervesa i bona companyia.<\/p><p data-start=\"2608\" data-end=\"2688\">Perqu\u00e8 veure futbol \u00e9s molt m\u00e9s que seguir un partit: viure l&#039;experi\u00e8ncia.<\/p>\t\t\t\t\t\t\t\t<\/div>\n\t\t\t\t<\/div>\n\t\t\t\t\t<\/div>\n\t\t\t\t<\/div>\n\t\t<div class=\"elementor-element elementor-element-7d31b79 e-flex e-con-boxed e-con e-parent\" data-id=\"7d31b79\" data-element_type=\"container\">\n\t\t\t\t\t<div class=\"e-con-inner\">\n\t\t<div class=\"elementor-element elementor-element-fa3a531 e-con-full e-flex e-con e-child\" data-id=\"fa3a531\" data-element_type=\"container\" data-settings=\"{&quot;background_background&quot;:&quot;classic&quot;}\">\n\t\t\t\t<div class=\"elementor-element elementor-element-a01a5aa elementor-widget elementor-widget-heading\" data-id=\"a01a5aa\" data-element_type=\"widget\" data-widget_type=\"heading.default\">\n\t\t\t\t<div class=\"elementor-widget-container\">\n\t\t\t\t\t<p class=\"elementor-heading-title elementor-size-default\">Escriu-nos i et respondrem el m\u00e9s aviat possible.<\/p>\t\t\t\t<\/div>\n\t\t\t\t<\/div>\n\t\t\t\t<div class=\"elementor-element elementor-element-b8af21c elementor-widget elementor-widget-heading\" data-id=\"b8af21c\" data-element_type=\"widget\" data-widget_type=\"heading.default\">\n\t\t\t\t<div class=\"elementor-widget-container\">\n\t\t\t\t\t<h3 class=\"elementor-heading-title elementor-size-default\">Vols reservar taula o fer-nos una consulta? \n<\/h3>\t\t\t\t<\/div>\n\t\t\t\t<\/div>\n\t\t\t\t<div class=\"elementor-element elementor-element-c34907b elementor-widget elementor-widget-image\" data-id=\"c34907b\" data-element_type=\"widget\" data-widget_type=\"image.default\">\n\t\t\t\t<div class=\"elementor-widget-container\">\n\t\t\t\t\t\t\t\t\t\t\t\t\t\t\t<img loading=\"lazy\" decoding=\"async\" width=\"212\" height=\"24\" src=\"https:\/\/citydesants.com\/wp-content\/uploads\/2025\/05\/resta-img20.png\" class=\"attachment-medium size-medium wp-image-78\" alt=\"\" \/>\t\t\t\t\t\t\t\t\t\t\t\t\t\t\t<\/div>\n\t\t\t\t<\/div>\n\t\t\t\t<div class=\"elementor-element elementor-element-0ba062e elementor-widget elementor-widget-elementskit-contact-form7\" data-id=\"0ba062e\" data-element_type=\"widget\" data-widget_type=\"elementskit-contact-form7.default\">\n\t\t\t\t<div class=\"elementor-widget-container\">\n\t\t\t\t\t<div class=\"ekit-wid-con\" ><div class=\"ekit-form\">\n<div class=\"wpcf7 no-js\" id=\"wpcf7-f48-p1938-o1\" lang=\"es-ES\" dir=\"ltr\" data-wpcf7-id=\"48\">\n<div class=\"screen-reader-response\"><p role=\"status\" aria-live=\"polite\" aria-atomic=\"true\"><\/p> <ul><\/ul><\/div>\n<form action=\"\/ca\/bar-donde-ver-el-futbol-en-barcelona\/#wpcf7-f48-p1938-o1\" method=\"post\" class=\"wpcf7-form init\" aria-label=\"Formulario de contacto\" novalidate=\"novalidate\" data-status=\"init\" data-no-translation-aria-label=\"\" data-trp-original-action=\"\/ca\/bar-donde-ver-el-futbol-en-barcelona\/#wpcf7-f48-p1938-o1\">\n<fieldset class=\"hidden-fields-container\"><input type=\"hidden\" name=\"_wpcf7\" value=\"48\" \/><input type=\"hidden\" name=\"_wpcf7_version\" value=\"6.1.3\" \/><input type=\"hidden\" name=\"_wpcf7_locale\" value=\"es_ES\" \/><input type=\"hidden\" name=\"_wpcf7_unit_tag\" value=\"wpcf7-f48-p1938-o1\" \/><input type=\"hidden\" name=\"_wpcf7_container_post\" value=\"1938\" \/><input type=\"hidden\" name=\"_wpcf7_posted_data_hash\" value=\"\" \/><input type=\"hidden\" name=\"_wpcf7_recaptcha_response\" value=\"\" \/>\n<\/fieldset>\n<div class=\"form-row\">\n\t<div class=\"form-column\">\n\t\t<p><label for=\"nombre\">Nom *<\/label><br \/>\n<span class=\"wpcf7-form-control-wrap\" data-name=\"nombre\"><input size=\"40\" maxlength=\"400\" class=\"wpcf7-form-control wpcf7-text wpcf7-validates-as-required\" id=\"nombre\" aria-required=\"true\" aria-invalid=\"false\" placeholder=\"Ex: Juan Garc\u00eda\" value=\"\" type=\"text\" name=\"nombre\" \/><\/span>\n\t\t<\/p>\n\t<\/div>\n\t<div class=\"form-column\">\n\t\t<p><label for=\"telefono\">Tel\u00e8fon *<\/label><br \/>\n<span class=\"wpcf7-form-control-wrap\" data-name=\"telefono\"><input size=\"40\" maxlength=\"400\" class=\"wpcf7-form-control wpcf7-tel wpcf7-validates-as-required wpcf7-text wpcf7-validates-as-tel\" id=\"telefono\" aria-required=\"true\" aria-invalid=\"false\" placeholder=\"Ex: 666 777 888\" value=\"\" type=\"tel\" name=\"telefono\" \/><\/span>\n\t\t<\/p>\n\t<\/div>\n<\/div>\n<div class=\"form-row\">\n\t<div class=\"form-column\">\n\t\t<p><label for=\"email\">Correu electr\u00f2nic *<\/label><br \/>\n<span class=\"wpcf7-form-control-wrap\" data-name=\"email\"><input size=\"40\" maxlength=\"400\" class=\"wpcf7-form-control wpcf7-email wpcf7-validates-as-required wpcf7-text wpcf7-validates-as-email\" id=\"email\" aria-required=\"true\" aria-invalid=\"false\" placeholder=\"Ex: info@dominio.com\" value=\"\" type=\"email\" name=\"email\" \/><\/span>\n\t\t<\/p>\n\t<\/div>\n\t<div class=\"form-column\">\n\t\t<p><label for=\"asunto\">Assumpte *<\/label><br \/>\n<span class=\"wpcf7-form-control-wrap\" data-name=\"asunto\"><input size=\"40\" maxlength=\"400\" class=\"wpcf7-form-control wpcf7-text wpcf7-validates-as-required\" id=\"asunto\" aria-required=\"true\" aria-invalid=\"false\" placeholder=\"Motiu de la consulta\" value=\"\" type=\"text\" name=\"asunto\" \/><\/span>\n\t\t<\/p>\n\t<\/div>\n<\/div>\n<div class=\"form-row-full\">\n\t<p><label for=\"mensaje\">Missatge *<\/label><br \/>\n<span class=\"wpcf7-form-control-wrap\" data-name=\"mensaje\"><textarea cols=\"40\" rows=\"10\" maxlength=\"2000\" class=\"wpcf7-form-control wpcf7-textarea wpcf7-validates-as-required\" id=\"mensaje\" aria-required=\"true\" aria-invalid=\"false\" placeholder=\"Escriu aqu\u00ed el teu missatge...\" name=\"mensaje\"><\/textarea><\/span>\n\t<\/p>\n<\/div>\n<div class=\"form-acceptance\">\n\t<p><span class=\"wpcf7-form-control-wrap\" data-name=\"politica\"><span class=\"wpcf7-form-control wpcf7-acceptance\"><span class=\"wpcf7-list-item\"><label><input type=\"checkbox\" name=\"politica\" value=\"1\" aria-invalid=\"false\" \/><span class=\"wpcf7-list-item-label\"><span class=\"txt-acepto\">He llegit i accepto la <\/span>\n    <a class=\"pp\" href=\"\/ca\/politica-de-privacidad\/\">Pol\u00edtica de Privadesa<\/a><\/span><\/label><\/span><\/span><\/span>\n\t<\/p>\n<\/div>\n<p><input class=\"wpcf7-form-control wpcf7-submit has-spinner\" type=\"submit\" value=\"Enviar missatge\" \/>\n<\/p><div class=\"wpcf7-response-output\" aria-hidden=\"true\"><\/div>\n<input type=\"hidden\" name=\"trp-form-language\" value=\"ca\"\/><\/form>\n<\/div>\n<\/div><\/div>\t\t\t\t<\/div>\n\t\t\t\t<\/div>\n\t\t\t\t<div class=\"elementor-element elementor-element-aa03ccc elementor-widget elementor-widget-text-editor\" data-id=\"aa03ccc\" data-element_type=\"widget\" data-widget_type=\"text-editor.default\">\n\t\t\t\t<div class=\"elementor-widget-container\">\n\t\t\t\t\t\t\t\t\t<p>*No es faran reserves en dies de partit del Barcelona.<\/p>\t\t\t\t\t\t\t\t<\/div>\n\t\t\t\t<\/div>\n\t\t\t\t<\/div>\n\t\t\t\t\t<\/div>\n\t\t\t\t<\/div>\n\t\t\t\t<\/div>","protected":false},"excerpt":{"rendered":"<p>Bar donde ver el f\u00fatbol en Barcelona: emoci\u00f3n, sabor y buen ambiente En City de Sants llevamos m\u00e1s de 25 a\u00f1os siendo el punto de encuentro de los amantes del deporte, la buena comida y los momentos compartidos. Si buscas un bar donde ver el f\u00fatbol en Barcelona, aqu\u00ed encontrar\u00e1s un espacio aut\u00e9ntico, con pantallas [&hellip;]<\/p>","protected":false},"author":1,"featured_media":0,"parent":0,"menu_order":0,"comment_status":"closed","ping_status":"closed","template":"","meta":{"_acf_changed":false,"footnotes":""},"class_list":["post-1938","page","type-page","status-publish","hentry"],"acf":[],"yoast_head":"<!-- This site is optimized with the Yoast SEO plugin v26.4 - https:\/\/yoast.com\/wordpress\/plugins\/seo\/ -->\n<title>Bar donde ver el f\u00fatbol en Barcelona - CITY DE SANTS<\/title>\n<meta name=\"description\" content=\"Encuentra tu sitio ideal para disfrutar los partidos en City de Sants, el mejor bar donde ver el f\u00fatbol en Barcelona.\" \/>\n<meta name=\"robots\" content=\"index, follow, max-snippet:-1, max-image-preview:large, max-video-preview:-1\" \/>\n<link rel=\"canonical\" href=\"https:\/\/citydesants.com\/ca\/bar-donde-ver-el-futbol-en-barcelona\/\" \/>\n<meta property=\"og:locale\" content=\"ca_ES\" \/>\n<meta property=\"og:type\" content=\"article\" \/>\n<meta property=\"og:title\" content=\"Bar donde ver el f\u00fatbol en Barcelona - CITY DE SANTS\" \/>\n<meta property=\"og:description\" content=\"Encuentra tu sitio ideal para disfrutar los partidos en City de Sants, el mejor bar donde ver el f\u00fatbol en Barcelona.\" \/>\n<meta property=\"og:url\" content=\"https:\/\/citydesants.com\/ca\/bar-donde-ver-el-futbol-en-barcelona\/\" \/>\n<meta property=\"og:site_name\" content=\"CITY DE SANTS\" \/>\n<meta property=\"article:modified_time\" content=\"2025-11-12T12:20:54+00:00\" \/>\n<meta property=\"og:image\" content=\"https:\/\/citydesants.com\/wp-content\/uploads\/2025\/05\/resta-img23.png\" \/>\n\t<meta property=\"og:image:width\" content=\"2040\" \/>\n\t<meta property=\"og:image:height\" content=\"78\" \/>\n\t<meta property=\"og:image:type\" content=\"image\/png\" \/>\n<meta name=\"twitter:card\" content=\"summary_large_image\" \/>\n<meta name=\"twitter:label1\" content=\"Temps estimat de lectura\" \/>\n\t<meta name=\"twitter:data1\" content=\"3 minuts\" \/>\n<script type=\"application\/ld+json\" class=\"yoast-schema-graph\">{\"@context\":\"https:\/\/schema.org\",\"@graph\":[{\"@type\":\"WebPage\",\"@id\":\"https:\/\/citydesants.com\/bar-donde-ver-el-futbol-en-barcelona\/\",\"url\":\"https:\/\/citydesants.com\/bar-donde-ver-el-futbol-en-barcelona\/\",\"name\":\"Bar donde ver el f\u00fatbol en Barcelona - CITY DE SANTS\",\"isPartOf\":{\"@id\":\"https:\/\/citydesants.com\/#website\"},\"primaryImageOfPage\":{\"@id\":\"https:\/\/citydesants.com\/bar-donde-ver-el-futbol-en-barcelona\/#primaryimage\"},\"image\":{\"@id\":\"https:\/\/citydesants.com\/bar-donde-ver-el-futbol-en-barcelona\/#primaryimage\"},\"thumbnailUrl\":\"https:\/\/citydesants.com\/wp-content\/uploads\/2025\/05\/resta-img23.png\",\"datePublished\":\"2025-11-12T12:19:37+00:00\",\"dateModified\":\"2025-11-12T12:20:54+00:00\",\"description\":\"Encuentra tu sitio ideal para disfrutar los partidos en City de Sants, el mejor bar donde ver el f\u00fatbol en Barcelona.\",\"breadcrumb\":{\"@id\":\"https:\/\/citydesants.com\/bar-donde-ver-el-futbol-en-barcelona\/#breadcrumb\"},\"inLanguage\":\"ca\",\"potentialAction\":[{\"@type\":\"ReadAction\",\"target\":[\"https:\/\/citydesants.com\/bar-donde-ver-el-futbol-en-barcelona\/\"]}]},{\"@type\":\"ImageObject\",\"inLanguage\":\"ca\",\"@id\":\"https:\/\/citydesants.com\/bar-donde-ver-el-futbol-en-barcelona\/#primaryimage\",\"url\":\"https:\/\/citydesants.com\/wp-content\/uploads\/2025\/05\/resta-img23.png\",\"contentUrl\":\"https:\/\/citydesants.com\/wp-content\/uploads\/2025\/05\/resta-img23.png\"},{\"@type\":\"BreadcrumbList\",\"@id\":\"https:\/\/citydesants.com\/bar-donde-ver-el-futbol-en-barcelona\/#breadcrumb\",\"itemListElement\":[{\"@type\":\"ListItem\",\"position\":1,\"name\":\"Portada\",\"item\":\"https:\/\/citydesants.com\/\"},{\"@type\":\"ListItem\",\"position\":2,\"name\":\"Bar donde ver el f\u00fatbol en Barcelona\"}]},{\"@type\":\"WebSite\",\"@id\":\"https:\/\/citydesants.com\/#website\",\"url\":\"https:\/\/citydesants.com\/\",\"name\":\"CITY DE SANTS\",\"description\":\"Bar restaurante deportivo en el barrio de Sants\",\"publisher\":{\"@id\":\"https:\/\/citydesants.com\/#organization\"},\"potentialAction\":[{\"@type\":\"SearchAction\",\"target\":{\"@type\":\"EntryPoint\",\"urlTemplate\":\"https:\/\/citydesants.com\/?s={search_term_string}\"},\"query-input\":{\"@type\":\"PropertyValueSpecification\",\"valueRequired\":true,\"valueName\":\"search_term_string\"}}],\"inLanguage\":\"ca\"},{\"@type\":\"Organization\",\"@id\":\"https:\/\/citydesants.com\/#organization\",\"name\":\"CITY DE SANTS\",\"url\":\"https:\/\/citydesants.com\/\",\"logo\":{\"@type\":\"ImageObject\",\"inLanguage\":\"ca\",\"@id\":\"https:\/\/citydesants.com\/#\/schema\/logo\/image\/\",\"url\":\"https:\/\/citydesants.com\/wp-content\/uploads\/2025\/05\/Logo-horizontal-5.webp\",\"contentUrl\":\"https:\/\/citydesants.com\/wp-content\/uploads\/2025\/05\/Logo-horizontal-5.webp\",\"width\":326,\"height\":125,\"caption\":\"CITY DE SANTS\"},\"image\":{\"@id\":\"https:\/\/citydesants.com\/#\/schema\/logo\/image\/\"}}]}<\/script>\n<!-- \/ Yoast SEO plugin. -->","yoast_head_json":{"title":"Bar donde ver el f\u00fatbol en Barcelona - CITY DE SANTS","description":"Encuentra tu sitio ideal para disfrutar los partidos en City de Sants, el mejor bar donde ver el f\u00fatbol en Barcelona.","robots":{"index":"index","follow":"follow","max-snippet":"max-snippet:-1","max-image-preview":"max-image-preview:large","max-video-preview":"max-video-preview:-1"},"canonical":"https:\/\/citydesants.com\/ca\/bar-donde-ver-el-futbol-en-barcelona\/","og_locale":"ca_ES","og_type":"article","og_title":"Bar donde ver el f\u00fatbol en Barcelona - CITY DE SANTS","og_description":"Encuentra tu sitio ideal para disfrutar los partidos en City de Sants, el mejor bar donde ver el f\u00fatbol en Barcelona.","og_url":"https:\/\/citydesants.com\/ca\/bar-donde-ver-el-futbol-en-barcelona\/","og_site_name":"CITY DE SANTS","article_modified_time":"2025-11-12T12:20:54+00:00","og_image":[{"width":2040,"height":78,"url":"https:\/\/citydesants.com\/wp-content\/uploads\/2025\/05\/resta-img23.png","type":"image\/png"}],"twitter_card":"summary_large_image","twitter_misc":{"Temps estimat de lectura":"3 minuts"},"schema":{"@context":"https:\/\/schema.org","@graph":[{"@type":"WebPage","@id":"https:\/\/citydesants.com\/bar-donde-ver-el-futbol-en-barcelona\/","url":"https:\/\/citydesants.com\/bar-donde-ver-el-futbol-en-barcelona\/","name":"Bar donde ver el f\u00fatbol en Barcelona - CITY DE SANTS","isPartOf":{"@id":"https:\/\/citydesants.com\/#website"},"primaryImageOfPage":{"@id":"https:\/\/citydesants.com\/bar-donde-ver-el-futbol-en-barcelona\/#primaryimage"},"image":{"@id":"https:\/\/citydesants.com\/bar-donde-ver-el-futbol-en-barcelona\/#primaryimage"},"thumbnailUrl":"https:\/\/citydesants.com\/wp-content\/uploads\/2025\/05\/resta-img23.png","datePublished":"2025-11-12T12:19:37+00:00","dateModified":"2025-11-12T12:20:54+00:00","description":"Encuentra tu sitio ideal para disfrutar los partidos en City de Sants, el mejor bar donde ver el f\u00fatbol en Barcelona.","breadcrumb":{"@id":"https:\/\/citydesants.com\/bar-donde-ver-el-futbol-en-barcelona\/#breadcrumb"},"inLanguage":"ca","potentialAction":[{"@type":"ReadAction","target":["https:\/\/citydesants.com\/bar-donde-ver-el-futbol-en-barcelona\/"]}]},{"@type":"ImageObject","inLanguage":"ca","@id":"https:\/\/citydesants.com\/bar-donde-ver-el-futbol-en-barcelona\/#primaryimage","url":"https:\/\/citydesants.com\/wp-content\/uploads\/2025\/05\/resta-img23.png","contentUrl":"https:\/\/citydesants.com\/wp-content\/uploads\/2025\/05\/resta-img23.png"},{"@type":"BreadcrumbList","@id":"https:\/\/citydesants.com\/bar-donde-ver-el-futbol-en-barcelona\/#breadcrumb","itemListElement":[{"@type":"ListItem","position":1,"name":"Portada","item":"https:\/\/citydesants.com\/"},{"@type":"ListItem","position":2,"name":"Bar donde ver el f\u00fatbol en Barcelona"}]},{"@type":"WebSite","@id":"https:\/\/citydesants.com\/#website","url":"https:\/\/citydesants.com\/","name":"CITY DE SANTS","description":"Bar restaurant esportiu al barri de Sants","publisher":{"@id":"https:\/\/citydesants.com\/#organization"},"potentialAction":[{"@type":"SearchAction","target":{"@type":"EntryPoint","urlTemplate":"https:\/\/citydesants.com\/?s={search_term_string}"},"query-input":{"@type":"PropertyValueSpecification","valueRequired":true,"valueName":"search_term_string"}}],"inLanguage":"ca"},{"@type":"Organization","@id":"https:\/\/citydesants.com\/#organization","name":"CITY DE SANTS","url":"https:\/\/citydesants.com\/","logo":{"@type":"ImageObject","inLanguage":"ca","@id":"https:\/\/citydesants.com\/#\/schema\/logo\/image\/","url":"https:\/\/citydesants.com\/wp-content\/uploads\/2025\/05\/Logo-horizontal-5.webp","contentUrl":"https:\/\/citydesants.com\/wp-content\/uploads\/2025\/05\/Logo-horizontal-5.webp","width":326,"height":125,"caption":"CITY DE SANTS"},"image":{"@id":"https:\/\/citydesants.com\/#\/schema\/logo\/image\/"}}]}},"_links":{"self":[{"href":"https:\/\/citydesants.com\/ca\/wp-json\/wp\/v2\/pages\/1938","targetHints":{"allow":["GET"]}}],"collection":[{"href":"https:\/\/citydesants.com\/ca\/wp-json\/wp\/v2\/pages"}],"about":[{"href":"https:\/\/citydesants.com\/ca\/wp-json\/wp\/v2\/types\/page"}],"author":[{"embeddable":true,"href":"https:\/\/citydesants.com\/ca\/wp-json\/wp\/v2\/users\/1"}],"replies":[{"embeddable":true,"href":"https:\/\/citydesants.com\/ca\/wp-json\/wp\/v2\/comments?post=1938"}],"version-history":[{"count":4,"href":"https:\/\/citydesants.com\/ca\/wp-json\/wp\/v2\/pages\/1938\/revisions"}],"predecessor-version":[{"id":1942,"href":"https:\/\/citydesants.com\/ca\/wp-json\/wp\/v2\/pages\/1938\/revisions\/1942"}],"wp:attachment":[{"href":"https:\/\/citydesants.com\/ca\/wp-json\/wp\/v2\/media?parent=1938"}],"curies":[{"name":"wp","href":"https:\/\/api.w.org\/{rel}","templated":true}]}}