{"id":1773,"date":"2025-08-30T12:33:56","date_gmt":"2025-08-30T10:33:56","guid":{"rendered":"https:\/\/citydesants.com\/?page_id=1773"},"modified":"2025-09-17T18:52:57","modified_gmt":"2025-09-17T16:52:57","slug":"desayunar-en-barcelona","status":"publish","type":"page","link":"https:\/\/citydesants.com\/ca\/desayunar-en-barcelona\/","title":{"rendered":"Esmorzar a Barcelona"},"content":{"rendered":"<div data-elementor-type=\"wp-page\" data-elementor-id=\"1773\" class=\"elementor elementor-1773\" data-elementor-post-type=\"page\">\n\t\t\t\t<div class=\"elementor-element elementor-element-1c7bc2b e-flex e-con-boxed e-con e-parent\" data-id=\"1c7bc2b\" data-element_type=\"container\" data-settings=\"{&quot;background_background&quot;:&quot;classic&quot;}\">\n\t\t\t\t\t<div class=\"e-con-inner\">\n\t\t\t\t<div class=\"elementor-element elementor-element-d0d6f05 elementor-widget elementor-widget-heading\" data-id=\"d0d6f05\" data-element_type=\"widget\" data-widget_type=\"heading.default\">\n\t\t\t\t<div class=\"elementor-widget-container\">\n\t\t\t\t\t<h1 class=\"elementor-heading-title elementor-size-default\">Esmorzar a Barcelona<\/h1>\t\t\t\t<\/div>\n\t\t\t\t<\/div>\n\t\t\t\t\t<\/div>\n\t\t\t\t<\/div>\n\t\t<div class=\"elementor-element elementor-element-140236b e-con-full e-flex e-con e-parent\" data-id=\"140236b\" data-element_type=\"container\">\n\t\t\t\t<div class=\"elementor-element elementor-element-69e879c elementor-widget elementor-widget-image\" data-id=\"69e879c\" data-element_type=\"widget\" data-widget_type=\"image.default\">\n\t\t\t\t<div class=\"elementor-widget-container\">\n\t\t\t\t\t\t\t\t\t\t\t\t\t\t\t<img fetchpriority=\"high\" decoding=\"async\" width=\"2040\" height=\"78\" src=\"https:\/\/citydesants.com\/wp-content\/uploads\/2025\/05\/resta-img23.png\" class=\"attachment-full size-full wp-image-77\" alt=\"\" srcset=\"https:\/\/citydesants.com\/wp-content\/uploads\/2025\/05\/resta-img23.png 2040w, https:\/\/citydesants.com\/wp-content\/uploads\/2025\/05\/resta-img23-300x11.png 300w, https:\/\/citydesants.com\/wp-content\/uploads\/2025\/05\/resta-img23-1024x39.png 1024w, https:\/\/citydesants.com\/wp-content\/uploads\/2025\/05\/resta-img23-768x29.png 768w, https:\/\/citydesants.com\/wp-content\/uploads\/2025\/05\/resta-img23-1536x59.png 1536w, https:\/\/citydesants.com\/wp-content\/uploads\/2025\/05\/resta-img23-600x23.png 600w\" sizes=\"(max-width: 2040px) 100vw, 2040px\" \/>\t\t\t\t\t\t\t\t\t\t\t\t\t\t\t<\/div>\n\t\t\t\t<\/div>\n\t\t\t\t<\/div>\n\t\t<div class=\"elementor-element elementor-element-f285d6b e-flex e-con-boxed e-con e-parent\" data-id=\"f285d6b\" data-element_type=\"container\">\n\t\t\t\t\t<div class=\"e-con-inner\">\n\t\t<div class=\"elementor-element elementor-element-c3ee921 e-con-full e-flex e-con e-child\" data-id=\"c3ee921\" data-element_type=\"container\">\n\t\t\t\t<div class=\"elementor-element elementor-element-3b40327 elementor-widget elementor-widget-text-editor\" data-id=\"3b40327\" data-element_type=\"widget\" data-widget_type=\"text-editor.default\">\n\t\t\t\t<div class=\"elementor-widget-container\">\n\t\t\t\t\t\t\t\t\t<h2 data-start=\"358\" data-end=\"418\">Esmorzar a Barcelona amb qualitat i ambient acollidor<\/h2><p data-start=\"419\" data-end=\"885\">Barcelona \u00e9s una ciutat plena d&#039;opcions gastron\u00f2miques, per\u00f2 quan es tracta de <strong data-start=\"500\" data-end=\"526\">esmorzar a Barcelona<\/strong>, lelecci\u00f3 del lloc adequat marca la difer\u00e8ncia. A City de Sants entenem que l&#039;esmorzar no \u00e9s nom\u00e9s el primer dinar del dia, sin\u00f3 un moment especial per comen\u00e7ar amb energia i bon gust. Els nostres clients troben al nostre espai un ambient acollidor, amb un tracte proper i propostes fresques i variades perqu\u00e8 cada mat\u00ed sigui diferent.<\/p><h3 data-start=\"887\" data-end=\"938\">\u00a0<\/h3>\t\t\t\t\t\t\t\t<\/div>\n\t\t\t\t<\/div>\n\t\t\t\t<\/div>\n\t\t<div class=\"elementor-element elementor-element-b99cbd1 e-con-full e-flex e-con e-child\" data-id=\"b99cbd1\" data-element_type=\"container\">\n\t\t\t\t<div class=\"elementor-element elementor-element-8c89738 elementor-widget elementor-widget-image\" data-id=\"8c89738\" data-element_type=\"widget\" data-widget_type=\"image.default\">\n\t\t\t\t<div class=\"elementor-widget-container\">\n\t\t\t\t\t\t\t\t\t\t\t\t\t\t\t<img decoding=\"async\" width=\"800\" height=\"566\" src=\"https:\/\/citydesants.com\/wp-content\/uploads\/2025\/07\/desayunos-barcelona-1024x724.jpg\" class=\"attachment-large size-large wp-image-1712\" alt=\"\" srcset=\"https:\/\/citydesants.com\/wp-content\/uploads\/2025\/07\/desayunos-barcelona-1024x724.jpg 1024w, https:\/\/citydesants.com\/wp-content\/uploads\/2025\/07\/desayunos-barcelona-300x212.jpg 300w, https:\/\/citydesants.com\/wp-content\/uploads\/2025\/07\/desayunos-barcelona-768x543.jpg 768w, https:\/\/citydesants.com\/wp-content\/uploads\/2025\/07\/desayunos-barcelona-1536x1086.jpg 1536w, https:\/\/citydesants.com\/wp-content\/uploads\/2025\/07\/desayunos-barcelona-18x12.jpg 18w, https:\/\/citydesants.com\/wp-content\/uploads\/2025\/07\/desayunos-barcelona.jpg 2000w\" sizes=\"(max-width: 800px) 100vw, 800px\" \/>\t\t\t\t\t\t\t\t\t\t\t\t\t\t\t<\/div>\n\t\t\t\t<\/div>\n\t\t\t\t<\/div>\n\t\t\t\t\t<\/div>\n\t\t\t\t<\/div>\n\t\t<div class=\"elementor-element elementor-element-f7d8f91 e-flex e-con-boxed e-con e-parent\" data-id=\"f7d8f91\" data-element_type=\"container\">\n\t\t\t\t\t<div class=\"e-con-inner\">\n\t\t<div class=\"elementor-element elementor-element-e05e735 e-con-full e-flex e-con e-child\" data-id=\"e05e735\" data-element_type=\"container\">\n\t\t\t\t<div class=\"elementor-element elementor-element-a00e081 elementor-widget elementor-widget-image\" data-id=\"a00e081\" data-element_type=\"widget\" data-widget_type=\"image.default\">\n\t\t\t\t<div class=\"elementor-widget-container\">\n\t\t\t\t\t\t\t\t\t\t\t\t\t\t\t<img decoding=\"async\" width=\"800\" height=\"534\" src=\"https:\/\/citydesants.com\/wp-content\/uploads\/2025\/05\/CityDeSants20-1024x683.jpg\" class=\"attachment-large size-large wp-image-484\" alt=\"\" srcset=\"https:\/\/citydesants.com\/wp-content\/uploads\/2025\/05\/CityDeSants20-1024x683.jpg 1024w, https:\/\/citydesants.com\/wp-content\/uploads\/2025\/05\/CityDeSants20-300x200.jpg 300w, https:\/\/citydesants.com\/wp-content\/uploads\/2025\/05\/CityDeSants20-768x512.jpg 768w, https:\/\/citydesants.com\/wp-content\/uploads\/2025\/05\/CityDeSants20-1536x1024.jpg 1536w, https:\/\/citydesants.com\/wp-content\/uploads\/2025\/05\/CityDeSants20.jpg 1920w\" sizes=\"(max-width: 800px) 100vw, 800px\" \/>\t\t\t\t\t\t\t\t\t\t\t\t\t\t\t<\/div>\n\t\t\t\t<\/div>\n\t\t\t\t<\/div>\n\t\t<div class=\"elementor-element elementor-element-dd289b9 e-con-full e-flex e-con e-child\" data-id=\"dd289b9\" data-element_type=\"container\">\n\t\t\t\t<div class=\"elementor-element elementor-element-437eb1c elementor-widget elementor-widget-text-editor\" data-id=\"437eb1c\" data-element_type=\"widget\" data-widget_type=\"text-editor.default\">\n\t\t\t\t<div class=\"elementor-widget-container\">\n\t\t\t\t\t\t\t\t\t<h2>Opcions variades per esmorzar a Barcelona<\/h2><p data-start=\"939\" data-end=\"1406\">Qui cerca <strong data-start=\"951\" data-end=\"977\">esmorzar a Barcelona<\/strong> sol voler alguna cosa m\u00e9s que un simple caf\u00e8 i un croissant. A City de Sants oferim alternatives pensades per a tots els gustos: des de pastisseria artesanal fins a torrades amb ingredients frescos, opcions saludables amb fruites i iogurt, i, per descomptat, caf\u00e8 d&#039;especialitat per als que gaudeixen d&#039;un sabor intens i de qualitat. A m\u00e9s a m\u00e9s, les nostres propostes estan elaborades al moment per garantir frescor i autenticitat.<\/p>\t\t\t\t\t\t\t\t<\/div>\n\t\t\t\t<\/div>\n\t\t\t\t<div class=\"elementor-element elementor-element-c3e5372 elementor-widget elementor-widget-text-editor\" data-id=\"c3e5372\" data-element_type=\"widget\" data-widget_type=\"text-editor.default\">\n\t\t\t\t<div class=\"elementor-widget-container\">\n\t\t\t\t\t\t\t\t\t<p>Lorem ipsum dolor sit amet, consectetur adipiscing elit. Ut elit tellus, luctus nec ullamcorper mattis, pulvinar dapibus llegeixo.<\/p>\t\t\t\t\t\t\t\t<\/div>\n\t\t\t\t<\/div>\n\t\t\t\t<\/div>\n\t\t\t\t\t<\/div>\n\t\t\t\t<\/div>\n\t\t<div class=\"elementor-element elementor-element-c522d18 e-flex e-con-boxed e-con e-parent\" data-id=\"c522d18\" data-element_type=\"container\">\n\t\t\t\t\t<div class=\"e-con-inner\">\n\t\t\t\t<div class=\"elementor-element elementor-element-a459016 elementor-widget elementor-widget-text-editor\" data-id=\"a459016\" data-element_type=\"widget\" data-widget_type=\"text-editor.default\">\n\t\t\t\t<div class=\"elementor-widget-container\">\n\t\t\t\t\t\t\t\t\t<h2 data-start=\"1408\" data-end=\"1470\">Per qu\u00e8 escollir City de Sants per esmorzar a Barcelona<\/h2><p data-start=\"1471\" data-end=\"1861\">Si el que desitges \u00e9s un lloc on gaudir d&#039;un esmorzar complet en un entorn agradable, City de Sants \u00e9s la teva millor elecci\u00f3. No nom\u00e9s oferim una carta variada, sin\u00f3 que tamb\u00e9 cuidem cada detall perqu\u00e8 el client se senti com a casa. Ja vinguis sol, amb amics o en fam\u00edlia, <span data-start=\"1762\" data-end=\"1788\">esmorzar a Barcelona<\/span> a City de Sants \u00e9s la manera perfecta de comen\u00e7ar el dia amb bon peu.<\/p>\t\t\t\t\t\t\t\t<\/div>\n\t\t\t\t<\/div>\n\t\t\t\t\t<\/div>\n\t\t\t\t<\/div>\n\t\t<div class=\"elementor-element elementor-element-e287957 e-flex e-con-boxed e-con e-parent\" data-id=\"e287957\" data-element_type=\"container\">\n\t\t\t\t\t<div class=\"e-con-inner\">\n\t\t<div class=\"elementor-element elementor-element-75f0612 e-con-full e-flex e-con e-child\" data-id=\"75f0612\" data-element_type=\"container\" data-settings=\"{&quot;background_background&quot;:&quot;classic&quot;}\">\n\t\t\t\t<div class=\"elementor-element elementor-element-25c4d15 elementor-widget elementor-widget-heading\" data-id=\"25c4d15\" data-element_type=\"widget\" data-widget_type=\"heading.default\">\n\t\t\t\t<div class=\"elementor-widget-container\">\n\t\t\t\t\t<p class=\"elementor-heading-title elementor-size-default\">Escriu-nos i et respondrem el m\u00e9s aviat possible.<\/p>\t\t\t\t<\/div>\n\t\t\t\t<\/div>\n\t\t\t\t<div class=\"elementor-element elementor-element-cee98d3 elementor-widget elementor-widget-heading\" data-id=\"cee98d3\" data-element_type=\"widget\" data-widget_type=\"heading.default\">\n\t\t\t\t<div class=\"elementor-widget-container\">\n\t\t\t\t\t<h2 class=\"elementor-heading-title elementor-size-default\">Vols reservar taula o fer-nos una consulta? \n<\/h2>\t\t\t\t<\/div>\n\t\t\t\t<\/div>\n\t\t\t\t<div class=\"elementor-element elementor-element-9a8830e elementor-widget elementor-widget-image\" data-id=\"9a8830e\" data-element_type=\"widget\" data-widget_type=\"image.default\">\n\t\t\t\t<div class=\"elementor-widget-container\">\n\t\t\t\t\t\t\t\t\t\t\t\t\t\t\t<img loading=\"lazy\" decoding=\"async\" width=\"212\" height=\"24\" src=\"https:\/\/citydesants.com\/wp-content\/uploads\/2025\/05\/resta-img20.png\" class=\"attachment-medium size-medium wp-image-78\" alt=\"\" \/>\t\t\t\t\t\t\t\t\t\t\t\t\t\t\t<\/div>\n\t\t\t\t<\/div>\n\t\t\t\t<div class=\"elementor-element elementor-element-9611ef8 elementor-widget elementor-widget-elementskit-contact-form7\" data-id=\"9611ef8\" data-element_type=\"widget\" data-widget_type=\"elementskit-contact-form7.default\">\n\t\t\t\t<div class=\"elementor-widget-container\">\n\t\t\t\t\t<div class=\"ekit-wid-con\" ><div class=\"ekit-form\">\n<div class=\"wpcf7 no-js\" id=\"wpcf7-f48-p1773-o1\" lang=\"es-ES\" dir=\"ltr\" data-wpcf7-id=\"48\">\n<div class=\"screen-reader-response\"><p role=\"status\" aria-live=\"polite\" aria-atomic=\"true\"><\/p> <ul><\/ul><\/div>\n<form action=\"\/ca\/desayunar-en-barcelona\/#wpcf7-f48-p1773-o1\" method=\"post\" class=\"wpcf7-form init\" aria-label=\"Formulari de contacte\" novalidate=\"novalidate\" data-status=\"init\" data-trp-original-action=\"\/desayunar-en-barcelona\/#wpcf7-f48-p1773-o1\">\n<fieldset class=\"hidden-fields-container\"><input type=\"hidden\" name=\"_wpcf7\" value=\"48\" \/><input type=\"hidden\" name=\"_wpcf7_version\" value=\"6.1.3\" \/><input type=\"hidden\" name=\"_wpcf7_locale\" value=\"es_ES\" \/><input type=\"hidden\" name=\"_wpcf7_unit_tag\" value=\"wpcf7-f48-p1773-o1\" \/><input type=\"hidden\" name=\"_wpcf7_container_post\" value=\"1773\" \/><input type=\"hidden\" name=\"_wpcf7_posted_data_hash\" value=\"\" \/><input type=\"hidden\" name=\"_wpcf7_recaptcha_response\" value=\"\" \/>\n<\/fieldset>\n<div class=\"form-row\">\n\t<div class=\"form-column\">\n\t\t<p><label for=\"nombre\">Nom *<\/label><br \/>\n<span class=\"wpcf7-form-control-wrap\" data-name=\"nombre\"><input size=\"40\" maxlength=\"400\" class=\"wpcf7-form-control wpcf7-text wpcf7-validates-as-required\" id=\"nombre\" aria-required=\"true\" aria-invalid=\"false\" placeholder=\"Ex: Juan Garc\u00eda\" value=\"\" type=\"text\" name=\"nombre\" \/><\/span>\n\t\t<\/p>\n\t<\/div>\n\t<div class=\"form-column\">\n\t\t<p><label for=\"telefono\">Tel\u00e8fon *<\/label><br \/>\n<span class=\"wpcf7-form-control-wrap\" data-name=\"telefono\"><input size=\"40\" maxlength=\"400\" class=\"wpcf7-form-control wpcf7-tel wpcf7-validates-as-required wpcf7-text wpcf7-validates-as-tel\" id=\"telefono\" aria-required=\"true\" aria-invalid=\"false\" placeholder=\"Ex: 666 777 888\" value=\"\" type=\"tel\" name=\"telefono\" \/><\/span>\n\t\t<\/p>\n\t<\/div>\n<\/div>\n<div class=\"form-row\">\n\t<div class=\"form-column\">\n\t\t<p><label for=\"email\">Correu electr\u00f2nic *<\/label><br \/>\n<span class=\"wpcf7-form-control-wrap\" data-name=\"email\"><input size=\"40\" maxlength=\"400\" class=\"wpcf7-form-control wpcf7-email wpcf7-validates-as-required wpcf7-text wpcf7-validates-as-email\" id=\"email\" aria-required=\"true\" aria-invalid=\"false\" placeholder=\"Ex: info@dominio.com\" value=\"\" type=\"email\" name=\"email\" \/><\/span>\n\t\t<\/p>\n\t<\/div>\n\t<div class=\"form-column\">\n\t\t<p><label for=\"asunto\">Assumpte *<\/label><br \/>\n<span class=\"wpcf7-form-control-wrap\" data-name=\"asunto\"><input size=\"40\" maxlength=\"400\" class=\"wpcf7-form-control wpcf7-text wpcf7-validates-as-required\" id=\"asunto\" aria-required=\"true\" aria-invalid=\"false\" placeholder=\"Motiu de la consulta\" value=\"\" type=\"text\" name=\"asunto\" \/><\/span>\n\t\t<\/p>\n\t<\/div>\n<\/div>\n<div class=\"form-row-full\">\n\t<p><label for=\"mensaje\">Missatge *<\/label><br \/>\n<span class=\"wpcf7-form-control-wrap\" data-name=\"mensaje\"><textarea cols=\"40\" rows=\"10\" maxlength=\"2000\" class=\"wpcf7-form-control wpcf7-textarea wpcf7-validates-as-required\" id=\"mensaje\" aria-required=\"true\" aria-invalid=\"false\" placeholder=\"Escriu aqu\u00ed el teu missatge...\" name=\"mensaje\"><\/textarea><\/span>\n\t<\/p>\n<\/div>\n<div class=\"form-acceptance\">\n\t<p><span class=\"wpcf7-form-control-wrap\" data-name=\"politica\"><span class=\"wpcf7-form-control wpcf7-acceptance\"><span class=\"wpcf7-list-item\"><label><input type=\"checkbox\" name=\"politica\" value=\"1\" aria-invalid=\"false\" \/><span class=\"wpcf7-list-item-label\"><span class=\"txt-acepto\">He llegit i accepto la <\/span>\n    <a class=\"pp\" href=\"\/ca\/politica-de-privacidad\/\">Pol\u00edtica de Privadesa<\/a><\/span><\/label><\/span><\/span><\/span>\n\t<\/p>\n<\/div>\n<p><input class=\"wpcf7-form-control wpcf7-submit has-spinner\" type=\"submit\" value=\"Enviar missatge\" \/>\n<\/p><div class=\"wpcf7-response-output\" aria-hidden=\"true\"><\/div>\n<input type=\"hidden\" name=\"trp-form-language\" value=\"ca\"\/><\/form>\n<\/div>\n<\/div><\/div>\t\t\t\t<\/div>\n\t\t\t\t<\/div>\n\t\t\t\t<div class=\"elementor-element elementor-element-197e062 elementor-widget elementor-widget-text-editor\" data-id=\"197e062\" data-element_type=\"widget\" data-widget_type=\"text-editor.default\">\n\t\t\t\t<div class=\"elementor-widget-container\">\n\t\t\t\t\t\t\t\t\t<p>*No es faran reserves en dies de partit del Barcelona.<\/p>\t\t\t\t\t\t\t\t<\/div>\n\t\t\t\t<\/div>\n\t\t\t\t<\/div>\n\t\t\t\t\t<\/div>\n\t\t\t\t<\/div>\n\t\t\t\t<\/div>","protected":false},"excerpt":{"rendered":"<p>Desayunar en Barcelona con calidad y ambiente acogedor Barcelona es una ciudad llena de opciones gastron\u00f3micas, pero cuando se trata de desayunar en Barcelona, la elecci\u00f3n del lugar adecuado marca la diferencia. En City de Sants entendemos que el desayuno no es solo la primera comida del d\u00eda, sino un momento especial para empezar con [&hellip;]<\/p>","protected":false},"author":1,"featured_media":0,"parent":0,"menu_order":0,"comment_status":"closed","ping_status":"closed","template":"","meta":{"_acf_changed":false,"footnotes":""},"class_list":["post-1773","page","type-page","status-publish","hentry"],"acf":[],"yoast_head":"<!-- This site is optimized with the Yoast SEO plugin v26.4 - https:\/\/yoast.com\/wordpress\/plugins\/seo\/ -->\n<title>Desayunar en Barcelona - CITY DE SANTS<\/title>\n<meta name=\"robots\" content=\"index, follow, max-snippet:-1, max-image-preview:large, max-video-preview:-1\" \/>\n<link rel=\"canonical\" href=\"https:\/\/citydesants.com\/ca\/desayunar-en-barcelona\/\" \/>\n<meta property=\"og:locale\" content=\"ca_ES\" \/>\n<meta property=\"og:type\" content=\"article\" \/>\n<meta property=\"og:title\" content=\"Desayunar en Barcelona - CITY DE SANTS\" \/>\n<meta property=\"og:description\" content=\"Desayunar en Barcelona con calidad y ambiente acogedor Barcelona es una ciudad llena de opciones gastron\u00f3micas, pero cuando se trata de desayunar en Barcelona, la elecci\u00f3n del lugar adecuado marca la diferencia. En City de Sants entendemos que el desayuno no es solo la primera comida del d\u00eda, sino un momento especial para empezar con [&hellip;]\" \/>\n<meta property=\"og:url\" content=\"https:\/\/citydesants.com\/ca\/desayunar-en-barcelona\/\" \/>\n<meta property=\"og:site_name\" content=\"CITY DE SANTS\" \/>\n<meta property=\"article:modified_time\" content=\"2025-09-17T16:52:57+00:00\" \/>\n<meta property=\"og:image\" content=\"https:\/\/citydesants.com\/wp-content\/uploads\/2025\/05\/resta-img23.png\" \/>\n\t<meta property=\"og:image:width\" content=\"2040\" \/>\n\t<meta property=\"og:image:height\" content=\"78\" \/>\n\t<meta property=\"og:image:type\" content=\"image\/png\" \/>\n<meta name=\"twitter:card\" content=\"summary_large_image\" \/>\n<meta name=\"twitter:label1\" content=\"Temps estimat de lectura\" \/>\n\t<meta name=\"twitter:data1\" content=\"3 minuts\" \/>\n<script type=\"application\/ld+json\" class=\"yoast-schema-graph\">{\"@context\":\"https:\/\/schema.org\",\"@graph\":[{\"@type\":\"WebPage\",\"@id\":\"https:\/\/citydesants.com\/desayunar-en-barcelona\/\",\"url\":\"https:\/\/citydesants.com\/desayunar-en-barcelona\/\",\"name\":\"Desayunar en Barcelona - CITY DE SANTS\",\"isPartOf\":{\"@id\":\"https:\/\/citydesants.com\/#website\"},\"primaryImageOfPage\":{\"@id\":\"https:\/\/citydesants.com\/desayunar-en-barcelona\/#primaryimage\"},\"image\":{\"@id\":\"https:\/\/citydesants.com\/desayunar-en-barcelona\/#primaryimage\"},\"thumbnailUrl\":\"https:\/\/citydesants.com\/wp-content\/uploads\/2025\/05\/resta-img23.png\",\"datePublished\":\"2025-08-30T10:33:56+00:00\",\"dateModified\":\"2025-09-17T16:52:57+00:00\",\"breadcrumb\":{\"@id\":\"https:\/\/citydesants.com\/desayunar-en-barcelona\/#breadcrumb\"},\"inLanguage\":\"ca\",\"potentialAction\":[{\"@type\":\"ReadAction\",\"target\":[\"https:\/\/citydesants.com\/desayunar-en-barcelona\/\"]}]},{\"@type\":\"ImageObject\",\"inLanguage\":\"ca\",\"@id\":\"https:\/\/citydesants.com\/desayunar-en-barcelona\/#primaryimage\",\"url\":\"https:\/\/citydesants.com\/wp-content\/uploads\/2025\/05\/resta-img23.png\",\"contentUrl\":\"https:\/\/citydesants.com\/wp-content\/uploads\/2025\/05\/resta-img23.png\"},{\"@type\":\"BreadcrumbList\",\"@id\":\"https:\/\/citydesants.com\/desayunar-en-barcelona\/#breadcrumb\",\"itemListElement\":[{\"@type\":\"ListItem\",\"position\":1,\"name\":\"Portada\",\"item\":\"https:\/\/citydesants.com\/\"},{\"@type\":\"ListItem\",\"position\":2,\"name\":\"Desayunar en Barcelona\"}]},{\"@type\":\"WebSite\",\"@id\":\"https:\/\/citydesants.com\/#website\",\"url\":\"https:\/\/citydesants.com\/\",\"name\":\"CITY DE SANTS\",\"description\":\"Bar restaurante deportivo en el barrio de Sants\",\"publisher\":{\"@id\":\"https:\/\/citydesants.com\/#organization\"},\"potentialAction\":[{\"@type\":\"SearchAction\",\"target\":{\"@type\":\"EntryPoint\",\"urlTemplate\":\"https:\/\/citydesants.com\/?s={search_term_string}\"},\"query-input\":{\"@type\":\"PropertyValueSpecification\",\"valueRequired\":true,\"valueName\":\"search_term_string\"}}],\"inLanguage\":\"ca\"},{\"@type\":\"Organization\",\"@id\":\"https:\/\/citydesants.com\/#organization\",\"name\":\"CITY DE SANTS\",\"url\":\"https:\/\/citydesants.com\/\",\"logo\":{\"@type\":\"ImageObject\",\"inLanguage\":\"ca\",\"@id\":\"https:\/\/citydesants.com\/#\/schema\/logo\/image\/\",\"url\":\"https:\/\/citydesants.com\/wp-content\/uploads\/2025\/05\/Logo-horizontal-5.webp\",\"contentUrl\":\"https:\/\/citydesants.com\/wp-content\/uploads\/2025\/05\/Logo-horizontal-5.webp\",\"width\":326,\"height\":125,\"caption\":\"CITY DE SANTS\"},\"image\":{\"@id\":\"https:\/\/citydesants.com\/#\/schema\/logo\/image\/\"}}]}<\/script>\n<!-- \/ Yoast SEO plugin. -->","yoast_head_json":{"title":"Desayunar en Barcelona - CITY DE SANTS","robots":{"index":"index","follow":"follow","max-snippet":"max-snippet:-1","max-image-preview":"max-image-preview:large","max-video-preview":"max-video-preview:-1"},"canonical":"https:\/\/citydesants.com\/ca\/desayunar-en-barcelona\/","og_locale":"ca_ES","og_type":"article","og_title":"Desayunar en Barcelona - CITY DE SANTS","og_description":"Desayunar en Barcelona con calidad y ambiente acogedor Barcelona es una ciudad llena de opciones gastron\u00f3micas, pero cuando se trata de desayunar en Barcelona, la elecci\u00f3n del lugar adecuado marca la diferencia. En City de Sants entendemos que el desayuno no es solo la primera comida del d\u00eda, sino un momento especial para empezar con [&hellip;]","og_url":"https:\/\/citydesants.com\/ca\/desayunar-en-barcelona\/","og_site_name":"CITY DE SANTS","article_modified_time":"2025-09-17T16:52:57+00:00","og_image":[{"width":2040,"height":78,"url":"https:\/\/citydesants.com\/wp-content\/uploads\/2025\/05\/resta-img23.png","type":"image\/png"}],"twitter_card":"summary_large_image","twitter_misc":{"Temps estimat de lectura":"3 minuts"},"schema":{"@context":"https:\/\/schema.org","@graph":[{"@type":"WebPage","@id":"https:\/\/citydesants.com\/desayunar-en-barcelona\/","url":"https:\/\/citydesants.com\/desayunar-en-barcelona\/","name":"Desayunar en Barcelona - CITY DE SANTS","isPartOf":{"@id":"https:\/\/citydesants.com\/#website"},"primaryImageOfPage":{"@id":"https:\/\/citydesants.com\/desayunar-en-barcelona\/#primaryimage"},"image":{"@id":"https:\/\/citydesants.com\/desayunar-en-barcelona\/#primaryimage"},"thumbnailUrl":"https:\/\/citydesants.com\/wp-content\/uploads\/2025\/05\/resta-img23.png","datePublished":"2025-08-30T10:33:56+00:00","dateModified":"2025-09-17T16:52:57+00:00","breadcrumb":{"@id":"https:\/\/citydesants.com\/desayunar-en-barcelona\/#breadcrumb"},"inLanguage":"ca","potentialAction":[{"@type":"ReadAction","target":["https:\/\/citydesants.com\/desayunar-en-barcelona\/"]}]},{"@type":"ImageObject","inLanguage":"ca","@id":"https:\/\/citydesants.com\/desayunar-en-barcelona\/#primaryimage","url":"https:\/\/citydesants.com\/wp-content\/uploads\/2025\/05\/resta-img23.png","contentUrl":"https:\/\/citydesants.com\/wp-content\/uploads\/2025\/05\/resta-img23.png"},{"@type":"BreadcrumbList","@id":"https:\/\/citydesants.com\/desayunar-en-barcelona\/#breadcrumb","itemListElement":[{"@type":"ListItem","position":1,"name":"Portada","item":"https:\/\/citydesants.com\/"},{"@type":"ListItem","position":2,"name":"Desayunar en Barcelona"}]},{"@type":"WebSite","@id":"https:\/\/citydesants.com\/#website","url":"https:\/\/citydesants.com\/","name":"CITY DE SANTS","description":"Bar restaurant esportiu al barri de Sants","publisher":{"@id":"https:\/\/citydesants.com\/#organization"},"potentialAction":[{"@type":"SearchAction","target":{"@type":"EntryPoint","urlTemplate":"https:\/\/citydesants.com\/?s={search_term_string}"},"query-input":{"@type":"PropertyValueSpecification","valueRequired":true,"valueName":"search_term_string"}}],"inLanguage":"ca"},{"@type":"Organization","@id":"https:\/\/citydesants.com\/#organization","name":"CITY DE SANTS","url":"https:\/\/citydesants.com\/","logo":{"@type":"ImageObject","inLanguage":"ca","@id":"https:\/\/citydesants.com\/#\/schema\/logo\/image\/","url":"https:\/\/citydesants.com\/wp-content\/uploads\/2025\/05\/Logo-horizontal-5.webp","contentUrl":"https:\/\/citydesants.com\/wp-content\/uploads\/2025\/05\/Logo-horizontal-5.webp","width":326,"height":125,"caption":"CITY DE SANTS"},"image":{"@id":"https:\/\/citydesants.com\/#\/schema\/logo\/image\/"}}]}},"_links":{"self":[{"href":"https:\/\/citydesants.com\/ca\/wp-json\/wp\/v2\/pages\/1773","targetHints":{"allow":["GET"]}}],"collection":[{"href":"https:\/\/citydesants.com\/ca\/wp-json\/wp\/v2\/pages"}],"about":[{"href":"https:\/\/citydesants.com\/ca\/wp-json\/wp\/v2\/types\/page"}],"author":[{"embeddable":true,"href":"https:\/\/citydesants.com\/ca\/wp-json\/wp\/v2\/users\/1"}],"replies":[{"embeddable":true,"href":"https:\/\/citydesants.com\/ca\/wp-json\/wp\/v2\/comments?post=1773"}],"version-history":[{"count":13,"href":"https:\/\/citydesants.com\/ca\/wp-json\/wp\/v2\/pages\/1773\/revisions"}],"predecessor-version":[{"id":1897,"href":"https:\/\/citydesants.com\/ca\/wp-json\/wp\/v2\/pages\/1773\/revisions\/1897"}],"wp:attachment":[{"href":"https:\/\/citydesants.com\/ca\/wp-json\/wp\/v2\/media?parent=1773"}],"curies":[{"name":"wp","href":"https:\/\/api.w.org\/{rel}","templated":true}]}}