{"id":1743,"date":"2025-07-20T00:03:17","date_gmt":"2025-07-19T22:03:17","guid":{"rendered":"https:\/\/citydesants.com\/?page_id=1743"},"modified":"2025-09-17T18:52:43","modified_gmt":"2025-09-17T16:52:43","slug":"cafe-de-especialidad-en-barcelona","status":"publish","type":"page","link":"https:\/\/citydesants.com\/ca\/cafe-de-especialidad-en-barcelona\/","title":{"rendered":"Caf\u00e8 d\u00b4especialitat a Barcelona"},"content":{"rendered":"<div data-elementor-type=\"wp-page\" data-elementor-id=\"1743\" class=\"elementor elementor-1743\" data-elementor-post-type=\"page\">\n\t\t\t\t<div class=\"elementor-element elementor-element-de74a51 e-flex e-con-boxed e-con e-parent\" data-id=\"de74a51\" data-element_type=\"container\" data-settings=\"{&quot;background_background&quot;:&quot;classic&quot;}\">\n\t\t\t\t\t<div class=\"e-con-inner\">\n\t\t\t\t<div class=\"elementor-element elementor-element-432a8ae elementor-widget elementor-widget-heading\" data-id=\"432a8ae\" data-element_type=\"widget\" data-widget_type=\"heading.default\">\n\t\t\t\t<div class=\"elementor-widget-container\">\n\t\t\t\t\t<h1 class=\"elementor-heading-title elementor-size-default\">Caf\u00e8 d\u00b4especialitat a Barcelona<\/h1>\t\t\t\t<\/div>\n\t\t\t\t<\/div>\n\t\t\t\t\t<\/div>\n\t\t\t\t<\/div>\n\t\t<div class=\"elementor-element elementor-element-25702ca e-con-full e-flex e-con e-parent\" data-id=\"25702ca\" data-element_type=\"container\">\n\t\t\t\t<div class=\"elementor-element elementor-element-9404db0 elementor-widget elementor-widget-image\" data-id=\"9404db0\" data-element_type=\"widget\" data-widget_type=\"image.default\">\n\t\t\t\t<div class=\"elementor-widget-container\">\n\t\t\t\t\t\t\t\t\t\t\t\t\t\t\t<img fetchpriority=\"high\" decoding=\"async\" width=\"2040\" height=\"78\" src=\"https:\/\/citydesants.com\/wp-content\/uploads\/2025\/05\/resta-img23.png\" class=\"attachment-full size-full wp-image-77\" alt=\"\" srcset=\"https:\/\/citydesants.com\/wp-content\/uploads\/2025\/05\/resta-img23.png 2040w, https:\/\/citydesants.com\/wp-content\/uploads\/2025\/05\/resta-img23-300x11.png 300w, https:\/\/citydesants.com\/wp-content\/uploads\/2025\/05\/resta-img23-1024x39.png 1024w, https:\/\/citydesants.com\/wp-content\/uploads\/2025\/05\/resta-img23-768x29.png 768w, https:\/\/citydesants.com\/wp-content\/uploads\/2025\/05\/resta-img23-1536x59.png 1536w, https:\/\/citydesants.com\/wp-content\/uploads\/2025\/05\/resta-img23-600x23.png 600w\" sizes=\"(max-width: 2040px) 100vw, 2040px\" \/>\t\t\t\t\t\t\t\t\t\t\t\t\t\t\t<\/div>\n\t\t\t\t<\/div>\n\t\t\t\t<\/div>\n\t\t<div class=\"elementor-element elementor-element-4839f0e e-flex e-con-boxed e-con e-parent\" data-id=\"4839f0e\" data-element_type=\"container\">\n\t\t\t\t\t<div class=\"e-con-inner\">\n\t\t<div class=\"elementor-element elementor-element-ff34bc7 e-con-full e-flex e-con e-child\" data-id=\"ff34bc7\" data-element_type=\"container\">\n\t\t\t\t<div class=\"elementor-element elementor-element-937bdf5 elementor-widget elementor-widget-text-editor\" data-id=\"937bdf5\" data-element_type=\"widget\" data-widget_type=\"text-editor.default\">\n\t\t\t\t<div class=\"elementor-widget-container\">\n\t\t\t\t\t\t\t\t\t<h2 data-start=\"4800\" data-end=\"4883\"><strong data-start=\"4804\" data-end=\"4883\">City de Sants: el lloc per gaudir de caf\u00e8 d\u00b4especialitat a Barcelona<\/strong><\/h2><p data-start=\"4885\" data-end=\"5211\">El caf\u00e8 \u00e9s molt m\u00e9s que una beguda, \u00e9s una experi\u00e8ncia. I si busques el millor <strong data-start=\"4963\" data-end=\"5000\">caf\u00e8 d&#039;especialitat a Barcelona<\/strong>, City de Sants \u00e9s la teva destinaci\u00f3. Aquest local, amb m\u00e9s de 25 anys d&#039;hist\u00f2ria, ha convertit el caf\u00e8 en una de les seves senyes d&#039;identitat i ha ofert una proposta que combina qualitat, sabor i una preparaci\u00f3 impecable.<\/p>\t\t\t\t\t\t\t\t<\/div>\n\t\t\t\t<\/div>\n\t\t\t\t<\/div>\n\t\t<div class=\"elementor-element elementor-element-35a7a30 e-con-full e-flex e-con e-child\" data-id=\"35a7a30\" data-element_type=\"container\">\n\t\t\t\t<div class=\"elementor-element elementor-element-52b02a1 elementor-widget elementor-widget-image\" data-id=\"52b02a1\" data-element_type=\"widget\" data-widget_type=\"image.default\">\n\t\t\t\t<div class=\"elementor-widget-container\">\n\t\t\t\t\t\t\t\t\t\t\t\t\t\t\t<img decoding=\"async\" width=\"800\" height=\"566\" src=\"https:\/\/citydesants.com\/wp-content\/uploads\/2025\/07\/desayunar-en-Barcelona-1024x724.jpg\" class=\"attachment-large size-large wp-image-1710\" alt=\"desayunar-en-Barcelona\" srcset=\"https:\/\/citydesants.com\/wp-content\/uploads\/2025\/07\/desayunar-en-Barcelona-1024x724.jpg 1024w, https:\/\/citydesants.com\/wp-content\/uploads\/2025\/07\/desayunar-en-Barcelona-300x212.jpg 300w, https:\/\/citydesants.com\/wp-content\/uploads\/2025\/07\/desayunar-en-Barcelona-768x543.jpg 768w, https:\/\/citydesants.com\/wp-content\/uploads\/2025\/07\/desayunar-en-Barcelona-1536x1086.jpg 1536w, https:\/\/citydesants.com\/wp-content\/uploads\/2025\/07\/desayunar-en-Barcelona-18x12.jpg 18w, https:\/\/citydesants.com\/wp-content\/uploads\/2025\/07\/desayunar-en-Barcelona.jpg 2000w\" sizes=\"(max-width: 800px) 100vw, 800px\" \/>\t\t\t\t\t\t\t\t\t\t\t\t\t\t\t<\/div>\n\t\t\t\t<\/div>\n\t\t\t\t<\/div>\n\t\t\t\t\t<\/div>\n\t\t\t\t<\/div>\n\t\t<div class=\"elementor-element elementor-element-c52ad01 e-flex e-con-boxed e-con e-parent\" data-id=\"c52ad01\" data-element_type=\"container\">\n\t\t\t\t\t<div class=\"e-con-inner\">\n\t\t<div class=\"elementor-element elementor-element-f9b4d41 e-con-full e-flex e-con e-child\" data-id=\"f9b4d41\" data-element_type=\"container\">\n\t\t\t\t<div class=\"elementor-element elementor-element-ada28d5 elementor-widget elementor-widget-image\" data-id=\"ada28d5\" data-element_type=\"widget\" data-widget_type=\"image.default\">\n\t\t\t\t<div class=\"elementor-widget-container\">\n\t\t\t\t\t\t\t\t\t\t\t\t\t\t\t<img decoding=\"async\" width=\"800\" height=\"566\" src=\"https:\/\/citydesants.com\/wp-content\/uploads\/2025\/06\/Cafe-de-especialidad-1024x724.jpg\" class=\"attachment-large size-large wp-image-1695\" alt=\"Cafe-de-especialidad\" srcset=\"https:\/\/citydesants.com\/wp-content\/uploads\/2025\/06\/Cafe-de-especialidad-1024x724.jpg 1024w, https:\/\/citydesants.com\/wp-content\/uploads\/2025\/06\/Cafe-de-especialidad-300x212.jpg 300w, https:\/\/citydesants.com\/wp-content\/uploads\/2025\/06\/Cafe-de-especialidad-768x543.jpg 768w, https:\/\/citydesants.com\/wp-content\/uploads\/2025\/06\/Cafe-de-especialidad-1536x1086.jpg 1536w, https:\/\/citydesants.com\/wp-content\/uploads\/2025\/06\/Cafe-de-especialidad-18x12.jpg 18w, https:\/\/citydesants.com\/wp-content\/uploads\/2025\/06\/Cafe-de-especialidad.jpg 2000w\" sizes=\"(max-width: 800px) 100vw, 800px\" \/>\t\t\t\t\t\t\t\t\t\t\t\t\t\t\t<\/div>\n\t\t\t\t<\/div>\n\t\t\t\t<\/div>\n\t\t<div class=\"elementor-element elementor-element-61272ab e-con-full e-flex e-con e-child\" data-id=\"61272ab\" data-element_type=\"container\">\n\t\t\t\t<div class=\"elementor-element elementor-element-5cbf25e elementor-widget elementor-widget-text-editor\" data-id=\"5cbf25e\" data-element_type=\"widget\" data-widget_type=\"text-editor.default\">\n\t\t\t\t<div class=\"elementor-widget-container\">\n\t\t\t\t\t\t\t\t\t<h2 data-start=\"5218\" data-end=\"5280\"><strong data-start=\"5222\" data-end=\"5280\">Caf\u00e8 d\u00b4especialitat a Barcelona amb gra de qualitat<\/strong><\/h2><p data-start=\"5282\" data-end=\"5658\">El <strong data-start=\"5285\" data-end=\"5322\">caf\u00e8 d&#039;especialitat a Barcelona<\/strong> no es troba a qualsevol lloc. A City de Sants, el caf\u00e8 Illy n&#039;\u00e9s el protagonista. Amb un gra seleccionat amb cura, m\u00f2lt al moment i preparat amb t\u00e8cnica, cada tassa \u00e9s una celebraci\u00f3 de l&#039;aroma i el sabor. A m\u00e9s, podeu personalitzar el vostre caf\u00e8 amb alternatives vegetals o sense lactosa, mantenint sempre l&#039;excel\u00b7l\u00e8ncia.<\/p>\t\t\t\t\t\t\t\t<\/div>\n\t\t\t\t<\/div>\n\t\t\t\t<\/div>\n\t\t\t\t\t<\/div>\n\t\t\t\t<\/div>\n\t\t<div class=\"elementor-element elementor-element-8105063 e-flex e-con-boxed e-con e-parent\" data-id=\"8105063\" data-element_type=\"container\">\n\t\t\t\t\t<div class=\"e-con-inner\">\n\t\t\t\t<div class=\"elementor-element elementor-element-b0e8b09 elementor-widget elementor-widget-text-editor\" data-id=\"b0e8b09\" data-element_type=\"widget\" data-widget_type=\"text-editor.default\">\n\t\t\t\t<div class=\"elementor-widget-container\">\n\t\t\t\t\t\t\t\t\t<h2 data-start=\"5665\" data-end=\"5729\"><strong data-start=\"5669\" data-end=\"5729\">Caf\u00e8 d\u00b4especialitat a Barcelona en un espai acollidor<\/strong><\/h2><p data-start=\"5731\" data-end=\"6013\">Prendre un caf\u00e8 \u00e9s m\u00e9s que una pausa, \u00e9s un moment per a tu. A City de Sants, gaudir del <strong data-start=\"5822\" data-end=\"5859\">caf\u00e8 d&#039;especialitat a Barcelona<\/strong> \u00e9s fer-ho en un ambient proper, perfecte per llegir, xerrar o simplement relaxar-te. Pots acompanyar-lo amb pastisseria casolana, torrades o creps dolces.<\/p><h2 data-start=\"6020\" data-end=\"6093\"><strong data-start=\"6024\" data-end=\"6093\">City de Sants: la teva refer\u00e8ncia en caf\u00e8 especialitzat a Barcelona<\/strong><\/h2><p data-start=\"6095\" data-end=\"6377\">Si ets amant del caf\u00e8, City de Sants \u00e9s el lloc que estaves buscant. Cada tassa reflecteix la cura per la qualitat i la passi\u00f3 per oferir una experi\u00e8ncia \u00fanica. Entre els locals amb <strong data-start=\"6281\" data-end=\"6318\">caf\u00e8 d&#039;especialitat a Barcelona<\/strong>, aquest destaca pel seu sabor aut\u00e8ntic i el seu ambient c\u00e0lid.<\/p>\t\t\t\t\t\t\t\t<\/div>\n\t\t\t\t<\/div>\n\t\t\t\t\t<\/div>\n\t\t\t\t<\/div>\n\t\t<div class=\"elementor-element elementor-element-ffdd563 e-flex e-con-boxed e-con e-parent\" data-id=\"ffdd563\" data-element_type=\"container\">\n\t\t\t\t\t<div class=\"e-con-inner\">\n\t\t<div class=\"elementor-element elementor-element-133e393 e-con-full e-flex e-con e-child\" data-id=\"133e393\" data-element_type=\"container\" data-settings=\"{&quot;background_background&quot;:&quot;classic&quot;}\">\n\t\t\t\t<div class=\"elementor-element elementor-element-f7f5472 elementor-widget elementor-widget-heading\" data-id=\"f7f5472\" data-element_type=\"widget\" data-widget_type=\"heading.default\">\n\t\t\t\t<div class=\"elementor-widget-container\">\n\t\t\t\t\t<p class=\"elementor-heading-title elementor-size-default\">Escriu-nos i et respondrem el m\u00e9s aviat possible.<\/p>\t\t\t\t<\/div>\n\t\t\t\t<\/div>\n\t\t\t\t<div class=\"elementor-element elementor-element-0ec291d elementor-widget elementor-widget-heading\" data-id=\"0ec291d\" data-element_type=\"widget\" data-widget_type=\"heading.default\">\n\t\t\t\t<div class=\"elementor-widget-container\">\n\t\t\t\t\t<h2 class=\"elementor-heading-title elementor-size-default\">Vols reservar taula o fer-nos una consulta? \n<\/h2>\t\t\t\t<\/div>\n\t\t\t\t<\/div>\n\t\t\t\t<div class=\"elementor-element elementor-element-6f899f2 elementor-widget elementor-widget-image\" data-id=\"6f899f2\" data-element_type=\"widget\" data-widget_type=\"image.default\">\n\t\t\t\t<div class=\"elementor-widget-container\">\n\t\t\t\t\t\t\t\t\t\t\t\t\t\t\t<img loading=\"lazy\" decoding=\"async\" width=\"212\" height=\"24\" src=\"https:\/\/citydesants.com\/wp-content\/uploads\/2025\/05\/resta-img20.png\" class=\"attachment-medium size-medium wp-image-78\" alt=\"\" \/>\t\t\t\t\t\t\t\t\t\t\t\t\t\t\t<\/div>\n\t\t\t\t<\/div>\n\t\t\t\t<div class=\"elementor-element elementor-element-3e62b4b elementor-widget elementor-widget-elementskit-contact-form7\" data-id=\"3e62b4b\" data-element_type=\"widget\" data-widget_type=\"elementskit-contact-form7.default\">\n\t\t\t\t<div class=\"elementor-widget-container\">\n\t\t\t\t\t<div class=\"ekit-wid-con\" ><div class=\"ekit-form\">\n<div class=\"wpcf7 no-js\" id=\"wpcf7-f48-p1743-o1\" lang=\"es-ES\" dir=\"ltr\" data-wpcf7-id=\"48\">\n<div class=\"screen-reader-response\"><p role=\"status\" aria-live=\"polite\" aria-atomic=\"true\"><\/p> <ul><\/ul><\/div>\n<form action=\"\/ca\/cafe-de-especialidad-en-barcelona\/#wpcf7-f48-p1743-o1\" method=\"post\" class=\"wpcf7-form init\" aria-label=\"Formulari de contacte\" novalidate=\"novalidate\" data-status=\"init\" data-trp-original-action=\"\/cafe-de-especialidad-en-barcelona\/#wpcf7-f48-p1743-o1\">\n<fieldset class=\"hidden-fields-container\"><input type=\"hidden\" name=\"_wpcf7\" value=\"48\" \/><input type=\"hidden\" name=\"_wpcf7_version\" value=\"6.1.3\" \/><input type=\"hidden\" name=\"_wpcf7_locale\" value=\"es_ES\" \/><input type=\"hidden\" name=\"_wpcf7_unit_tag\" value=\"wpcf7-f48-p1743-o1\" \/><input type=\"hidden\" name=\"_wpcf7_container_post\" value=\"1743\" \/><input type=\"hidden\" name=\"_wpcf7_posted_data_hash\" value=\"\" \/><input type=\"hidden\" name=\"_wpcf7_recaptcha_response\" value=\"\" \/>\n<\/fieldset>\n<div class=\"form-row\">\n\t<div class=\"form-column\">\n\t\t<p><label for=\"nombre\">Nom *<\/label><br \/>\n<span class=\"wpcf7-form-control-wrap\" data-name=\"nombre\"><input size=\"40\" maxlength=\"400\" class=\"wpcf7-form-control wpcf7-text wpcf7-validates-as-required\" id=\"nombre\" aria-required=\"true\" aria-invalid=\"false\" placeholder=\"Ex: Juan Garc\u00eda\" value=\"\" type=\"text\" name=\"nombre\" \/><\/span>\n\t\t<\/p>\n\t<\/div>\n\t<div class=\"form-column\">\n\t\t<p><label for=\"telefono\">Tel\u00e8fon *<\/label><br \/>\n<span class=\"wpcf7-form-control-wrap\" data-name=\"telefono\"><input size=\"40\" maxlength=\"400\" class=\"wpcf7-form-control wpcf7-tel wpcf7-validates-as-required wpcf7-text wpcf7-validates-as-tel\" id=\"telefono\" aria-required=\"true\" aria-invalid=\"false\" placeholder=\"Ex: 666 777 888\" value=\"\" type=\"tel\" name=\"telefono\" \/><\/span>\n\t\t<\/p>\n\t<\/div>\n<\/div>\n<div class=\"form-row\">\n\t<div class=\"form-column\">\n\t\t<p><label for=\"email\">Correu electr\u00f2nic *<\/label><br \/>\n<span class=\"wpcf7-form-control-wrap\" data-name=\"email\"><input size=\"40\" maxlength=\"400\" class=\"wpcf7-form-control wpcf7-email wpcf7-validates-as-required wpcf7-text wpcf7-validates-as-email\" id=\"email\" aria-required=\"true\" aria-invalid=\"false\" placeholder=\"Ex: info@dominio.com\" value=\"\" type=\"email\" name=\"email\" \/><\/span>\n\t\t<\/p>\n\t<\/div>\n\t<div class=\"form-column\">\n\t\t<p><label for=\"asunto\">Assumpte *<\/label><br \/>\n<span class=\"wpcf7-form-control-wrap\" data-name=\"asunto\"><input size=\"40\" maxlength=\"400\" class=\"wpcf7-form-control wpcf7-text wpcf7-validates-as-required\" id=\"asunto\" aria-required=\"true\" aria-invalid=\"false\" placeholder=\"Motiu de la consulta\" value=\"\" type=\"text\" name=\"asunto\" \/><\/span>\n\t\t<\/p>\n\t<\/div>\n<\/div>\n<div class=\"form-row-full\">\n\t<p><label for=\"mensaje\">Missatge *<\/label><br \/>\n<span class=\"wpcf7-form-control-wrap\" data-name=\"mensaje\"><textarea cols=\"40\" rows=\"10\" maxlength=\"2000\" class=\"wpcf7-form-control wpcf7-textarea wpcf7-validates-as-required\" id=\"mensaje\" aria-required=\"true\" aria-invalid=\"false\" placeholder=\"Escriu aqu\u00ed el teu missatge...\" name=\"mensaje\"><\/textarea><\/span>\n\t<\/p>\n<\/div>\n<div class=\"form-acceptance\">\n\t<p><span class=\"wpcf7-form-control-wrap\" data-name=\"politica\"><span class=\"wpcf7-form-control wpcf7-acceptance\"><span class=\"wpcf7-list-item\"><label><input type=\"checkbox\" name=\"politica\" value=\"1\" aria-invalid=\"false\" \/><span class=\"wpcf7-list-item-label\"><span class=\"txt-acepto\">He llegit i accepto la <\/span>\n    <a class=\"pp\" href=\"\/ca\/politica-de-privacidad\/\">Pol\u00edtica de Privadesa<\/a><\/span><\/label><\/span><\/span><\/span>\n\t<\/p>\n<\/div>\n<p><input class=\"wpcf7-form-control wpcf7-submit has-spinner\" type=\"submit\" value=\"Enviar missatge\" \/>\n<\/p><div class=\"wpcf7-response-output\" aria-hidden=\"true\"><\/div>\n<input type=\"hidden\" name=\"trp-form-language\" value=\"ca\"\/><\/form>\n<\/div>\n<\/div><\/div>\t\t\t\t<\/div>\n\t\t\t\t<\/div>\n\t\t\t\t<div class=\"elementor-element elementor-element-56d0f00 elementor-widget elementor-widget-text-editor\" data-id=\"56d0f00\" data-element_type=\"widget\" data-widget_type=\"text-editor.default\">\n\t\t\t\t<div class=\"elementor-widget-container\">\n\t\t\t\t\t\t\t\t\t<p>*No es faran reserves en dies de partit del Barcelona.<\/p>\t\t\t\t\t\t\t\t<\/div>\n\t\t\t\t<\/div>\n\t\t\t\t<\/div>\n\t\t\t\t\t<\/div>\n\t\t\t\t<\/div>\n\t\t\t\t<\/div>","protected":false},"excerpt":{"rendered":"<p>City de Sants: el lugar para disfrutar de caf\u00e9 de especialidad en Barcelona El caf\u00e9 es mucho m\u00e1s que una bebida, es una experiencia. Y si buscas el mejor caf\u00e9 de especialidad en Barcelona, City de Sants es tu destino. Este local, con m\u00e1s de 25 a\u00f1os de historia, ha convertido el caf\u00e9 en una [&hellip;]<\/p>","protected":false},"author":1,"featured_media":0,"parent":0,"menu_order":0,"comment_status":"closed","ping_status":"closed","template":"","meta":{"_acf_changed":false,"footnotes":""},"class_list":["post-1743","page","type-page","status-publish","hentry"],"acf":[],"yoast_head":"<!-- This site is optimized with the Yoast SEO plugin v26.4 - https:\/\/yoast.com\/wordpress\/plugins\/seo\/ -->\n<title>Caf\u00e9 de especialidad en Barcelona - CITY DE SANTS<\/title>\n<meta name=\"robots\" content=\"index, follow, max-snippet:-1, max-image-preview:large, max-video-preview:-1\" \/>\n<link rel=\"canonical\" href=\"https:\/\/citydesants.com\/ca\/cafe-de-especialidad-en-barcelona\/\" \/>\n<meta property=\"og:locale\" content=\"ca_ES\" \/>\n<meta property=\"og:type\" content=\"article\" \/>\n<meta property=\"og:title\" content=\"Caf\u00e9 de especialidad en Barcelona - CITY DE SANTS\" \/>\n<meta property=\"og:description\" content=\"City de Sants: el lugar para disfrutar de caf\u00e9 de especialidad en Barcelona El caf\u00e9 es mucho m\u00e1s que una bebida, es una experiencia. Y si buscas el mejor caf\u00e9 de especialidad en Barcelona, City de Sants es tu destino. Este local, con m\u00e1s de 25 a\u00f1os de historia, ha convertido el caf\u00e9 en una [&hellip;]\" \/>\n<meta property=\"og:url\" content=\"https:\/\/citydesants.com\/ca\/cafe-de-especialidad-en-barcelona\/\" \/>\n<meta property=\"og:site_name\" content=\"CITY DE SANTS\" \/>\n<meta property=\"article:modified_time\" content=\"2025-09-17T16:52:43+00:00\" \/>\n<meta property=\"og:image\" content=\"https:\/\/citydesants.com\/wp-content\/uploads\/2025\/05\/resta-img23.png\" \/>\n\t<meta property=\"og:image:width\" content=\"2040\" \/>\n\t<meta property=\"og:image:height\" content=\"78\" \/>\n\t<meta property=\"og:image:type\" content=\"image\/png\" \/>\n<meta name=\"twitter:card\" content=\"summary_large_image\" \/>\n<meta name=\"twitter:label1\" content=\"Temps estimat de lectura\" \/>\n\t<meta name=\"twitter:data1\" content=\"3 minuts\" \/>\n<script type=\"application\/ld+json\" class=\"yoast-schema-graph\">{\"@context\":\"https:\/\/schema.org\",\"@graph\":[{\"@type\":\"WebPage\",\"@id\":\"https:\/\/citydesants.com\/cafe-de-especialidad-en-barcelona\/\",\"url\":\"https:\/\/citydesants.com\/cafe-de-especialidad-en-barcelona\/\",\"name\":\"Caf\u00e9 de especialidad en Barcelona - CITY DE SANTS\",\"isPartOf\":{\"@id\":\"https:\/\/citydesants.com\/#website\"},\"primaryImageOfPage\":{\"@id\":\"https:\/\/citydesants.com\/cafe-de-especialidad-en-barcelona\/#primaryimage\"},\"image\":{\"@id\":\"https:\/\/citydesants.com\/cafe-de-especialidad-en-barcelona\/#primaryimage\"},\"thumbnailUrl\":\"https:\/\/citydesants.com\/wp-content\/uploads\/2025\/05\/resta-img23.png\",\"datePublished\":\"2025-07-19T22:03:17+00:00\",\"dateModified\":\"2025-09-17T16:52:43+00:00\",\"breadcrumb\":{\"@id\":\"https:\/\/citydesants.com\/cafe-de-especialidad-en-barcelona\/#breadcrumb\"},\"inLanguage\":\"ca\",\"potentialAction\":[{\"@type\":\"ReadAction\",\"target\":[\"https:\/\/citydesants.com\/cafe-de-especialidad-en-barcelona\/\"]}]},{\"@type\":\"ImageObject\",\"inLanguage\":\"ca\",\"@id\":\"https:\/\/citydesants.com\/cafe-de-especialidad-en-barcelona\/#primaryimage\",\"url\":\"https:\/\/citydesants.com\/wp-content\/uploads\/2025\/05\/resta-img23.png\",\"contentUrl\":\"https:\/\/citydesants.com\/wp-content\/uploads\/2025\/05\/resta-img23.png\"},{\"@type\":\"BreadcrumbList\",\"@id\":\"https:\/\/citydesants.com\/cafe-de-especialidad-en-barcelona\/#breadcrumb\",\"itemListElement\":[{\"@type\":\"ListItem\",\"position\":1,\"name\":\"Portada\",\"item\":\"https:\/\/citydesants.com\/\"},{\"@type\":\"ListItem\",\"position\":2,\"name\":\"Caf\u00e9 de especialidad en Barcelona\"}]},{\"@type\":\"WebSite\",\"@id\":\"https:\/\/citydesants.com\/#website\",\"url\":\"https:\/\/citydesants.com\/\",\"name\":\"CITY DE SANTS\",\"description\":\"Bar restaurante deportivo en el barrio de Sants\",\"publisher\":{\"@id\":\"https:\/\/citydesants.com\/#organization\"},\"potentialAction\":[{\"@type\":\"SearchAction\",\"target\":{\"@type\":\"EntryPoint\",\"urlTemplate\":\"https:\/\/citydesants.com\/?s={search_term_string}\"},\"query-input\":{\"@type\":\"PropertyValueSpecification\",\"valueRequired\":true,\"valueName\":\"search_term_string\"}}],\"inLanguage\":\"ca\"},{\"@type\":\"Organization\",\"@id\":\"https:\/\/citydesants.com\/#organization\",\"name\":\"CITY DE SANTS\",\"url\":\"https:\/\/citydesants.com\/\",\"logo\":{\"@type\":\"ImageObject\",\"inLanguage\":\"ca\",\"@id\":\"https:\/\/citydesants.com\/#\/schema\/logo\/image\/\",\"url\":\"https:\/\/citydesants.com\/wp-content\/uploads\/2025\/05\/Logo-horizontal-5.webp\",\"contentUrl\":\"https:\/\/citydesants.com\/wp-content\/uploads\/2025\/05\/Logo-horizontal-5.webp\",\"width\":326,\"height\":125,\"caption\":\"CITY DE SANTS\"},\"image\":{\"@id\":\"https:\/\/citydesants.com\/#\/schema\/logo\/image\/\"}}]}<\/script>\n<!-- \/ Yoast SEO plugin. -->","yoast_head_json":{"title":"Caf\u00e9 de especialidad en Barcelona - CITY DE SANTS","robots":{"index":"index","follow":"follow","max-snippet":"max-snippet:-1","max-image-preview":"max-image-preview:large","max-video-preview":"max-video-preview:-1"},"canonical":"https:\/\/citydesants.com\/ca\/cafe-de-especialidad-en-barcelona\/","og_locale":"ca_ES","og_type":"article","og_title":"Caf\u00e9 de especialidad en Barcelona - CITY DE SANTS","og_description":"City de Sants: el lugar para disfrutar de caf\u00e9 de especialidad en Barcelona El caf\u00e9 es mucho m\u00e1s que una bebida, es una experiencia. Y si buscas el mejor caf\u00e9 de especialidad en Barcelona, City de Sants es tu destino. Este local, con m\u00e1s de 25 a\u00f1os de historia, ha convertido el caf\u00e9 en una [&hellip;]","og_url":"https:\/\/citydesants.com\/ca\/cafe-de-especialidad-en-barcelona\/","og_site_name":"CITY DE SANTS","article_modified_time":"2025-09-17T16:52:43+00:00","og_image":[{"width":2040,"height":78,"url":"https:\/\/citydesants.com\/wp-content\/uploads\/2025\/05\/resta-img23.png","type":"image\/png"}],"twitter_card":"summary_large_image","twitter_misc":{"Temps estimat de lectura":"3 minuts"},"schema":{"@context":"https:\/\/schema.org","@graph":[{"@type":"WebPage","@id":"https:\/\/citydesants.com\/cafe-de-especialidad-en-barcelona\/","url":"https:\/\/citydesants.com\/cafe-de-especialidad-en-barcelona\/","name":"Caf\u00e9 de especialidad en Barcelona - CITY DE SANTS","isPartOf":{"@id":"https:\/\/citydesants.com\/#website"},"primaryImageOfPage":{"@id":"https:\/\/citydesants.com\/cafe-de-especialidad-en-barcelona\/#primaryimage"},"image":{"@id":"https:\/\/citydesants.com\/cafe-de-especialidad-en-barcelona\/#primaryimage"},"thumbnailUrl":"https:\/\/citydesants.com\/wp-content\/uploads\/2025\/05\/resta-img23.png","datePublished":"2025-07-19T22:03:17+00:00","dateModified":"2025-09-17T16:52:43+00:00","breadcrumb":{"@id":"https:\/\/citydesants.com\/cafe-de-especialidad-en-barcelona\/#breadcrumb"},"inLanguage":"ca","potentialAction":[{"@type":"ReadAction","target":["https:\/\/citydesants.com\/cafe-de-especialidad-en-barcelona\/"]}]},{"@type":"ImageObject","inLanguage":"ca","@id":"https:\/\/citydesants.com\/cafe-de-especialidad-en-barcelona\/#primaryimage","url":"https:\/\/citydesants.com\/wp-content\/uploads\/2025\/05\/resta-img23.png","contentUrl":"https:\/\/citydesants.com\/wp-content\/uploads\/2025\/05\/resta-img23.png"},{"@type":"BreadcrumbList","@id":"https:\/\/citydesants.com\/cafe-de-especialidad-en-barcelona\/#breadcrumb","itemListElement":[{"@type":"ListItem","position":1,"name":"Portada","item":"https:\/\/citydesants.com\/"},{"@type":"ListItem","position":2,"name":"Caf\u00e9 de especialidad en Barcelona"}]},{"@type":"WebSite","@id":"https:\/\/citydesants.com\/#website","url":"https:\/\/citydesants.com\/","name":"CITY DE SANTS","description":"Bar restaurant esportiu al barri de Sants","publisher":{"@id":"https:\/\/citydesants.com\/#organization"},"potentialAction":[{"@type":"SearchAction","target":{"@type":"EntryPoint","urlTemplate":"https:\/\/citydesants.com\/?s={search_term_string}"},"query-input":{"@type":"PropertyValueSpecification","valueRequired":true,"valueName":"search_term_string"}}],"inLanguage":"ca"},{"@type":"Organization","@id":"https:\/\/citydesants.com\/#organization","name":"CITY DE SANTS","url":"https:\/\/citydesants.com\/","logo":{"@type":"ImageObject","inLanguage":"ca","@id":"https:\/\/citydesants.com\/#\/schema\/logo\/image\/","url":"https:\/\/citydesants.com\/wp-content\/uploads\/2025\/05\/Logo-horizontal-5.webp","contentUrl":"https:\/\/citydesants.com\/wp-content\/uploads\/2025\/05\/Logo-horizontal-5.webp","width":326,"height":125,"caption":"CITY DE SANTS"},"image":{"@id":"https:\/\/citydesants.com\/#\/schema\/logo\/image\/"}}]}},"_links":{"self":[{"href":"https:\/\/citydesants.com\/ca\/wp-json\/wp\/v2\/pages\/1743","targetHints":{"allow":["GET"]}}],"collection":[{"href":"https:\/\/citydesants.com\/ca\/wp-json\/wp\/v2\/pages"}],"about":[{"href":"https:\/\/citydesants.com\/ca\/wp-json\/wp\/v2\/types\/page"}],"author":[{"embeddable":true,"href":"https:\/\/citydesants.com\/ca\/wp-json\/wp\/v2\/users\/1"}],"replies":[{"embeddable":true,"href":"https:\/\/citydesants.com\/ca\/wp-json\/wp\/v2\/comments?post=1743"}],"version-history":[{"count":10,"href":"https:\/\/citydesants.com\/ca\/wp-json\/wp\/v2\/pages\/1743\/revisions"}],"predecessor-version":[{"id":1894,"href":"https:\/\/citydesants.com\/ca\/wp-json\/wp\/v2\/pages\/1743\/revisions\/1894"}],"wp:attachment":[{"href":"https:\/\/citydesants.com\/ca\/wp-json\/wp\/v2\/media?parent=1743"}],"curies":[{"name":"wp","href":"https:\/\/api.w.org\/{rel}","templated":true}]}}