{"id":1734,"date":"2025-07-20T00:00:21","date_gmt":"2025-07-19T22:00:21","guid":{"rendered":"https:\/\/citydesants.com\/?page_id=1734"},"modified":"2025-09-17T18:51:37","modified_gmt":"2025-09-17T16:51:37","slug":"bar-de-tapas-en-barcelona","status":"publish","type":"page","link":"https:\/\/citydesants.com\/ca\/bar-de-tapas-en-barcelona\/","title":{"rendered":"Bar de tapes a Barcelona"},"content":{"rendered":"<div data-elementor-type=\"wp-page\" data-elementor-id=\"1734\" class=\"elementor elementor-1734\" data-elementor-post-type=\"page\">\n\t\t\t\t<div class=\"elementor-element elementor-element-fde5713 e-flex e-con-boxed e-con e-parent\" data-id=\"fde5713\" data-element_type=\"container\" data-settings=\"{&quot;background_background&quot;:&quot;classic&quot;}\">\n\t\t\t\t\t<div class=\"e-con-inner\">\n\t\t\t\t<div class=\"elementor-element elementor-element-a4b2599 elementor-widget elementor-widget-heading\" data-id=\"a4b2599\" data-element_type=\"widget\" data-widget_type=\"heading.default\">\n\t\t\t\t<div class=\"elementor-widget-container\">\n\t\t\t\t\t<h1 class=\"elementor-heading-title elementor-size-default\">Bar de tapes a Barcelona<\/h1>\t\t\t\t<\/div>\n\t\t\t\t<\/div>\n\t\t\t\t\t<\/div>\n\t\t\t\t<\/div>\n\t\t<div class=\"elementor-element elementor-element-6e2c094 e-con-full e-flex e-con e-parent\" data-id=\"6e2c094\" data-element_type=\"container\">\n\t\t\t\t<div class=\"elementor-element elementor-element-b527bd6 elementor-widget elementor-widget-image\" data-id=\"b527bd6\" data-element_type=\"widget\" data-widget_type=\"image.default\">\n\t\t\t\t<div class=\"elementor-widget-container\">\n\t\t\t\t\t\t\t\t\t\t\t\t\t\t\t<img fetchpriority=\"high\" decoding=\"async\" width=\"2040\" height=\"78\" src=\"https:\/\/citydesants.com\/wp-content\/uploads\/2025\/05\/resta-img23.png\" class=\"attachment-full size-full wp-image-77\" alt=\"\" srcset=\"https:\/\/citydesants.com\/wp-content\/uploads\/2025\/05\/resta-img23.png 2040w, https:\/\/citydesants.com\/wp-content\/uploads\/2025\/05\/resta-img23-300x11.png 300w, https:\/\/citydesants.com\/wp-content\/uploads\/2025\/05\/resta-img23-1024x39.png 1024w, https:\/\/citydesants.com\/wp-content\/uploads\/2025\/05\/resta-img23-768x29.png 768w, https:\/\/citydesants.com\/wp-content\/uploads\/2025\/05\/resta-img23-1536x59.png 1536w, https:\/\/citydesants.com\/wp-content\/uploads\/2025\/05\/resta-img23-600x23.png 600w\" sizes=\"(max-width: 2040px) 100vw, 2040px\" \/>\t\t\t\t\t\t\t\t\t\t\t\t\t\t\t<\/div>\n\t\t\t\t<\/div>\n\t\t\t\t<\/div>\n\t\t<div class=\"elementor-element elementor-element-62d42c8 e-flex e-con-boxed e-con e-parent\" data-id=\"62d42c8\" data-element_type=\"container\">\n\t\t\t\t\t<div class=\"e-con-inner\">\n\t\t<div class=\"elementor-element elementor-element-39e3de1 e-con-full e-flex e-con e-child\" data-id=\"39e3de1\" data-element_type=\"container\">\n\t\t\t\t<div class=\"elementor-element elementor-element-a628a6e elementor-widget elementor-widget-text-editor\" data-id=\"a628a6e\" data-element_type=\"widget\" data-widget_type=\"text-editor.default\">\n\t\t\t\t<div class=\"elementor-widget-container\">\n\t\t\t\t\t\t\t\t\t<h2 data-start=\"2874\" data-end=\"2955\"><strong data-start=\"2878\" data-end=\"2955\">City de Sants: el bar de tapes a Barcelona amb aut\u00e8ntic sabor de barri<\/strong><\/h2><p data-start=\"2957\" data-end=\"3410\">Barcelona \u00e9s coneguda per la seva diversitat gastron\u00f2mica i els bars de tapes s\u00f3n part de la seva ess\u00e8ncia. Si busques un <strong data-start=\"3070\" data-end=\"3099\">bar de tapes a Barcelona<\/strong> que combini tradici\u00f3, cuina casolana i un ambient acollidor, <strong data-start=\"3161\" data-end=\"3178\">City de Sants<\/strong> \u00e9s una parada obligat\u00f2ria. Amb una experi\u00e8ncia de m\u00e9s de 25 anys al barri, aquest local ha esdevingut un referent per als que volen gaudir de tapes aut\u00e8ntiques, elaborades amb ingredients frescos i receptes de sempre.<\/p>\t\t\t\t\t\t\t\t<\/div>\n\t\t\t\t<\/div>\n\t\t\t\t<\/div>\n\t\t<div class=\"elementor-element elementor-element-ba2251c e-con-full e-flex e-con e-child\" data-id=\"ba2251c\" data-element_type=\"container\">\n\t\t\t\t<div class=\"elementor-element elementor-element-95da93b elementor-widget elementor-widget-image\" data-id=\"95da93b\" data-element_type=\"widget\" data-widget_type=\"image.default\">\n\t\t\t\t<div class=\"elementor-widget-container\">\n\t\t\t\t\t\t\t\t\t\t\t\t\t\t\t<img decoding=\"async\" width=\"800\" height=\"566\" src=\"https:\/\/citydesants.com\/wp-content\/uploads\/2025\/07\/bar-de-tapas-en-Barcelona-1024x724.jpg\" class=\"attachment-large size-large wp-image-1716\" alt=\"\" srcset=\"https:\/\/citydesants.com\/wp-content\/uploads\/2025\/07\/bar-de-tapas-en-Barcelona-1024x724.jpg 1024w, https:\/\/citydesants.com\/wp-content\/uploads\/2025\/07\/bar-de-tapas-en-Barcelona-300x212.jpg 300w, https:\/\/citydesants.com\/wp-content\/uploads\/2025\/07\/bar-de-tapas-en-Barcelona-768x543.jpg 768w, https:\/\/citydesants.com\/wp-content\/uploads\/2025\/07\/bar-de-tapas-en-Barcelona-1536x1086.jpg 1536w, https:\/\/citydesants.com\/wp-content\/uploads\/2025\/07\/bar-de-tapas-en-Barcelona-18x12.jpg 18w, https:\/\/citydesants.com\/wp-content\/uploads\/2025\/07\/bar-de-tapas-en-Barcelona.jpg 2000w\" sizes=\"(max-width: 800px) 100vw, 800px\" \/>\t\t\t\t\t\t\t\t\t\t\t\t\t\t\t<\/div>\n\t\t\t\t<\/div>\n\t\t\t\t<\/div>\n\t\t\t\t\t<\/div>\n\t\t\t\t<\/div>\n\t\t<div class=\"elementor-element elementor-element-22a6a74 e-flex e-con-boxed e-con e-parent\" data-id=\"22a6a74\" data-element_type=\"container\">\n\t\t\t\t\t<div class=\"e-con-inner\">\n\t\t<div class=\"elementor-element elementor-element-05f2fb3 e-con-full e-flex e-con e-child\" data-id=\"05f2fb3\" data-element_type=\"container\">\n\t\t\t\t<div class=\"elementor-element elementor-element-8d6fa31 elementor-widget elementor-widget-image\" data-id=\"8d6fa31\" data-element_type=\"widget\" data-widget_type=\"image.default\">\n\t\t\t\t<div class=\"elementor-widget-container\">\n\t\t\t\t\t\t\t\t\t\t\t\t\t\t\t<img decoding=\"async\" width=\"800\" height=\"566\" src=\"https:\/\/citydesants.com\/wp-content\/uploads\/2025\/06\/tapas-caseras-1024x724.jpg\" class=\"attachment-large size-large wp-image-1702\" alt=\"tapas-caseras\" srcset=\"https:\/\/citydesants.com\/wp-content\/uploads\/2025\/06\/tapas-caseras-1024x724.jpg 1024w, https:\/\/citydesants.com\/wp-content\/uploads\/2025\/06\/tapas-caseras-300x212.jpg 300w, https:\/\/citydesants.com\/wp-content\/uploads\/2025\/06\/tapas-caseras-768x543.jpg 768w, https:\/\/citydesants.com\/wp-content\/uploads\/2025\/06\/tapas-caseras-1536x1086.jpg 1536w, https:\/\/citydesants.com\/wp-content\/uploads\/2025\/06\/tapas-caseras-18x12.jpg 18w, https:\/\/citydesants.com\/wp-content\/uploads\/2025\/06\/tapas-caseras.jpg 2000w\" sizes=\"(max-width: 800px) 100vw, 800px\" \/>\t\t\t\t\t\t\t\t\t\t\t\t\t\t\t<\/div>\n\t\t\t\t<\/div>\n\t\t\t\t<\/div>\n\t\t<div class=\"elementor-element elementor-element-47128cc e-con-full e-flex e-con e-child\" data-id=\"47128cc\" data-element_type=\"container\">\n\t\t\t\t<div class=\"elementor-element elementor-element-0e290e0 elementor-widget elementor-widget-text-editor\" data-id=\"0e290e0\" data-element_type=\"widget\" data-widget_type=\"text-editor.default\">\n\t\t\t\t<div class=\"elementor-widget-container\">\n\t\t\t\t\t\t\t\t\t<h2 data-start=\"3417\" data-end=\"3476\"><strong data-start=\"3421\" data-end=\"3476\">Un bar de tapes a Barcelona on la qualitat mana<\/strong><\/h2><p data-start=\"3478\" data-end=\"3816\">City de Sants \u00e9s un <strong data-start=\"3498\" data-end=\"3527\">bar de tapes a Barcelona<\/strong> que ha sabut mantenir-se fidel a la cuina casolana. Aqu\u00ed, cada tapa es prepara al moment, sense productes precuinats. Des d&#039;unes braves amb salsa casolana fins a croquetes fetes a m\u00e0 o truites de patates sucoses, cada plat \u00e9s una mostra del comprom\u00eds per oferir qualitat i sabor real.<\/p><p data-start=\"3818\" data-end=\"3994\">No nom\u00e9s es tracta de menjar, sin\u00f3 de gaudir d&#039;una experi\u00e8ncia. Tapes que us conviden a compartir, conversar i assaborir l&#039;ess\u00e8ncia de la cuina espanyola en un entorn acollidor.<\/p>\t\t\t\t\t\t\t\t<\/div>\n\t\t\t\t<\/div>\n\t\t\t\t<\/div>\n\t\t\t\t\t<\/div>\n\t\t\t\t<\/div>\n\t\t<div class=\"elementor-element elementor-element-c376230 e-flex e-con-boxed e-con e-parent\" data-id=\"c376230\" data-element_type=\"container\">\n\t\t\t\t\t<div class=\"e-con-inner\">\n\t\t\t\t<div class=\"elementor-element elementor-element-f5c0cd1 elementor-widget elementor-widget-text-editor\" data-id=\"f5c0cd1\" data-element_type=\"widget\" data-widget_type=\"text-editor.default\">\n\t\t\t\t<div class=\"elementor-widget-container\">\n\t\t\t\t\t\t\t\t\t<h2 data-start=\"4001\" data-end=\"4060\"><strong data-start=\"4005\" data-end=\"4060\">Un bar de tapes a Barcelona amb ambient aut\u00e8ntic<\/strong><\/h2><p data-start=\"4062\" data-end=\"4422\">A City de Sants, les tapes van acompanyades d\u00b4un ambient que reflecteix l\u00b4ess\u00e8ncia del barri. \u00c9s un lloc per anar amb amics, per celebrar, per prendre alguna cosa despr\u00e9s de la feina o simplement per relaxar-te amb una bona copa de vi. Aquest <strong data-start=\"4301\" data-end=\"4330\">bar de tapes a Barcelona<\/strong> \u00e9s ideal per als que busquen autenticitat, sense preus inflats ni propostes pretensioses.<\/p><h2 data-start=\"4429\" data-end=\"4493\"><strong data-start=\"4433\" data-end=\"4493\">City de Sants: el teu bar de tapes a Barcelona de confian\u00e7a<\/strong><\/h2><p data-start=\"4495\" data-end=\"4742\">Si voleu viure una experi\u00e8ncia real de tapes, City de Sants \u00e9s el vostre lloc. Entre tots els <strong data-start=\"4586\" data-end=\"4617\">bars de tapes a Barcelona<\/strong>, aquest destaca per oferir cuina casolana, atenci\u00f3 propera i preus honestos. Aqu\u00ed no nom\u00e9s menges, vius el sabor del barri.<\/p>\t\t\t\t\t\t\t\t<\/div>\n\t\t\t\t<\/div>\n\t\t\t\t\t<\/div>\n\t\t\t\t<\/div>\n\t\t<div class=\"elementor-element elementor-element-3038ef6 e-flex e-con-boxed e-con e-parent\" data-id=\"3038ef6\" data-element_type=\"container\">\n\t\t\t\t\t<div class=\"e-con-inner\">\n\t\t<div class=\"elementor-element elementor-element-7ef3325 e-con-full e-flex e-con e-child\" data-id=\"7ef3325\" data-element_type=\"container\" data-settings=\"{&quot;background_background&quot;:&quot;classic&quot;}\">\n\t\t\t\t<div class=\"elementor-element elementor-element-52b9969 elementor-widget elementor-widget-heading\" data-id=\"52b9969\" data-element_type=\"widget\" data-widget_type=\"heading.default\">\n\t\t\t\t<div class=\"elementor-widget-container\">\n\t\t\t\t\t<p class=\"elementor-heading-title elementor-size-default\">Escriu-nos i et respondrem el m\u00e9s aviat possible.<\/p>\t\t\t\t<\/div>\n\t\t\t\t<\/div>\n\t\t\t\t<div class=\"elementor-element elementor-element-ed10a38 elementor-widget elementor-widget-heading\" data-id=\"ed10a38\" data-element_type=\"widget\" data-widget_type=\"heading.default\">\n\t\t\t\t<div class=\"elementor-widget-container\">\n\t\t\t\t\t<h2 class=\"elementor-heading-title elementor-size-default\">Vols reservar taula o fer-nos una consulta? \n<\/h2>\t\t\t\t<\/div>\n\t\t\t\t<\/div>\n\t\t\t\t<div class=\"elementor-element elementor-element-be90560 elementor-widget elementor-widget-image\" data-id=\"be90560\" data-element_type=\"widget\" data-widget_type=\"image.default\">\n\t\t\t\t<div class=\"elementor-widget-container\">\n\t\t\t\t\t\t\t\t\t\t\t\t\t\t\t<img loading=\"lazy\" decoding=\"async\" width=\"212\" height=\"24\" src=\"https:\/\/citydesants.com\/wp-content\/uploads\/2025\/05\/resta-img20.png\" class=\"attachment-medium size-medium wp-image-78\" alt=\"\" \/>\t\t\t\t\t\t\t\t\t\t\t\t\t\t\t<\/div>\n\t\t\t\t<\/div>\n\t\t\t\t<div class=\"elementor-element elementor-element-2074a0e elementor-widget elementor-widget-elementskit-contact-form7\" data-id=\"2074a0e\" data-element_type=\"widget\" data-widget_type=\"elementskit-contact-form7.default\">\n\t\t\t\t<div class=\"elementor-widget-container\">\n\t\t\t\t\t<div class=\"ekit-wid-con\" ><div class=\"ekit-form\">\n<div class=\"wpcf7 no-js\" id=\"wpcf7-f48-p1734-o1\" lang=\"es-ES\" dir=\"ltr\" data-wpcf7-id=\"48\">\n<div class=\"screen-reader-response\"><p role=\"status\" aria-live=\"polite\" aria-atomic=\"true\"><\/p> <ul><\/ul><\/div>\n<form action=\"\/ca\/bar-de-tapas-en-barcelona\/#wpcf7-f48-p1734-o1\" method=\"post\" class=\"wpcf7-form init\" aria-label=\"Formulari de contacte\" novalidate=\"novalidate\" data-status=\"init\" data-trp-original-action=\"\/bar-de-tapas-en-barcelona\/#wpcf7-f48-p1734-o1\">\n<fieldset class=\"hidden-fields-container\"><input type=\"hidden\" name=\"_wpcf7\" value=\"48\" \/><input type=\"hidden\" name=\"_wpcf7_version\" value=\"6.1.3\" \/><input type=\"hidden\" name=\"_wpcf7_locale\" value=\"es_ES\" \/><input type=\"hidden\" name=\"_wpcf7_unit_tag\" value=\"wpcf7-f48-p1734-o1\" \/><input type=\"hidden\" name=\"_wpcf7_container_post\" value=\"1734\" \/><input type=\"hidden\" name=\"_wpcf7_posted_data_hash\" value=\"\" \/><input type=\"hidden\" name=\"_wpcf7_recaptcha_response\" value=\"\" \/>\n<\/fieldset>\n<div class=\"form-row\">\n\t<div class=\"form-column\">\n\t\t<p><label for=\"nombre\">Nom *<\/label><br \/>\n<span class=\"wpcf7-form-control-wrap\" data-name=\"nombre\"><input size=\"40\" maxlength=\"400\" class=\"wpcf7-form-control wpcf7-text wpcf7-validates-as-required\" id=\"nombre\" aria-required=\"true\" aria-invalid=\"false\" placeholder=\"Ex: Juan Garc\u00eda\" value=\"\" type=\"text\" name=\"nombre\" \/><\/span>\n\t\t<\/p>\n\t<\/div>\n\t<div class=\"form-column\">\n\t\t<p><label for=\"telefono\">Tel\u00e8fon *<\/label><br \/>\n<span class=\"wpcf7-form-control-wrap\" data-name=\"telefono\"><input size=\"40\" maxlength=\"400\" class=\"wpcf7-form-control wpcf7-tel wpcf7-validates-as-required wpcf7-text wpcf7-validates-as-tel\" id=\"telefono\" aria-required=\"true\" aria-invalid=\"false\" placeholder=\"Ex: 666 777 888\" value=\"\" type=\"tel\" name=\"telefono\" \/><\/span>\n\t\t<\/p>\n\t<\/div>\n<\/div>\n<div class=\"form-row\">\n\t<div class=\"form-column\">\n\t\t<p><label for=\"email\">Correu electr\u00f2nic *<\/label><br \/>\n<span class=\"wpcf7-form-control-wrap\" data-name=\"email\"><input size=\"40\" maxlength=\"400\" class=\"wpcf7-form-control wpcf7-email wpcf7-validates-as-required wpcf7-text wpcf7-validates-as-email\" id=\"email\" aria-required=\"true\" aria-invalid=\"false\" placeholder=\"Ex: info@dominio.com\" value=\"\" type=\"email\" name=\"email\" \/><\/span>\n\t\t<\/p>\n\t<\/div>\n\t<div class=\"form-column\">\n\t\t<p><label for=\"asunto\">Assumpte *<\/label><br \/>\n<span class=\"wpcf7-form-control-wrap\" data-name=\"asunto\"><input size=\"40\" maxlength=\"400\" class=\"wpcf7-form-control wpcf7-text wpcf7-validates-as-required\" id=\"asunto\" aria-required=\"true\" aria-invalid=\"false\" placeholder=\"Motiu de la consulta\" value=\"\" type=\"text\" name=\"asunto\" \/><\/span>\n\t\t<\/p>\n\t<\/div>\n<\/div>\n<div class=\"form-row-full\">\n\t<p><label for=\"mensaje\">Missatge *<\/label><br \/>\n<span class=\"wpcf7-form-control-wrap\" data-name=\"mensaje\"><textarea cols=\"40\" rows=\"10\" maxlength=\"2000\" class=\"wpcf7-form-control wpcf7-textarea wpcf7-validates-as-required\" id=\"mensaje\" aria-required=\"true\" aria-invalid=\"false\" placeholder=\"Escriu aqu\u00ed el teu missatge...\" name=\"mensaje\"><\/textarea><\/span>\n\t<\/p>\n<\/div>\n<div class=\"form-acceptance\">\n\t<p><span class=\"wpcf7-form-control-wrap\" data-name=\"politica\"><span class=\"wpcf7-form-control wpcf7-acceptance\"><span class=\"wpcf7-list-item\"><label><input type=\"checkbox\" name=\"politica\" value=\"1\" aria-invalid=\"false\" \/><span class=\"wpcf7-list-item-label\"><span class=\"txt-acepto\">He llegit i accepto la <\/span>\n    <a class=\"pp\" href=\"\/ca\/politica-de-privacidad\/\">Pol\u00edtica de Privadesa<\/a><\/span><\/label><\/span><\/span><\/span>\n\t<\/p>\n<\/div>\n<p><input class=\"wpcf7-form-control wpcf7-submit has-spinner\" type=\"submit\" value=\"Enviar missatge\" \/>\n<\/p><div class=\"wpcf7-response-output\" aria-hidden=\"true\"><\/div>\n<input type=\"hidden\" name=\"trp-form-language\" value=\"ca\"\/><\/form>\n<\/div>\n<\/div><\/div>\t\t\t\t<\/div>\n\t\t\t\t<\/div>\n\t\t\t\t<div class=\"elementor-element elementor-element-9e938a0 elementor-widget elementor-widget-text-editor\" data-id=\"9e938a0\" data-element_type=\"widget\" data-widget_type=\"text-editor.default\">\n\t\t\t\t<div class=\"elementor-widget-container\">\n\t\t\t\t\t\t\t\t\t<p>*No es faran reserves en dies de partit del Barcelona.<\/p>\t\t\t\t\t\t\t\t<\/div>\n\t\t\t\t<\/div>\n\t\t\t\t<\/div>\n\t\t\t\t\t<\/div>\n\t\t\t\t<\/div>\n\t\t\t\t<\/div>","protected":false},"excerpt":{"rendered":"<p>City de Sants: el bar de tapas en Barcelona con aut\u00e9ntico sabor de barrio Barcelona es conocida por su diversidad gastron\u00f3mica, y los bares de tapas son parte de su esencia. Si buscas un bar de tapas en Barcelona que combine tradici\u00f3n, cocina casera y un ambiente acogedor, City de Sants es una parada obligatoria. [&hellip;]<\/p>","protected":false},"author":1,"featured_media":0,"parent":0,"menu_order":0,"comment_status":"closed","ping_status":"closed","template":"","meta":{"_acf_changed":false,"footnotes":""},"class_list":["post-1734","page","type-page","status-publish","hentry"],"acf":[],"yoast_head":"<!-- This site is optimized with the Yoast SEO plugin v26.4 - https:\/\/yoast.com\/wordpress\/plugins\/seo\/ -->\n<title>Bar de tapas en Barcelona - CITY DE SANTS<\/title>\n<meta name=\"robots\" content=\"index, follow, max-snippet:-1, max-image-preview:large, max-video-preview:-1\" \/>\n<link rel=\"canonical\" href=\"https:\/\/citydesants.com\/ca\/bar-de-tapas-en-barcelona\/\" \/>\n<meta property=\"og:locale\" content=\"ca_ES\" \/>\n<meta property=\"og:type\" content=\"article\" \/>\n<meta property=\"og:title\" content=\"Bar de tapas en Barcelona - CITY DE SANTS\" \/>\n<meta property=\"og:description\" content=\"City de Sants: el bar de tapas en Barcelona con aut\u00e9ntico sabor de barrio Barcelona es conocida por su diversidad gastron\u00f3mica, y los bares de tapas son parte de su esencia. Si buscas un bar de tapas en Barcelona que combine tradici\u00f3n, cocina casera y un ambiente acogedor, City de Sants es una parada obligatoria. [&hellip;]\" \/>\n<meta property=\"og:url\" content=\"https:\/\/citydesants.com\/ca\/bar-de-tapas-en-barcelona\/\" \/>\n<meta property=\"og:site_name\" content=\"CITY DE SANTS\" \/>\n<meta property=\"article:modified_time\" content=\"2025-09-17T16:51:37+00:00\" \/>\n<meta property=\"og:image\" content=\"https:\/\/citydesants.com\/wp-content\/uploads\/2025\/05\/resta-img23.png\" \/>\n\t<meta property=\"og:image:width\" content=\"2040\" \/>\n\t<meta property=\"og:image:height\" content=\"78\" \/>\n\t<meta property=\"og:image:type\" content=\"image\/png\" \/>\n<meta name=\"twitter:card\" content=\"summary_large_image\" \/>\n<meta name=\"twitter:label1\" content=\"Temps estimat de lectura\" \/>\n\t<meta name=\"twitter:data1\" content=\"3 minuts\" \/>\n<script type=\"application\/ld+json\" class=\"yoast-schema-graph\">{\"@context\":\"https:\/\/schema.org\",\"@graph\":[{\"@type\":\"WebPage\",\"@id\":\"https:\/\/citydesants.com\/bar-de-tapas-en-barcelona\/\",\"url\":\"https:\/\/citydesants.com\/bar-de-tapas-en-barcelona\/\",\"name\":\"Bar de tapas en Barcelona - CITY DE SANTS\",\"isPartOf\":{\"@id\":\"https:\/\/citydesants.com\/#website\"},\"primaryImageOfPage\":{\"@id\":\"https:\/\/citydesants.com\/bar-de-tapas-en-barcelona\/#primaryimage\"},\"image\":{\"@id\":\"https:\/\/citydesants.com\/bar-de-tapas-en-barcelona\/#primaryimage\"},\"thumbnailUrl\":\"https:\/\/citydesants.com\/wp-content\/uploads\/2025\/05\/resta-img23.png\",\"datePublished\":\"2025-07-19T22:00:21+00:00\",\"dateModified\":\"2025-09-17T16:51:37+00:00\",\"breadcrumb\":{\"@id\":\"https:\/\/citydesants.com\/bar-de-tapas-en-barcelona\/#breadcrumb\"},\"inLanguage\":\"ca\",\"potentialAction\":[{\"@type\":\"ReadAction\",\"target\":[\"https:\/\/citydesants.com\/bar-de-tapas-en-barcelona\/\"]}]},{\"@type\":\"ImageObject\",\"inLanguage\":\"ca\",\"@id\":\"https:\/\/citydesants.com\/bar-de-tapas-en-barcelona\/#primaryimage\",\"url\":\"https:\/\/citydesants.com\/wp-content\/uploads\/2025\/05\/resta-img23.png\",\"contentUrl\":\"https:\/\/citydesants.com\/wp-content\/uploads\/2025\/05\/resta-img23.png\"},{\"@type\":\"BreadcrumbList\",\"@id\":\"https:\/\/citydesants.com\/bar-de-tapas-en-barcelona\/#breadcrumb\",\"itemListElement\":[{\"@type\":\"ListItem\",\"position\":1,\"name\":\"Portada\",\"item\":\"https:\/\/citydesants.com\/\"},{\"@type\":\"ListItem\",\"position\":2,\"name\":\"Bar de tapas en Barcelona\"}]},{\"@type\":\"WebSite\",\"@id\":\"https:\/\/citydesants.com\/#website\",\"url\":\"https:\/\/citydesants.com\/\",\"name\":\"CITY DE SANTS\",\"description\":\"Bar restaurante deportivo en el barrio de Sants\",\"publisher\":{\"@id\":\"https:\/\/citydesants.com\/#organization\"},\"potentialAction\":[{\"@type\":\"SearchAction\",\"target\":{\"@type\":\"EntryPoint\",\"urlTemplate\":\"https:\/\/citydesants.com\/?s={search_term_string}\"},\"query-input\":{\"@type\":\"PropertyValueSpecification\",\"valueRequired\":true,\"valueName\":\"search_term_string\"}}],\"inLanguage\":\"ca\"},{\"@type\":\"Organization\",\"@id\":\"https:\/\/citydesants.com\/#organization\",\"name\":\"CITY DE SANTS\",\"url\":\"https:\/\/citydesants.com\/\",\"logo\":{\"@type\":\"ImageObject\",\"inLanguage\":\"ca\",\"@id\":\"https:\/\/citydesants.com\/#\/schema\/logo\/image\/\",\"url\":\"https:\/\/citydesants.com\/wp-content\/uploads\/2025\/05\/Logo-horizontal-5.webp\",\"contentUrl\":\"https:\/\/citydesants.com\/wp-content\/uploads\/2025\/05\/Logo-horizontal-5.webp\",\"width\":326,\"height\":125,\"caption\":\"CITY DE SANTS\"},\"image\":{\"@id\":\"https:\/\/citydesants.com\/#\/schema\/logo\/image\/\"}}]}<\/script>\n<!-- \/ Yoast SEO plugin. -->","yoast_head_json":{"title":"Bar de tapas en Barcelona - CITY DE SANTS","robots":{"index":"index","follow":"follow","max-snippet":"max-snippet:-1","max-image-preview":"max-image-preview:large","max-video-preview":"max-video-preview:-1"},"canonical":"https:\/\/citydesants.com\/ca\/bar-de-tapas-en-barcelona\/","og_locale":"ca_ES","og_type":"article","og_title":"Bar de tapas en Barcelona - CITY DE SANTS","og_description":"City de Sants: el bar de tapas en Barcelona con aut\u00e9ntico sabor de barrio Barcelona es conocida por su diversidad gastron\u00f3mica, y los bares de tapas son parte de su esencia. Si buscas un bar de tapas en Barcelona que combine tradici\u00f3n, cocina casera y un ambiente acogedor, City de Sants es una parada obligatoria. [&hellip;]","og_url":"https:\/\/citydesants.com\/ca\/bar-de-tapas-en-barcelona\/","og_site_name":"CITY DE SANTS","article_modified_time":"2025-09-17T16:51:37+00:00","og_image":[{"width":2040,"height":78,"url":"https:\/\/citydesants.com\/wp-content\/uploads\/2025\/05\/resta-img23.png","type":"image\/png"}],"twitter_card":"summary_large_image","twitter_misc":{"Temps estimat de lectura":"3 minuts"},"schema":{"@context":"https:\/\/schema.org","@graph":[{"@type":"WebPage","@id":"https:\/\/citydesants.com\/bar-de-tapas-en-barcelona\/","url":"https:\/\/citydesants.com\/bar-de-tapas-en-barcelona\/","name":"Bar de tapas en Barcelona - CITY DE SANTS","isPartOf":{"@id":"https:\/\/citydesants.com\/#website"},"primaryImageOfPage":{"@id":"https:\/\/citydesants.com\/bar-de-tapas-en-barcelona\/#primaryimage"},"image":{"@id":"https:\/\/citydesants.com\/bar-de-tapas-en-barcelona\/#primaryimage"},"thumbnailUrl":"https:\/\/citydesants.com\/wp-content\/uploads\/2025\/05\/resta-img23.png","datePublished":"2025-07-19T22:00:21+00:00","dateModified":"2025-09-17T16:51:37+00:00","breadcrumb":{"@id":"https:\/\/citydesants.com\/bar-de-tapas-en-barcelona\/#breadcrumb"},"inLanguage":"ca","potentialAction":[{"@type":"ReadAction","target":["https:\/\/citydesants.com\/bar-de-tapas-en-barcelona\/"]}]},{"@type":"ImageObject","inLanguage":"ca","@id":"https:\/\/citydesants.com\/bar-de-tapas-en-barcelona\/#primaryimage","url":"https:\/\/citydesants.com\/wp-content\/uploads\/2025\/05\/resta-img23.png","contentUrl":"https:\/\/citydesants.com\/wp-content\/uploads\/2025\/05\/resta-img23.png"},{"@type":"BreadcrumbList","@id":"https:\/\/citydesants.com\/bar-de-tapas-en-barcelona\/#breadcrumb","itemListElement":[{"@type":"ListItem","position":1,"name":"Portada","item":"https:\/\/citydesants.com\/"},{"@type":"ListItem","position":2,"name":"Bar de tapas en Barcelona"}]},{"@type":"WebSite","@id":"https:\/\/citydesants.com\/#website","url":"https:\/\/citydesants.com\/","name":"CITY DE SANTS","description":"Bar restaurant esportiu al barri de Sants","publisher":{"@id":"https:\/\/citydesants.com\/#organization"},"potentialAction":[{"@type":"SearchAction","target":{"@type":"EntryPoint","urlTemplate":"https:\/\/citydesants.com\/?s={search_term_string}"},"query-input":{"@type":"PropertyValueSpecification","valueRequired":true,"valueName":"search_term_string"}}],"inLanguage":"ca"},{"@type":"Organization","@id":"https:\/\/citydesants.com\/#organization","name":"CITY DE SANTS","url":"https:\/\/citydesants.com\/","logo":{"@type":"ImageObject","inLanguage":"ca","@id":"https:\/\/citydesants.com\/#\/schema\/logo\/image\/","url":"https:\/\/citydesants.com\/wp-content\/uploads\/2025\/05\/Logo-horizontal-5.webp","contentUrl":"https:\/\/citydesants.com\/wp-content\/uploads\/2025\/05\/Logo-horizontal-5.webp","width":326,"height":125,"caption":"CITY DE SANTS"},"image":{"@id":"https:\/\/citydesants.com\/#\/schema\/logo\/image\/"}}]}},"_links":{"self":[{"href":"https:\/\/citydesants.com\/ca\/wp-json\/wp\/v2\/pages\/1734","targetHints":{"allow":["GET"]}}],"collection":[{"href":"https:\/\/citydesants.com\/ca\/wp-json\/wp\/v2\/pages"}],"about":[{"href":"https:\/\/citydesants.com\/ca\/wp-json\/wp\/v2\/types\/page"}],"author":[{"embeddable":true,"href":"https:\/\/citydesants.com\/ca\/wp-json\/wp\/v2\/users\/1"}],"replies":[{"embeddable":true,"href":"https:\/\/citydesants.com\/ca\/wp-json\/wp\/v2\/comments?post=1734"}],"version-history":[{"count":16,"href":"https:\/\/citydesants.com\/ca\/wp-json\/wp\/v2\/pages\/1734\/revisions"}],"predecessor-version":[{"id":1885,"href":"https:\/\/citydesants.com\/ca\/wp-json\/wp\/v2\/pages\/1734\/revisions\/1885"}],"wp:attachment":[{"href":"https:\/\/citydesants.com\/ca\/wp-json\/wp\/v2\/media?parent=1734"}],"curies":[{"name":"wp","href":"https:\/\/api.w.org\/{rel}","templated":true}]}}