{"id":1721,"date":"2025-07-19T23:57:56","date_gmt":"2025-07-19T21:57:56","guid":{"rendered":"https:\/\/citydesants.com\/?page_id=1721"},"modified":"2025-09-17T18:52:15","modified_gmt":"2025-09-17T16:52:15","slug":"bares-para-ver-futbol-en-barcelona","status":"publish","type":"page","link":"https:\/\/citydesants.com\/ca\/bares-para-ver-futbol-en-barcelona\/","title":{"rendered":"Bars per veure futbol a Barcelona"},"content":{"rendered":"<div data-elementor-type=\"wp-page\" data-elementor-id=\"1721\" class=\"elementor elementor-1721\" data-elementor-post-type=\"page\">\n\t\t\t\t<div class=\"elementor-element elementor-element-753f846 e-flex e-con-boxed e-con e-parent\" data-id=\"753f846\" data-element_type=\"container\" data-settings=\"{&quot;background_background&quot;:&quot;classic&quot;}\">\n\t\t\t\t\t<div class=\"e-con-inner\">\n\t\t\t\t<div class=\"elementor-element elementor-element-7877e85 elementor-widget elementor-widget-heading\" data-id=\"7877e85\" data-element_type=\"widget\" data-widget_type=\"heading.default\">\n\t\t\t\t<div class=\"elementor-widget-container\">\n\t\t\t\t\t<h1 class=\"elementor-heading-title elementor-size-default\">Bars per veure futbol a Barcelona<\/h1>\t\t\t\t<\/div>\n\t\t\t\t<\/div>\n\t\t\t\t\t<\/div>\n\t\t\t\t<\/div>\n\t\t<div class=\"elementor-element elementor-element-ed5ab61 e-con-full e-flex e-con e-parent\" data-id=\"ed5ab61\" data-element_type=\"container\">\n\t\t\t\t<div class=\"elementor-element elementor-element-9a8e71d elementor-widget elementor-widget-image\" data-id=\"9a8e71d\" data-element_type=\"widget\" data-widget_type=\"image.default\">\n\t\t\t\t<div class=\"elementor-widget-container\">\n\t\t\t\t\t\t\t\t\t\t\t\t\t\t\t<img fetchpriority=\"high\" decoding=\"async\" width=\"2040\" height=\"78\" src=\"https:\/\/citydesants.com\/wp-content\/uploads\/2025\/05\/resta-img23.png\" class=\"attachment-full size-full wp-image-77\" alt=\"\" srcset=\"https:\/\/citydesants.com\/wp-content\/uploads\/2025\/05\/resta-img23.png 2040w, https:\/\/citydesants.com\/wp-content\/uploads\/2025\/05\/resta-img23-300x11.png 300w, https:\/\/citydesants.com\/wp-content\/uploads\/2025\/05\/resta-img23-1024x39.png 1024w, https:\/\/citydesants.com\/wp-content\/uploads\/2025\/05\/resta-img23-768x29.png 768w, https:\/\/citydesants.com\/wp-content\/uploads\/2025\/05\/resta-img23-1536x59.png 1536w, https:\/\/citydesants.com\/wp-content\/uploads\/2025\/05\/resta-img23-600x23.png 600w\" sizes=\"(max-width: 2040px) 100vw, 2040px\" \/>\t\t\t\t\t\t\t\t\t\t\t\t\t\t\t<\/div>\n\t\t\t\t<\/div>\n\t\t\t\t<\/div>\n\t\t<div class=\"elementor-element elementor-element-0a04340 e-flex e-con-boxed e-con e-parent\" data-id=\"0a04340\" data-element_type=\"container\">\n\t\t\t\t\t<div class=\"e-con-inner\">\n\t\t<div class=\"elementor-element elementor-element-7f991b7 e-con-full e-flex e-con e-child\" data-id=\"7f991b7\" data-element_type=\"container\">\n\t\t\t\t<div class=\"elementor-element elementor-element-0dfbbfe elementor-widget elementor-widget-text-editor\" data-id=\"0dfbbfe\" data-element_type=\"widget\" data-widget_type=\"text-editor.default\">\n\t\t\t\t<div class=\"elementor-widget-container\">\n\t\t\t\t\t\t\t\t\t<h2 data-start=\"260\" data-end=\"336\"><strong data-start=\"264\" data-end=\"336\">City de Sants: un dels millors bars per veure futbol a Barcelona<\/strong><\/h2><p data-start=\"338\" data-end=\"782\">Per als veritables amants de l&#039;esport, no hi ha res com gaudir d&#039;un bon partit envoltat d&#039;amics, amb una canya ben freda i un ambient vibrant. Si est\u00e0s buscant <strong data-start=\"509\" data-end=\"547\">bars per veure futbol a Barcelona<\/strong>, City de Sants es presenta com una de les millors opcions al barri. Amb m\u00e9s de 25 anys d\u00b4hist\u00f2ria, aquest bar combina una experi\u00e8ncia gastron\u00f2mica de qualitat amb una atmosfera perfecta per viure l\u00b4emoci\u00f3 del futbol en directe.<\/p>\t\t\t\t\t\t\t\t<\/div>\n\t\t\t\t<\/div>\n\t\t\t\t<\/div>\n\t\t<div class=\"elementor-element elementor-element-238d08a e-con-full e-flex e-con e-child\" data-id=\"238d08a\" data-element_type=\"container\">\n\t\t\t\t<div class=\"elementor-element elementor-element-f6a3b3c elementor-widget elementor-widget-image\" data-id=\"f6a3b3c\" data-element_type=\"widget\" data-widget_type=\"image.default\">\n\t\t\t\t<div class=\"elementor-widget-container\">\n\t\t\t\t\t\t\t\t\t\t\t\t\t\t\t<img decoding=\"async\" width=\"800\" height=\"534\" src=\"https:\/\/citydesants.com\/wp-content\/uploads\/2025\/05\/CityDeSants28-1024x683.jpg\" class=\"attachment-large size-large wp-image-523\" alt=\"\" srcset=\"https:\/\/citydesants.com\/wp-content\/uploads\/2025\/05\/CityDeSants28-1024x683.jpg 1024w, https:\/\/citydesants.com\/wp-content\/uploads\/2025\/05\/CityDeSants28-300x200.jpg 300w, https:\/\/citydesants.com\/wp-content\/uploads\/2025\/05\/CityDeSants28-768x512.jpg 768w, https:\/\/citydesants.com\/wp-content\/uploads\/2025\/05\/CityDeSants28-1536x1024.jpg 1536w, https:\/\/citydesants.com\/wp-content\/uploads\/2025\/05\/CityDeSants28.jpg 1920w\" sizes=\"(max-width: 800px) 100vw, 800px\" \/>\t\t\t\t\t\t\t\t\t\t\t\t\t\t\t<\/div>\n\t\t\t\t<\/div>\n\t\t\t\t<\/div>\n\t\t\t\t\t<\/div>\n\t\t\t\t<\/div>\n\t\t<div class=\"elementor-element elementor-element-51b6701 e-flex e-con-boxed e-con e-parent\" data-id=\"51b6701\" data-element_type=\"container\">\n\t\t\t\t\t<div class=\"e-con-inner\">\n\t\t<div class=\"elementor-element elementor-element-1b2db0d e-con-full e-flex e-con e-child\" data-id=\"1b2db0d\" data-element_type=\"container\">\n\t\t\t\t<div class=\"elementor-element elementor-element-319f8f8 elementor-widget elementor-widget-image\" data-id=\"319f8f8\" data-element_type=\"widget\" data-widget_type=\"image.default\">\n\t\t\t\t<div class=\"elementor-widget-container\">\n\t\t\t\t\t\t\t\t\t\t\t\t\t\t\t<img decoding=\"async\" width=\"800\" height=\"534\" src=\"https:\/\/citydesants.com\/wp-content\/uploads\/2025\/06\/CityDeSants12-1024x683.jpg\" class=\"attachment-large size-large wp-image-1573\" alt=\"\" srcset=\"https:\/\/citydesants.com\/wp-content\/uploads\/2025\/06\/CityDeSants12-1024x683.jpg 1024w, https:\/\/citydesants.com\/wp-content\/uploads\/2025\/06\/CityDeSants12-300x200.jpg 300w, https:\/\/citydesants.com\/wp-content\/uploads\/2025\/06\/CityDeSants12-768x512.jpg 768w, https:\/\/citydesants.com\/wp-content\/uploads\/2025\/06\/CityDeSants12-1536x1024.jpg 1536w, https:\/\/citydesants.com\/wp-content\/uploads\/2025\/06\/CityDeSants12-18x12.jpg 18w, https:\/\/citydesants.com\/wp-content\/uploads\/2025\/06\/CityDeSants12.jpg 1920w\" sizes=\"(max-width: 800px) 100vw, 800px\" \/>\t\t\t\t\t\t\t\t\t\t\t\t\t\t\t<\/div>\n\t\t\t\t<\/div>\n\t\t\t\t<\/div>\n\t\t<div class=\"elementor-element elementor-element-9eab8fa e-con-full e-flex e-con e-child\" data-id=\"9eab8fa\" data-element_type=\"container\">\n\t\t\t\t<div class=\"elementor-element elementor-element-891915c elementor-widget elementor-widget-text-editor\" data-id=\"891915c\" data-element_type=\"widget\" data-widget_type=\"text-editor.default\">\n\t\t\t\t<div class=\"elementor-widget-container\">\n\t\t\t\t\t\t\t\t\t<h2 data-start=\"789\" data-end=\"873\"><strong data-start=\"793\" data-end=\"873\">Bars per veure futbol a Barcelona amb pantalles de qualitat i ambient \u00fanic<\/strong><\/h2><p data-start=\"875\" data-end=\"1261\">El que diferencia City de Sants d&#039;altres <strong data-start=\"918\" data-end=\"956\">bars per veure futbol a Barcelona<\/strong> \u00e9s el vostre comprom\u00eds amb el client. Aqu\u00ed no nom\u00e9s veur\u00e0s els partits en pantalles d\u00b4alta definici\u00f3, sin\u00f3 que ho far\u00e0s envoltat d\u00b4un ambient aut\u00e8ntic i proper. Cada matx, ja sigui de La Lliga, Champions League, Premier o qualsevol altra competici\u00f3, es viu com una festa compartida entre aficionats.<\/p><p data-start=\"1263\" data-end=\"1642\">A m\u00e9s, no nom\u00e9s \u00e9s un lloc per veure partits, \u00e9s un espai on la gastronomia acompanya l&#039;experi\u00e8ncia. Tapes casolanes, hamburgueses gurmet i una carta variada converteixen cada visita en un pla complet. Mentre celebreu els gols, podeu gaudir d&#039;unes patates braves, unes croquetes casolanes o una taula d&#039;embotits, tot preparat amb el sabor de la cuina tradicional.<\/p>\t\t\t\t\t\t\t\t<\/div>\n\t\t\t\t<\/div>\n\t\t\t\t<\/div>\n\t\t\t\t\t<\/div>\n\t\t\t\t<\/div>\n\t\t<div class=\"elementor-element elementor-element-c815b09 e-flex e-con-boxed e-con e-parent\" data-id=\"c815b09\" data-element_type=\"container\">\n\t\t\t\t\t<div class=\"e-con-inner\">\n\t\t\t\t<div class=\"elementor-element elementor-element-e00b1c9 elementor-widget elementor-widget-text-editor\" data-id=\"e00b1c9\" data-element_type=\"widget\" data-widget_type=\"text-editor.default\">\n\t\t\t\t<div class=\"elementor-widget-container\">\n\t\t\t\t\t\t\t\t\t<h2 data-start=\"1649\" data-end=\"1730\"><strong data-start=\"1653\" data-end=\"1730\">Bars per veure futbol a Barcelona amb menjar casol\u00e0 i beguda ben llen\u00e7ada<\/strong><\/h2><p data-start=\"1732\" data-end=\"2079\">Un bon partit es gaudeix millor si va acompanyat de bon \u00e0pat i beguda. A City de Sants, no nom\u00e9s trobar\u00e0s canyes ben llen\u00e7ades i una selecci\u00f3 de cerveses, sin\u00f3 tamb\u00e9 una carta pensada per als que busquen un pla complet. Aquest <strong data-start=\"1969\" data-end=\"2005\">bar per veure futbol a Barcelona<\/strong> combina l\u00b4ambient esportiu amb una proposta gastron\u00f2mica aut\u00e8ntica.<\/p><p data-start=\"2081\" data-end=\"2338\">La clau del seu \u00e8xit \u00e9s oferir un lloc on el futbol es viu en pantalla gran, per\u00f2 sense renunciar a la qualitat de cada plat. Si busques un espai on puguis vibrar amb el teu equip mentre comparteixes un bon \u00e0pat, City de Sants \u00e9s el teu dest\u00ed.<\/p><hr data-start=\"2340\" data-end=\"2343\" \/><h2 data-start=\"2345\" data-end=\"2414\"><strong data-start=\"2349\" data-end=\"2414\">City de Sants: el bar que busques per veure futbol a Barcelona<\/strong><\/h2><p data-start=\"2416\" data-end=\"2824\">Si necessites una excusa per sortir amb amics o simplement vols gaudir d\u00b4un partit amb un ambient aut\u00e8ntic, City de Sants \u00e9s el teu lloc. Entre tots els <strong data-start=\"2578\" data-end=\"2616\">bars per veure futbol a Barcelona<\/strong>, aquest destaca pel seu equilibri entre gastronomia, ambient i passi\u00f3 esportiva. \u00c9s molt m\u00e9s que un bar: \u00e9s un punt de trobada on l?esport i el bon menjar s?uneixen per oferir-te la millor experi\u00e8ncia.<\/p>\t\t\t\t\t\t\t\t<\/div>\n\t\t\t\t<\/div>\n\t\t\t\t\t<\/div>\n\t\t\t\t<\/div>\n\t\t<div class=\"elementor-element elementor-element-2ece92f e-flex e-con-boxed e-con e-parent\" data-id=\"2ece92f\" data-element_type=\"container\">\n\t\t\t\t\t<div class=\"e-con-inner\">\n\t\t<div class=\"elementor-element elementor-element-8f773b0 e-con-full e-flex e-con e-child\" data-id=\"8f773b0\" data-element_type=\"container\" data-settings=\"{&quot;background_background&quot;:&quot;classic&quot;}\">\n\t\t\t\t<div class=\"elementor-element elementor-element-e5eb9e9 elementor-widget elementor-widget-heading\" data-id=\"e5eb9e9\" data-element_type=\"widget\" data-widget_type=\"heading.default\">\n\t\t\t\t<div class=\"elementor-widget-container\">\n\t\t\t\t\t<p class=\"elementor-heading-title elementor-size-default\">Escriu-nos i et respondrem el m\u00e9s aviat possible.<\/p>\t\t\t\t<\/div>\n\t\t\t\t<\/div>\n\t\t\t\t<div class=\"elementor-element elementor-element-942cc7f elementor-widget elementor-widget-heading\" data-id=\"942cc7f\" data-element_type=\"widget\" data-widget_type=\"heading.default\">\n\t\t\t\t<div class=\"elementor-widget-container\">\n\t\t\t\t\t<h2 class=\"elementor-heading-title elementor-size-default\">Vols reservar taula o fer-nos una consulta? \n<\/h2>\t\t\t\t<\/div>\n\t\t\t\t<\/div>\n\t\t\t\t<div class=\"elementor-element elementor-element-4af23c7 elementor-widget elementor-widget-image\" data-id=\"4af23c7\" data-element_type=\"widget\" data-widget_type=\"image.default\">\n\t\t\t\t<div class=\"elementor-widget-container\">\n\t\t\t\t\t\t\t\t\t\t\t\t\t\t\t<img loading=\"lazy\" decoding=\"async\" width=\"212\" height=\"24\" src=\"https:\/\/citydesants.com\/wp-content\/uploads\/2025\/05\/resta-img20.png\" class=\"attachment-medium size-medium wp-image-78\" alt=\"\" \/>\t\t\t\t\t\t\t\t\t\t\t\t\t\t\t<\/div>\n\t\t\t\t<\/div>\n\t\t\t\t<div class=\"elementor-element elementor-element-de34e40 elementor-widget elementor-widget-elementskit-contact-form7\" data-id=\"de34e40\" data-element_type=\"widget\" data-widget_type=\"elementskit-contact-form7.default\">\n\t\t\t\t<div class=\"elementor-widget-container\">\n\t\t\t\t\t<div class=\"ekit-wid-con\" ><div class=\"ekit-form\">\n<div class=\"wpcf7 no-js\" id=\"wpcf7-f48-p1721-o1\" lang=\"es-ES\" dir=\"ltr\" data-wpcf7-id=\"48\">\n<div class=\"screen-reader-response\"><p role=\"status\" aria-live=\"polite\" aria-atomic=\"true\"><\/p> <ul><\/ul><\/div>\n<form action=\"\/ca\/bares-para-ver-futbol-en-barcelona\/#wpcf7-f48-p1721-o1\" method=\"post\" class=\"wpcf7-form init\" aria-label=\"Formulari de contacte\" novalidate=\"novalidate\" data-status=\"init\" data-trp-original-action=\"\/bares-para-ver-futbol-en-barcelona\/#wpcf7-f48-p1721-o1\">\n<fieldset class=\"hidden-fields-container\"><input type=\"hidden\" name=\"_wpcf7\" value=\"48\" \/><input type=\"hidden\" name=\"_wpcf7_version\" value=\"6.1.3\" \/><input type=\"hidden\" name=\"_wpcf7_locale\" value=\"es_ES\" \/><input type=\"hidden\" name=\"_wpcf7_unit_tag\" value=\"wpcf7-f48-p1721-o1\" \/><input type=\"hidden\" name=\"_wpcf7_container_post\" value=\"1721\" \/><input type=\"hidden\" name=\"_wpcf7_posted_data_hash\" value=\"\" \/><input type=\"hidden\" name=\"_wpcf7_recaptcha_response\" value=\"\" \/>\n<\/fieldset>\n<div class=\"form-row\">\n\t<div class=\"form-column\">\n\t\t<p><label for=\"nombre\">Nom *<\/label><br \/>\n<span class=\"wpcf7-form-control-wrap\" data-name=\"nombre\"><input size=\"40\" maxlength=\"400\" class=\"wpcf7-form-control wpcf7-text wpcf7-validates-as-required\" id=\"nombre\" aria-required=\"true\" aria-invalid=\"false\" placeholder=\"Ex: Juan Garc\u00eda\" value=\"\" type=\"text\" name=\"nombre\" \/><\/span>\n\t\t<\/p>\n\t<\/div>\n\t<div class=\"form-column\">\n\t\t<p><label for=\"telefono\">Tel\u00e8fon *<\/label><br \/>\n<span class=\"wpcf7-form-control-wrap\" data-name=\"telefono\"><input size=\"40\" maxlength=\"400\" class=\"wpcf7-form-control wpcf7-tel wpcf7-validates-as-required wpcf7-text wpcf7-validates-as-tel\" id=\"telefono\" aria-required=\"true\" aria-invalid=\"false\" placeholder=\"Ex: 666 777 888\" value=\"\" type=\"tel\" name=\"telefono\" \/><\/span>\n\t\t<\/p>\n\t<\/div>\n<\/div>\n<div class=\"form-row\">\n\t<div class=\"form-column\">\n\t\t<p><label for=\"email\">Correu electr\u00f2nic *<\/label><br \/>\n<span class=\"wpcf7-form-control-wrap\" data-name=\"email\"><input size=\"40\" maxlength=\"400\" class=\"wpcf7-form-control wpcf7-email wpcf7-validates-as-required wpcf7-text wpcf7-validates-as-email\" id=\"email\" aria-required=\"true\" aria-invalid=\"false\" placeholder=\"Ex: info@dominio.com\" value=\"\" type=\"email\" name=\"email\" \/><\/span>\n\t\t<\/p>\n\t<\/div>\n\t<div class=\"form-column\">\n\t\t<p><label for=\"asunto\">Assumpte *<\/label><br \/>\n<span class=\"wpcf7-form-control-wrap\" data-name=\"asunto\"><input size=\"40\" maxlength=\"400\" class=\"wpcf7-form-control wpcf7-text wpcf7-validates-as-required\" id=\"asunto\" aria-required=\"true\" aria-invalid=\"false\" placeholder=\"Motiu de la consulta\" value=\"\" type=\"text\" name=\"asunto\" \/><\/span>\n\t\t<\/p>\n\t<\/div>\n<\/div>\n<div class=\"form-row-full\">\n\t<p><label for=\"mensaje\">Missatge *<\/label><br \/>\n<span class=\"wpcf7-form-control-wrap\" data-name=\"mensaje\"><textarea cols=\"40\" rows=\"10\" maxlength=\"2000\" class=\"wpcf7-form-control wpcf7-textarea wpcf7-validates-as-required\" id=\"mensaje\" aria-required=\"true\" aria-invalid=\"false\" placeholder=\"Escriu aqu\u00ed el teu missatge...\" name=\"mensaje\"><\/textarea><\/span>\n\t<\/p>\n<\/div>\n<div class=\"form-acceptance\">\n\t<p><span class=\"wpcf7-form-control-wrap\" data-name=\"politica\"><span class=\"wpcf7-form-control wpcf7-acceptance\"><span class=\"wpcf7-list-item\"><label><input type=\"checkbox\" name=\"politica\" value=\"1\" aria-invalid=\"false\" \/><span class=\"wpcf7-list-item-label\"><span class=\"txt-acepto\">He llegit i accepto la <\/span>\n    <a class=\"pp\" href=\"\/ca\/politica-de-privacidad\/\">Pol\u00edtica de Privadesa<\/a><\/span><\/label><\/span><\/span><\/span>\n\t<\/p>\n<\/div>\n<p><input class=\"wpcf7-form-control wpcf7-submit has-spinner\" type=\"submit\" value=\"Enviar missatge\" \/>\n<\/p><div class=\"wpcf7-response-output\" aria-hidden=\"true\"><\/div>\n<input type=\"hidden\" name=\"trp-form-language\" value=\"ca\"\/><\/form>\n<\/div>\n<\/div><\/div>\t\t\t\t<\/div>\n\t\t\t\t<\/div>\n\t\t\t\t<div class=\"elementor-element elementor-element-3cde6b5 elementor-widget elementor-widget-text-editor\" data-id=\"3cde6b5\" data-element_type=\"widget\" data-widget_type=\"text-editor.default\">\n\t\t\t\t<div class=\"elementor-widget-container\">\n\t\t\t\t\t\t\t\t\t<p>*No es faran reserves en dies de partit del Barcelona.<\/p>\t\t\t\t\t\t\t\t<\/div>\n\t\t\t\t<\/div>\n\t\t\t\t<\/div>\n\t\t\t\t\t<\/div>\n\t\t\t\t<\/div>\n\t\t\t\t<\/div>","protected":false},"excerpt":{"rendered":"<p>City de Sants: uno de los mejores bares para ver f\u00fatbol en Barcelona Para los verdaderos amantes del deporte, no hay nada como disfrutar de un buen partido rodeado de amigos, con una ca\u00f1a bien fr\u00eda y un ambiente vibrante. Si est\u00e1s buscando bares para ver f\u00fatbol en Barcelona, City de Sants se presenta como [&hellip;]<\/p>","protected":false},"author":1,"featured_media":0,"parent":0,"menu_order":0,"comment_status":"closed","ping_status":"closed","template":"","meta":{"_acf_changed":false,"footnotes":""},"class_list":["post-1721","page","type-page","status-publish","hentry"],"acf":[],"yoast_head":"<!-- This site is optimized with the Yoast SEO plugin v26.4 - https:\/\/yoast.com\/wordpress\/plugins\/seo\/ -->\n<title>Bares para ver f\u00fatbol en Barcelona - CITY DE SANTS<\/title>\n<meta name=\"robots\" content=\"index, follow, max-snippet:-1, max-image-preview:large, max-video-preview:-1\" \/>\n<link rel=\"canonical\" href=\"https:\/\/citydesants.com\/ca\/bares-para-ver-futbol-en-barcelona\/\" \/>\n<meta property=\"og:locale\" content=\"ca_ES\" \/>\n<meta property=\"og:type\" content=\"article\" \/>\n<meta property=\"og:title\" content=\"Bares para ver f\u00fatbol en Barcelona - CITY DE SANTS\" \/>\n<meta property=\"og:description\" content=\"City de Sants: uno de los mejores bares para ver f\u00fatbol en Barcelona Para los verdaderos amantes del deporte, no hay nada como disfrutar de un buen partido rodeado de amigos, con una ca\u00f1a bien fr\u00eda y un ambiente vibrante. Si est\u00e1s buscando bares para ver f\u00fatbol en Barcelona, City de Sants se presenta como [&hellip;]\" \/>\n<meta property=\"og:url\" content=\"https:\/\/citydesants.com\/ca\/bares-para-ver-futbol-en-barcelona\/\" \/>\n<meta property=\"og:site_name\" content=\"CITY DE SANTS\" \/>\n<meta property=\"article:modified_time\" content=\"2025-09-17T16:52:15+00:00\" \/>\n<meta property=\"og:image\" content=\"https:\/\/citydesants.com\/wp-content\/uploads\/2025\/05\/resta-img23.png\" \/>\n\t<meta property=\"og:image:width\" content=\"2040\" \/>\n\t<meta property=\"og:image:height\" content=\"78\" \/>\n\t<meta property=\"og:image:type\" content=\"image\/png\" \/>\n<meta name=\"twitter:card\" content=\"summary_large_image\" \/>\n<meta name=\"twitter:label1\" content=\"Temps estimat de lectura\" \/>\n\t<meta name=\"twitter:data1\" content=\"3 minuts\" \/>\n<script type=\"application\/ld+json\" class=\"yoast-schema-graph\">{\"@context\":\"https:\/\/schema.org\",\"@graph\":[{\"@type\":\"WebPage\",\"@id\":\"https:\/\/citydesants.com\/bares-para-ver-futbol-en-barcelona\/\",\"url\":\"https:\/\/citydesants.com\/bares-para-ver-futbol-en-barcelona\/\",\"name\":\"Bares para ver f\u00fatbol en Barcelona - CITY DE SANTS\",\"isPartOf\":{\"@id\":\"https:\/\/citydesants.com\/#website\"},\"primaryImageOfPage\":{\"@id\":\"https:\/\/citydesants.com\/bares-para-ver-futbol-en-barcelona\/#primaryimage\"},\"image\":{\"@id\":\"https:\/\/citydesants.com\/bares-para-ver-futbol-en-barcelona\/#primaryimage\"},\"thumbnailUrl\":\"https:\/\/citydesants.com\/wp-content\/uploads\/2025\/05\/resta-img23.png\",\"datePublished\":\"2025-07-19T21:57:56+00:00\",\"dateModified\":\"2025-09-17T16:52:15+00:00\",\"breadcrumb\":{\"@id\":\"https:\/\/citydesants.com\/bares-para-ver-futbol-en-barcelona\/#breadcrumb\"},\"inLanguage\":\"ca\",\"potentialAction\":[{\"@type\":\"ReadAction\",\"target\":[\"https:\/\/citydesants.com\/bares-para-ver-futbol-en-barcelona\/\"]}]},{\"@type\":\"ImageObject\",\"inLanguage\":\"ca\",\"@id\":\"https:\/\/citydesants.com\/bares-para-ver-futbol-en-barcelona\/#primaryimage\",\"url\":\"https:\/\/citydesants.com\/wp-content\/uploads\/2025\/05\/resta-img23.png\",\"contentUrl\":\"https:\/\/citydesants.com\/wp-content\/uploads\/2025\/05\/resta-img23.png\"},{\"@type\":\"BreadcrumbList\",\"@id\":\"https:\/\/citydesants.com\/bares-para-ver-futbol-en-barcelona\/#breadcrumb\",\"itemListElement\":[{\"@type\":\"ListItem\",\"position\":1,\"name\":\"Portada\",\"item\":\"https:\/\/citydesants.com\/\"},{\"@type\":\"ListItem\",\"position\":2,\"name\":\"Bares para ver f\u00fatbol en Barcelona\"}]},{\"@type\":\"WebSite\",\"@id\":\"https:\/\/citydesants.com\/#website\",\"url\":\"https:\/\/citydesants.com\/\",\"name\":\"CITY DE SANTS\",\"description\":\"Bar restaurante deportivo en el barrio de Sants\",\"publisher\":{\"@id\":\"https:\/\/citydesants.com\/#organization\"},\"potentialAction\":[{\"@type\":\"SearchAction\",\"target\":{\"@type\":\"EntryPoint\",\"urlTemplate\":\"https:\/\/citydesants.com\/?s={search_term_string}\"},\"query-input\":{\"@type\":\"PropertyValueSpecification\",\"valueRequired\":true,\"valueName\":\"search_term_string\"}}],\"inLanguage\":\"ca\"},{\"@type\":\"Organization\",\"@id\":\"https:\/\/citydesants.com\/#organization\",\"name\":\"CITY DE SANTS\",\"url\":\"https:\/\/citydesants.com\/\",\"logo\":{\"@type\":\"ImageObject\",\"inLanguage\":\"ca\",\"@id\":\"https:\/\/citydesants.com\/#\/schema\/logo\/image\/\",\"url\":\"https:\/\/citydesants.com\/wp-content\/uploads\/2025\/05\/Logo-horizontal-5.webp\",\"contentUrl\":\"https:\/\/citydesants.com\/wp-content\/uploads\/2025\/05\/Logo-horizontal-5.webp\",\"width\":326,\"height\":125,\"caption\":\"CITY DE SANTS\"},\"image\":{\"@id\":\"https:\/\/citydesants.com\/#\/schema\/logo\/image\/\"}}]}<\/script>\n<!-- \/ Yoast SEO plugin. -->","yoast_head_json":{"title":"Bares para ver f\u00fatbol en Barcelona - CITY DE SANTS","robots":{"index":"index","follow":"follow","max-snippet":"max-snippet:-1","max-image-preview":"max-image-preview:large","max-video-preview":"max-video-preview:-1"},"canonical":"https:\/\/citydesants.com\/ca\/bares-para-ver-futbol-en-barcelona\/","og_locale":"ca_ES","og_type":"article","og_title":"Bares para ver f\u00fatbol en Barcelona - CITY DE SANTS","og_description":"City de Sants: uno de los mejores bares para ver f\u00fatbol en Barcelona Para los verdaderos amantes del deporte, no hay nada como disfrutar de un buen partido rodeado de amigos, con una ca\u00f1a bien fr\u00eda y un ambiente vibrante. Si est\u00e1s buscando bares para ver f\u00fatbol en Barcelona, City de Sants se presenta como [&hellip;]","og_url":"https:\/\/citydesants.com\/ca\/bares-para-ver-futbol-en-barcelona\/","og_site_name":"CITY DE SANTS","article_modified_time":"2025-09-17T16:52:15+00:00","og_image":[{"width":2040,"height":78,"url":"https:\/\/citydesants.com\/wp-content\/uploads\/2025\/05\/resta-img23.png","type":"image\/png"}],"twitter_card":"summary_large_image","twitter_misc":{"Temps estimat de lectura":"3 minuts"},"schema":{"@context":"https:\/\/schema.org","@graph":[{"@type":"WebPage","@id":"https:\/\/citydesants.com\/bares-para-ver-futbol-en-barcelona\/","url":"https:\/\/citydesants.com\/bares-para-ver-futbol-en-barcelona\/","name":"Bares para ver f\u00fatbol en Barcelona - CITY DE SANTS","isPartOf":{"@id":"https:\/\/citydesants.com\/#website"},"primaryImageOfPage":{"@id":"https:\/\/citydesants.com\/bares-para-ver-futbol-en-barcelona\/#primaryimage"},"image":{"@id":"https:\/\/citydesants.com\/bares-para-ver-futbol-en-barcelona\/#primaryimage"},"thumbnailUrl":"https:\/\/citydesants.com\/wp-content\/uploads\/2025\/05\/resta-img23.png","datePublished":"2025-07-19T21:57:56+00:00","dateModified":"2025-09-17T16:52:15+00:00","breadcrumb":{"@id":"https:\/\/citydesants.com\/bares-para-ver-futbol-en-barcelona\/#breadcrumb"},"inLanguage":"ca","potentialAction":[{"@type":"ReadAction","target":["https:\/\/citydesants.com\/bares-para-ver-futbol-en-barcelona\/"]}]},{"@type":"ImageObject","inLanguage":"ca","@id":"https:\/\/citydesants.com\/bares-para-ver-futbol-en-barcelona\/#primaryimage","url":"https:\/\/citydesants.com\/wp-content\/uploads\/2025\/05\/resta-img23.png","contentUrl":"https:\/\/citydesants.com\/wp-content\/uploads\/2025\/05\/resta-img23.png"},{"@type":"BreadcrumbList","@id":"https:\/\/citydesants.com\/bares-para-ver-futbol-en-barcelona\/#breadcrumb","itemListElement":[{"@type":"ListItem","position":1,"name":"Portada","item":"https:\/\/citydesants.com\/"},{"@type":"ListItem","position":2,"name":"Bares para ver f\u00fatbol en Barcelona"}]},{"@type":"WebSite","@id":"https:\/\/citydesants.com\/#website","url":"https:\/\/citydesants.com\/","name":"CITY DE SANTS","description":"Bar restaurant esportiu al barri de Sants","publisher":{"@id":"https:\/\/citydesants.com\/#organization"},"potentialAction":[{"@type":"SearchAction","target":{"@type":"EntryPoint","urlTemplate":"https:\/\/citydesants.com\/?s={search_term_string}"},"query-input":{"@type":"PropertyValueSpecification","valueRequired":true,"valueName":"search_term_string"}}],"inLanguage":"ca"},{"@type":"Organization","@id":"https:\/\/citydesants.com\/#organization","name":"CITY DE SANTS","url":"https:\/\/citydesants.com\/","logo":{"@type":"ImageObject","inLanguage":"ca","@id":"https:\/\/citydesants.com\/#\/schema\/logo\/image\/","url":"https:\/\/citydesants.com\/wp-content\/uploads\/2025\/05\/Logo-horizontal-5.webp","contentUrl":"https:\/\/citydesants.com\/wp-content\/uploads\/2025\/05\/Logo-horizontal-5.webp","width":326,"height":125,"caption":"CITY DE SANTS"},"image":{"@id":"https:\/\/citydesants.com\/#\/schema\/logo\/image\/"}}]}},"_links":{"self":[{"href":"https:\/\/citydesants.com\/ca\/wp-json\/wp\/v2\/pages\/1721","targetHints":{"allow":["GET"]}}],"collection":[{"href":"https:\/\/citydesants.com\/ca\/wp-json\/wp\/v2\/pages"}],"about":[{"href":"https:\/\/citydesants.com\/ca\/wp-json\/wp\/v2\/types\/page"}],"author":[{"embeddable":true,"href":"https:\/\/citydesants.com\/ca\/wp-json\/wp\/v2\/users\/1"}],"replies":[{"embeddable":true,"href":"https:\/\/citydesants.com\/ca\/wp-json\/wp\/v2\/comments?post=1721"}],"version-history":[{"count":17,"href":"https:\/\/citydesants.com\/ca\/wp-json\/wp\/v2\/pages\/1721\/revisions"}],"predecessor-version":[{"id":1891,"href":"https:\/\/citydesants.com\/ca\/wp-json\/wp\/v2\/pages\/1721\/revisions\/1891"}],"wp:attachment":[{"href":"https:\/\/citydesants.com\/ca\/wp-json\/wp\/v2\/media?parent=1721"}],"curies":[{"name":"wp","href":"https:\/\/api.w.org\/{rel}","templated":true}]}}