{"id":1704,"date":"2025-06-23T18:46:22","date_gmt":"2025-06-23T16:46:22","guid":{"rendered":"https:\/\/citydesants.com\/?page_id=1704"},"modified":"2025-09-17T17:53:23","modified_gmt":"2025-09-17T15:53:23","slug":"cafe-de-especialidad","status":"publish","type":"page","link":"https:\/\/citydesants.com\/ca\/cafe-de-especialidad\/","title":{"rendered":"Caf\u00e8 d&#039;especialitat"},"content":{"rendered":"<div data-elementor-type=\"wp-page\" data-elementor-id=\"1704\" class=\"elementor elementor-1704\" data-elementor-post-type=\"page\">\n\t\t\t\t<div class=\"elementor-element elementor-element-71f0671 e-flex e-con-boxed e-con e-parent\" data-id=\"71f0671\" data-element_type=\"container\" data-settings=\"{&quot;background_background&quot;:&quot;classic&quot;}\">\n\t\t\t\t\t<div class=\"e-con-inner\">\n\t\t\t\t<div class=\"elementor-element elementor-element-7942d02 elementor-widget elementor-widget-heading\" data-id=\"7942d02\" data-element_type=\"widget\" data-widget_type=\"heading.default\">\n\t\t\t\t<div class=\"elementor-widget-container\">\n\t\t\t\t\t<h1 class=\"elementor-heading-title elementor-size-default\">Caf\u00e8 d&#039;especialitat<\/h1>\t\t\t\t<\/div>\n\t\t\t\t<\/div>\n\t\t\t\t\t<\/div>\n\t\t\t\t<\/div>\n\t\t<div class=\"elementor-element elementor-element-f6538a2 e-con-full e-flex e-con e-parent\" data-id=\"f6538a2\" data-element_type=\"container\">\n\t\t\t\t<div class=\"elementor-element elementor-element-d7f5ed7 elementor-widget elementor-widget-image\" data-id=\"d7f5ed7\" data-element_type=\"widget\" data-widget_type=\"image.default\">\n\t\t\t\t<div class=\"elementor-widget-container\">\n\t\t\t\t\t\t\t\t\t\t\t\t\t\t\t<img fetchpriority=\"high\" decoding=\"async\" width=\"2040\" height=\"78\" src=\"https:\/\/citydesants.com\/wp-content\/uploads\/2025\/05\/resta-img23.png\" class=\"attachment-full size-full wp-image-77\" alt=\"\" srcset=\"https:\/\/citydesants.com\/wp-content\/uploads\/2025\/05\/resta-img23.png 2040w, https:\/\/citydesants.com\/wp-content\/uploads\/2025\/05\/resta-img23-300x11.png 300w, https:\/\/citydesants.com\/wp-content\/uploads\/2025\/05\/resta-img23-1024x39.png 1024w, https:\/\/citydesants.com\/wp-content\/uploads\/2025\/05\/resta-img23-768x29.png 768w, https:\/\/citydesants.com\/wp-content\/uploads\/2025\/05\/resta-img23-1536x59.png 1536w, https:\/\/citydesants.com\/wp-content\/uploads\/2025\/05\/resta-img23-600x23.png 600w\" sizes=\"(max-width: 2040px) 100vw, 2040px\" \/>\t\t\t\t\t\t\t\t\t\t\t\t\t\t\t<\/div>\n\t\t\t\t<\/div>\n\t\t\t\t<\/div>\n\t\t<div class=\"elementor-element elementor-element-3da7c29 e-flex e-con-boxed e-con e-parent\" data-id=\"3da7c29\" data-element_type=\"container\">\n\t\t\t\t\t<div class=\"e-con-inner\">\n\t\t<div class=\"elementor-element elementor-element-3522139 e-con-full e-flex e-con e-child\" data-id=\"3522139\" data-element_type=\"container\">\n\t\t\t\t<div class=\"elementor-element elementor-element-81e171c elementor-widget elementor-widget-text-editor\" data-id=\"81e171c\" data-element_type=\"widget\" data-widget_type=\"text-editor.default\">\n\t\t\t\t<div class=\"elementor-widget-container\">\n\t\t\t\t\t\t\t\t\t<h3 data-start=\"244\" data-end=\"338\"><strong data-start=\"248\" data-end=\"338\">Caf\u00e8 d&#039;especialitat a Barcelona: descobreix perqu\u00e8 triar City de Sants \u00e9s un encert<\/strong><\/h3><p data-start=\"340\" data-end=\"967\">Trobar un bon <strong data-start=\"358\" data-end=\"382\">caf\u00e8 d&#039;especialitat<\/strong> a Barcelona pot semblar senzill, per\u00f2 els veritables amants del caf\u00e8 saben que no tots els llocs estan a l&#039;al\u00e7ada del que exigeix aquesta categoria. No es tracta nom\u00e9s de servir una tassa bonica, sin\u00f3 oferir una experi\u00e8ncia completa, des de l&#039;origen del gra fins a l&#039;\u00faltim glop. En aquest sentit, <strong data-start=\"690\" data-end=\"707\">City de Sants<\/strong> s&#039;ha consolidat com un referent indiscutible per als que valoren la qualitat, la cura i l&#039;autenticitat a cada detall. Si cerques un lloc on gaudir d&#039;un excel\u00b7lent caf\u00e8 d&#039;especialitat en un entorn proper i acollidor, aquest \u00e9s el teu lloc.<\/p>\t\t\t\t\t\t\t\t<\/div>\n\t\t\t\t<\/div>\n\t\t\t\t<\/div>\n\t\t<div class=\"elementor-element elementor-element-2c67e04 e-con-full e-flex e-con e-child\" data-id=\"2c67e04\" data-element_type=\"container\">\n\t\t\t\t<\/div>\n\t\t\t\t\t<\/div>\n\t\t\t\t<\/div>\n\t\t<div class=\"elementor-element elementor-element-e5b5e1f e-flex e-con-boxed e-con e-parent\" data-id=\"e5b5e1f\" data-element_type=\"container\">\n\t\t\t\t\t<div class=\"e-con-inner\">\n\t\t<div class=\"elementor-element elementor-element-adad2ac e-con-full e-flex e-con e-child\" data-id=\"adad2ac\" data-element_type=\"container\">\n\t\t\t\t<\/div>\n\t\t<div class=\"elementor-element elementor-element-38951ee e-con-full e-flex e-con e-child\" data-id=\"38951ee\" data-element_type=\"container\">\n\t\t\t\t<div class=\"elementor-element elementor-element-aa56df5 elementor-widget elementor-widget-text-editor\" data-id=\"aa56df5\" data-element_type=\"widget\" data-widget_type=\"text-editor.default\">\n\t\t\t\t<div class=\"elementor-widget-container\">\n\t\t\t\t\t\t\t\t\t<p>Lorem ipsum dolor sit amet, consectetur adipiscing elit. Ut elit tellus, luctus nec ullamcorper mattis, pulvinar dapibus llegeixo.<\/p>\t\t\t\t\t\t\t\t<\/div>\n\t\t\t\t<\/div>\n\t\t\t\t<\/div>\n\t\t\t\t\t<\/div>\n\t\t\t\t<\/div>\n\t\t\t\t<\/div>","protected":false},"excerpt":{"rendered":"<p>Caf\u00e9 de especialidad en Barcelona: descubre por qu\u00e9 elegir City de Sants es un acierto Encontrar un buen caf\u00e9 de especialidad en Barcelona puede parecer sencillo, pero los verdaderos amantes del caf\u00e9 saben que no todos los lugares est\u00e1n a la altura de lo que esta categor\u00eda exige. No se trata solo de servir una [&hellip;]<\/p>","protected":false},"author":1,"featured_media":0,"parent":0,"menu_order":0,"comment_status":"closed","ping_status":"closed","template":"","meta":{"_acf_changed":false,"footnotes":""},"class_list":["post-1704","page","type-page","status-publish","hentry"],"acf":[],"yoast_head":"<!-- This site is optimized with the Yoast SEO plugin v26.4 - https:\/\/yoast.com\/wordpress\/plugins\/seo\/ -->\n<title>Caf\u00e9 de especialidad - CITY DE SANTS<\/title>\n<meta name=\"robots\" content=\"index, follow, max-snippet:-1, max-image-preview:large, max-video-preview:-1\" \/>\n<link rel=\"canonical\" href=\"https:\/\/citydesants.com\/ca\/cafe-de-especialidad\/\" \/>\n<meta property=\"og:locale\" content=\"ca_ES\" \/>\n<meta property=\"og:type\" content=\"article\" \/>\n<meta property=\"og:title\" content=\"Caf\u00e9 de especialidad - CITY DE SANTS\" \/>\n<meta property=\"og:description\" content=\"Caf\u00e9 de especialidad en Barcelona: descubre por qu\u00e9 elegir City de Sants es un acierto Encontrar un buen caf\u00e9 de especialidad en Barcelona puede parecer sencillo, pero los verdaderos amantes del caf\u00e9 saben que no todos los lugares est\u00e1n a la altura de lo que esta categor\u00eda exige. No se trata solo de servir una [&hellip;]\" \/>\n<meta property=\"og:url\" content=\"https:\/\/citydesants.com\/ca\/cafe-de-especialidad\/\" \/>\n<meta property=\"og:site_name\" content=\"CITY DE SANTS\" \/>\n<meta property=\"article:modified_time\" content=\"2025-09-17T15:53:23+00:00\" \/>\n<meta property=\"og:image\" content=\"https:\/\/citydesants.com\/wp-content\/uploads\/2025\/05\/resta-img23.png\" \/>\n\t<meta property=\"og:image:width\" content=\"2040\" \/>\n\t<meta property=\"og:image:height\" content=\"78\" \/>\n\t<meta property=\"og:image:type\" content=\"image\/png\" \/>\n<meta name=\"twitter:card\" content=\"summary_large_image\" \/>\n<meta name=\"twitter:label1\" content=\"Temps estimat de lectura\" \/>\n\t<meta name=\"twitter:data1\" content=\"1 minut\" \/>\n<script type=\"application\/ld+json\" class=\"yoast-schema-graph\">{\"@context\":\"https:\/\/schema.org\",\"@graph\":[{\"@type\":\"WebPage\",\"@id\":\"https:\/\/citydesants.com\/cafe-de-especialidad\/\",\"url\":\"https:\/\/citydesants.com\/cafe-de-especialidad\/\",\"name\":\"Caf\u00e9 de especialidad - CITY DE SANTS\",\"isPartOf\":{\"@id\":\"https:\/\/citydesants.com\/#website\"},\"primaryImageOfPage\":{\"@id\":\"https:\/\/citydesants.com\/cafe-de-especialidad\/#primaryimage\"},\"image\":{\"@id\":\"https:\/\/citydesants.com\/cafe-de-especialidad\/#primaryimage\"},\"thumbnailUrl\":\"https:\/\/citydesants.com\/wp-content\/uploads\/2025\/05\/resta-img23.png\",\"datePublished\":\"2025-06-23T16:46:22+00:00\",\"dateModified\":\"2025-09-17T15:53:23+00:00\",\"breadcrumb\":{\"@id\":\"https:\/\/citydesants.com\/cafe-de-especialidad\/#breadcrumb\"},\"inLanguage\":\"ca\",\"potentialAction\":[{\"@type\":\"ReadAction\",\"target\":[\"https:\/\/citydesants.com\/cafe-de-especialidad\/\"]}]},{\"@type\":\"ImageObject\",\"inLanguage\":\"ca\",\"@id\":\"https:\/\/citydesants.com\/cafe-de-especialidad\/#primaryimage\",\"url\":\"https:\/\/citydesants.com\/wp-content\/uploads\/2025\/05\/resta-img23.png\",\"contentUrl\":\"https:\/\/citydesants.com\/wp-content\/uploads\/2025\/05\/resta-img23.png\"},{\"@type\":\"BreadcrumbList\",\"@id\":\"https:\/\/citydesants.com\/cafe-de-especialidad\/#breadcrumb\",\"itemListElement\":[{\"@type\":\"ListItem\",\"position\":1,\"name\":\"Portada\",\"item\":\"https:\/\/citydesants.com\/\"},{\"@type\":\"ListItem\",\"position\":2,\"name\":\"Caf\u00e9 de especialidad\"}]},{\"@type\":\"WebSite\",\"@id\":\"https:\/\/citydesants.com\/#website\",\"url\":\"https:\/\/citydesants.com\/\",\"name\":\"CITY DE SANTS\",\"description\":\"Bar restaurante deportivo en el barrio de Sants\",\"publisher\":{\"@id\":\"https:\/\/citydesants.com\/#organization\"},\"potentialAction\":[{\"@type\":\"SearchAction\",\"target\":{\"@type\":\"EntryPoint\",\"urlTemplate\":\"https:\/\/citydesants.com\/?s={search_term_string}\"},\"query-input\":{\"@type\":\"PropertyValueSpecification\",\"valueRequired\":true,\"valueName\":\"search_term_string\"}}],\"inLanguage\":\"ca\"},{\"@type\":\"Organization\",\"@id\":\"https:\/\/citydesants.com\/#organization\",\"name\":\"CITY DE SANTS\",\"url\":\"https:\/\/citydesants.com\/\",\"logo\":{\"@type\":\"ImageObject\",\"inLanguage\":\"ca\",\"@id\":\"https:\/\/citydesants.com\/#\/schema\/logo\/image\/\",\"url\":\"https:\/\/citydesants.com\/wp-content\/uploads\/2025\/05\/Logo-horizontal-5.webp\",\"contentUrl\":\"https:\/\/citydesants.com\/wp-content\/uploads\/2025\/05\/Logo-horizontal-5.webp\",\"width\":326,\"height\":125,\"caption\":\"CITY DE SANTS\"},\"image\":{\"@id\":\"https:\/\/citydesants.com\/#\/schema\/logo\/image\/\"}}]}<\/script>\n<!-- \/ Yoast SEO plugin. -->","yoast_head_json":{"title":"Caf\u00e9 de especialidad - CITY DE SANTS","robots":{"index":"index","follow":"follow","max-snippet":"max-snippet:-1","max-image-preview":"max-image-preview:large","max-video-preview":"max-video-preview:-1"},"canonical":"https:\/\/citydesants.com\/ca\/cafe-de-especialidad\/","og_locale":"ca_ES","og_type":"article","og_title":"Caf\u00e9 de especialidad - CITY DE SANTS","og_description":"Caf\u00e9 de especialidad en Barcelona: descubre por qu\u00e9 elegir City de Sants es un acierto Encontrar un buen caf\u00e9 de especialidad en Barcelona puede parecer sencillo, pero los verdaderos amantes del caf\u00e9 saben que no todos los lugares est\u00e1n a la altura de lo que esta categor\u00eda exige. No se trata solo de servir una [&hellip;]","og_url":"https:\/\/citydesants.com\/ca\/cafe-de-especialidad\/","og_site_name":"CITY DE SANTS","article_modified_time":"2025-09-17T15:53:23+00:00","og_image":[{"width":2040,"height":78,"url":"https:\/\/citydesants.com\/wp-content\/uploads\/2025\/05\/resta-img23.png","type":"image\/png"}],"twitter_card":"summary_large_image","twitter_misc":{"Temps estimat de lectura":"1 minut"},"schema":{"@context":"https:\/\/schema.org","@graph":[{"@type":"WebPage","@id":"https:\/\/citydesants.com\/cafe-de-especialidad\/","url":"https:\/\/citydesants.com\/cafe-de-especialidad\/","name":"Caf\u00e9 de especialidad - CITY DE SANTS","isPartOf":{"@id":"https:\/\/citydesants.com\/#website"},"primaryImageOfPage":{"@id":"https:\/\/citydesants.com\/cafe-de-especialidad\/#primaryimage"},"image":{"@id":"https:\/\/citydesants.com\/cafe-de-especialidad\/#primaryimage"},"thumbnailUrl":"https:\/\/citydesants.com\/wp-content\/uploads\/2025\/05\/resta-img23.png","datePublished":"2025-06-23T16:46:22+00:00","dateModified":"2025-09-17T15:53:23+00:00","breadcrumb":{"@id":"https:\/\/citydesants.com\/cafe-de-especialidad\/#breadcrumb"},"inLanguage":"ca","potentialAction":[{"@type":"ReadAction","target":["https:\/\/citydesants.com\/cafe-de-especialidad\/"]}]},{"@type":"ImageObject","inLanguage":"ca","@id":"https:\/\/citydesants.com\/cafe-de-especialidad\/#primaryimage","url":"https:\/\/citydesants.com\/wp-content\/uploads\/2025\/05\/resta-img23.png","contentUrl":"https:\/\/citydesants.com\/wp-content\/uploads\/2025\/05\/resta-img23.png"},{"@type":"BreadcrumbList","@id":"https:\/\/citydesants.com\/cafe-de-especialidad\/#breadcrumb","itemListElement":[{"@type":"ListItem","position":1,"name":"Portada","item":"https:\/\/citydesants.com\/"},{"@type":"ListItem","position":2,"name":"Caf\u00e9 de especialidad"}]},{"@type":"WebSite","@id":"https:\/\/citydesants.com\/#website","url":"https:\/\/citydesants.com\/","name":"CITY DE SANTS","description":"Bar restaurant esportiu al barri de Sants","publisher":{"@id":"https:\/\/citydesants.com\/#organization"},"potentialAction":[{"@type":"SearchAction","target":{"@type":"EntryPoint","urlTemplate":"https:\/\/citydesants.com\/?s={search_term_string}"},"query-input":{"@type":"PropertyValueSpecification","valueRequired":true,"valueName":"search_term_string"}}],"inLanguage":"ca"},{"@type":"Organization","@id":"https:\/\/citydesants.com\/#organization","name":"CITY DE SANTS","url":"https:\/\/citydesants.com\/","logo":{"@type":"ImageObject","inLanguage":"ca","@id":"https:\/\/citydesants.com\/#\/schema\/logo\/image\/","url":"https:\/\/citydesants.com\/wp-content\/uploads\/2025\/05\/Logo-horizontal-5.webp","contentUrl":"https:\/\/citydesants.com\/wp-content\/uploads\/2025\/05\/Logo-horizontal-5.webp","width":326,"height":125,"caption":"CITY DE SANTS"},"image":{"@id":"https:\/\/citydesants.com\/#\/schema\/logo\/image\/"}}]}},"_links":{"self":[{"href":"https:\/\/citydesants.com\/ca\/wp-json\/wp\/v2\/pages\/1704","targetHints":{"allow":["GET"]}}],"collection":[{"href":"https:\/\/citydesants.com\/ca\/wp-json\/wp\/v2\/pages"}],"about":[{"href":"https:\/\/citydesants.com\/ca\/wp-json\/wp\/v2\/types\/page"}],"author":[{"embeddable":true,"href":"https:\/\/citydesants.com\/ca\/wp-json\/wp\/v2\/users\/1"}],"replies":[{"embeddable":true,"href":"https:\/\/citydesants.com\/ca\/wp-json\/wp\/v2\/comments?post=1704"}],"version-history":[{"count":5,"href":"https:\/\/citydesants.com\/ca\/wp-json\/wp\/v2\/pages\/1704\/revisions"}],"predecessor-version":[{"id":1855,"href":"https:\/\/citydesants.com\/ca\/wp-json\/wp\/v2\/pages\/1704\/revisions\/1855"}],"wp:attachment":[{"href":"https:\/\/citydesants.com\/ca\/wp-json\/wp\/v2\/media?parent=1704"}],"curies":[{"name":"wp","href":"https:\/\/api.w.org\/{rel}","templated":true}]}}